{"id":3605,"date":"2025-11-05T13:06:20","date_gmt":"2025-11-05T16:06:20","guid":{"rendered":"http:\/\/72.62.59.76\/?post_type=product&#038;p=3605"},"modified":"2026-01-27T13:19:20","modified_gmt":"2026-01-27T16:19:20","slug":"obra-prima-09-mesa-de-centro","status":"publish","type":"product","link":"https:\/\/fuschini.com\/pt\/produto\/obra-prima-09-mesa-de-centro\/","title":{"rendered":"Mesa de centro Obra Prima 09"},"content":{"rendered":"<p><span style=\"font-weight: 400;\">Desenhada pelo Estudio Obra Prima, esta mesa de centro nasce de tr\u00eas pe\u00e7as que se procuram e se completam.<br \/>\n<\/span><span style=\"font-weight: 400;\">Juntas ou separadas, acompanham o ritmo da casa, mudando de lugar quando a vida assim o pede.<br \/>\n<\/span><span style=\"font-weight: 400;\">As superficies suaves em pedra pousam com leveza sobre bases firmes em madeira, encontrando um equil\u00edbrio de composi\u00e7\u00e3o e materialidade.<\/span><\/p>","protected":false},"excerpt":{"rendered":"<p><span style=\"font-weight: 400;\">Desenhada pelo Estudio Obra Prima, esta mesa de centro nasce de tr\u00eas pe\u00e7as que se procuram e se completam.<br \/>\n<\/span><span style=\"font-weight: 400;\">Juntas ou separadas, acompanham o ritmo da casa, mudando de lugar quando a vida assim o pede.<br \/>\n<\/span><span style=\"font-weight: 400;\">As superficies suaves em pedra pousam com leveza sobre bases firmes em madeira, encontrando um equil\u00edbrio de composi\u00e7\u00e3o e materialidade.<\/span><\/p>","protected":false},"featured_media":3607,"template":"","meta":[],"product_brand":[],"product_cat":[22,32],"product_tag":[],"designed-by":[159],"class_list":{"0":"post-3605","1":"product","2":"type-product","3":"status-publish","4":"has-post-thumbnail","6":"product_cat-all","7":"product_cat-coffee-tables","8":"designed-by-estudio-obra-prima","10":"first","11":"instock","12":"taxable","13":"shipping-taxable","14":"purchasable","15":"product-type-variable"},"yoast_head":"<!-- This site is optimized with the Yoast SEO plugin v25.3.1 - https:\/\/yoast.com\/wordpress\/plugins\/seo\/ -->\n<title>Obra Prima 09 Coffee Table | Fuschini<\/title>\n<meta name=\"description\" content=\"Designed by Estudio Obra Prima, this coffee table emerges from three pieces that seek and complete one another. Together or apart, they follow the rhythm of the home, shifting as life unfolds. Soft stone surfaces rest lightly on solid wooden bases, finding balance in both composition and materiality.\" \/>\n<meta name=\"robots\" content=\"index, follow, max-snippet:-1, max-image-preview:large, max-video-preview:-1\" \/>\n<link rel=\"canonical\" href=\"https:\/\/fuschini.com\/pt\/produto\/obra-prima-09-mesa-de-centro\/\" \/>\n<meta property=\"og:locale\" content=\"pt_PT\" \/>\n<meta property=\"og:type\" content=\"article\" \/>\n<meta property=\"og:title\" content=\"Obra Prima 09 Coffee Table | Fuschini\" \/>\n<meta property=\"og:description\" content=\"Designed by Estudio Obra Prima, this coffee table emerges from three pieces that seek and complete one another. Together or apart, they follow the rhythm of the home, shifting as life unfolds. Soft stone surfaces rest lightly on solid wooden bases, finding balance in both composition and materiality.\" \/>\n<meta property=\"og:url\" content=\"https:\/\/fuschini.com\/pt\/produto\/obra-prima-09-mesa-de-centro\/\" \/>\n<meta property=\"og:site_name\" content=\"Fuschini\" \/>\n<meta property=\"article:modified_time\" content=\"2026-01-27T16:19:20+00:00\" \/>\n<meta property=\"og:image\" content=\"https:\/\/fuschini.com\/wp-content\/uploads\/2025\/11\/travertine-coffee-table-scaled.jpg\" \/>\n\t<meta property=\"og:image:width\" content=\"914\" \/>\n\t<meta property=\"og:image:height\" content=\"1300\" \/>\n\t<meta property=\"og:image:type\" content=\"image\/jpeg\" \/>\n<meta name=\"twitter:card\" content=\"summary_large_image\" \/>\n<meta name=\"twitter:label1\" content=\"Tempo estimado de leitura\" \/>\n\t<meta name=\"twitter:data1\" content=\"1 minuto\" \/>\n<script type=\"application\/ld+json\" class=\"yoast-schema-graph\">{\"@context\":\"https:\/\/schema.org\",\"@graph\":[{\"@type\":\"WebPage\",\"@id\":\"https:\/\/fuschini.com\/product\/obra-prima-09-coffee-table\/\",\"url\":\"https:\/\/fuschini.com\/product\/obra-prima-09-coffee-table\/\",\"name\":\"Obra Prima 09 Coffee Table | Fuschini\",\"isPartOf\":{\"@id\":\"https:\/\/fuschini.com\/#website\"},\"primaryImageOfPage\":{\"@id\":\"https:\/\/fuschini.com\/product\/obra-prima-09-coffee-table\/#primaryimage\"},\"image\":{\"@id\":\"https:\/\/fuschini.com\/product\/obra-prima-09-coffee-table\/#primaryimage\"},\"thumbnailUrl\":\"https:\/\/fuschini.com\/wp-content\/uploads\/2025\/11\/travertine-coffee-table-scaled.jpg\",\"datePublished\":\"2025-11-05T16:06:20+00:00\",\"dateModified\":\"2026-01-27T16:19:20+00:00\",\"description\":\"Designed by Estudio Obra Prima, this coffee table emerges from three pieces that seek and complete one another. Together or apart, they follow the rhythm of the home, shifting as life unfolds. Soft stone surfaces rest lightly on solid wooden bases, finding balance in both composition and materiality.\",\"breadcrumb\":{\"@id\":\"https:\/\/fuschini.com\/product\/obra-prima-09-coffee-table\/#breadcrumb\"},\"inLanguage\":\"pt-PT\",\"potentialAction\":[{\"@type\":\"ReadAction\",\"target\":[\"https:\/\/fuschini.com\/product\/obra-prima-09-coffee-table\/\"]}]},{\"@type\":\"ImageObject\",\"inLanguage\":\"pt-PT\",\"@id\":\"https:\/\/fuschini.com\/product\/obra-prima-09-coffee-table\/#primaryimage\",\"url\":\"https:\/\/fuschini.com\/wp-content\/uploads\/2025\/11\/travertine-coffee-table-scaled.jpg\",\"contentUrl\":\"https:\/\/fuschini.com\/wp-content\/uploads\/2025\/11\/travertine-coffee-table-scaled.jpg\",\"width\":914,\"height\":1300},{\"@type\":\"BreadcrumbList\",\"@id\":\"https:\/\/fuschini.com\/product\/obra-prima-09-coffee-table\/#breadcrumb\",\"itemListElement\":[{\"@type\":\"ListItem\",\"position\":1,\"name\":\"Home\",\"item\":\"https:\/\/fuschini.com\/\"},{\"@type\":\"ListItem\",\"position\":2,\"name\":\"Loja\",\"item\":\"https:\/\/fuschini.com\/pt\/loja\/\"},{\"@type\":\"ListItem\",\"position\":3,\"name\":\"Obra Prima 09 Coffee Table\"}]},{\"@type\":\"WebSite\",\"@id\":\"https:\/\/fuschini.com\/#website\",\"url\":\"https:\/\/fuschini.com\/\",\"name\":\"Fuschini\",\"description\":\"\",\"potentialAction\":[{\"@type\":\"SearchAction\",\"target\":{\"@type\":\"EntryPoint\",\"urlTemplate\":\"https:\/\/fuschini.com\/?s={search_term_string}\"},\"query-input\":{\"@type\":\"PropertyValueSpecification\",\"valueRequired\":true,\"valueName\":\"search_term_string\"}}],\"inLanguage\":\"pt-PT\"}]}<\/script>\n<!-- \/ Yoast SEO plugin. -->","yoast_head_json":{"title":"Obra Prima 09 Coffee Table | Fuschini","description":"Designed by Estudio Obra Prima, this coffee table emerges from three pieces that seek and complete one another. Together or apart, they follow the rhythm of the home, shifting as life unfolds. Soft stone surfaces rest lightly on solid wooden bases, finding balance in both composition and materiality.","robots":{"index":"index","follow":"follow","max-snippet":"max-snippet:-1","max-image-preview":"max-image-preview:large","max-video-preview":"max-video-preview:-1"},"canonical":"https:\/\/fuschini.com\/pt\/produto\/obra-prima-09-mesa-de-centro\/","og_locale":"pt_PT","og_type":"article","og_title":"Obra Prima 09 Coffee Table | Fuschini","og_description":"Designed by Estudio Obra Prima, this coffee table emerges from three pieces that seek and complete one another. Together or apart, they follow the rhythm of the home, shifting as life unfolds. Soft stone surfaces rest lightly on solid wooden bases, finding balance in both composition and materiality.","og_url":"https:\/\/fuschini.com\/pt\/produto\/obra-prima-09-mesa-de-centro\/","og_site_name":"Fuschini","article_modified_time":"2026-01-27T16:19:20+00:00","og_image":[{"width":914,"height":1300,"url":"https:\/\/fuschini.com\/wp-content\/uploads\/2025\/11\/travertine-coffee-table-scaled.jpg","type":"image\/jpeg"}],"twitter_card":"summary_large_image","twitter_misc":{"Tempo estimado de leitura":"1 minuto"},"schema":{"@context":"https:\/\/schema.org","@graph":[{"@type":"WebPage","@id":"https:\/\/fuschini.com\/product\/obra-prima-09-coffee-table\/","url":"https:\/\/fuschini.com\/product\/obra-prima-09-coffee-table\/","name":"Obra Prima 09 Coffee Table | Fuschini","isPartOf":{"@id":"https:\/\/fuschini.com\/#website"},"primaryImageOfPage":{"@id":"https:\/\/fuschini.com\/product\/obra-prima-09-coffee-table\/#primaryimage"},"image":{"@id":"https:\/\/fuschini.com\/product\/obra-prima-09-coffee-table\/#primaryimage"},"thumbnailUrl":"https:\/\/fuschini.com\/wp-content\/uploads\/2025\/11\/travertine-coffee-table-scaled.jpg","datePublished":"2025-11-05T16:06:20+00:00","dateModified":"2026-01-27T16:19:20+00:00","description":"Designed by Estudio Obra Prima, this coffee table emerges from three pieces that seek and complete one another. Together or apart, they follow the rhythm of the home, shifting as life unfolds. Soft stone surfaces rest lightly on solid wooden bases, finding balance in both composition and materiality.","breadcrumb":{"@id":"https:\/\/fuschini.com\/product\/obra-prima-09-coffee-table\/#breadcrumb"},"inLanguage":"pt-PT","potentialAction":[{"@type":"ReadAction","target":["https:\/\/fuschini.com\/product\/obra-prima-09-coffee-table\/"]}]},{"@type":"ImageObject","inLanguage":"pt-PT","@id":"https:\/\/fuschini.com\/product\/obra-prima-09-coffee-table\/#primaryimage","url":"https:\/\/fuschini.com\/wp-content\/uploads\/2025\/11\/travertine-coffee-table-scaled.jpg","contentUrl":"https:\/\/fuschini.com\/wp-content\/uploads\/2025\/11\/travertine-coffee-table-scaled.jpg","width":914,"height":1300},{"@type":"BreadcrumbList","@id":"https:\/\/fuschini.com\/product\/obra-prima-09-coffee-table\/#breadcrumb","itemListElement":[{"@type":"ListItem","position":1,"name":"Home","item":"https:\/\/fuschini.com\/"},{"@type":"ListItem","position":2,"name":"Loja","item":"https:\/\/fuschini.com\/pt\/loja\/"},{"@type":"ListItem","position":3,"name":"Obra Prima 09 Coffee Table"}]},{"@type":"WebSite","@id":"https:\/\/fuschini.com\/#website","url":"https:\/\/fuschini.com\/","name":"Fuschini","description":"","potentialAction":[{"@type":"SearchAction","target":{"@type":"EntryPoint","urlTemplate":"https:\/\/fuschini.com\/?s={search_term_string}"},"query-input":{"@type":"PropertyValueSpecification","valueRequired":true,"valueName":"search_term_string"}}],"inLanguage":"pt-PT"}]}},"_links":{"self":[{"href":"https:\/\/fuschini.com\/pt\/wp-json\/wp\/v2\/product\/3605","targetHints":{"allow":["GET"]}}],"collection":[{"href":"https:\/\/fuschini.com\/pt\/wp-json\/wp\/v2\/product"}],"about":[{"href":"https:\/\/fuschini.com\/pt\/wp-json\/wp\/v2\/types\/product"}],"wp:featuredmedia":[{"embeddable":true,"href":"https:\/\/fuschini.com\/pt\/wp-json\/wp\/v2\/media\/3607"}],"wp:attachment":[{"href":"https:\/\/fuschini.com\/pt\/wp-json\/wp\/v2\/media?parent=3605"}],"wp:term":[{"taxonomy":"product_brand","embeddable":true,"href":"https:\/\/fuschini.com\/pt\/wp-json\/wp\/v2\/product_brand?post=3605"},{"taxonomy":"product_cat","embeddable":true,"href":"https:\/\/fuschini.com\/pt\/wp-json\/wp\/v2\/product_cat?post=3605"},{"taxonomy":"product_tag","embeddable":true,"href":"https:\/\/fuschini.com\/pt\/wp-json\/wp\/v2\/product_tag?post=3605"},{"taxonomy":"designed-by","embeddable":true,"href":"https:\/\/fuschini.com\/pt\/wp-json\/wp\/v2\/designed-by?post=3605"}],"curies":[{"name":"wp","href":"https:\/\/api.w.org\/{rel}","templated":true}]}}