{"id":3600,"date":"2025-11-05T07:18:08","date_gmt":"2025-11-05T10:18:08","guid":{"rendered":"http:\/\/72.62.59.76\/?post_type=product&#038;p=3600"},"modified":"2026-02-26T08:04:56","modified_gmt":"2026-02-26T11:04:56","slug":"obra-prima-03-cabide","status":"publish","type":"product","link":"https:\/\/fuschini.com\/pt\/produto\/obra-prima-03-cabide\/","title":{"rendered":"Cabide Obra Prima 03"},"content":{"rendered":"<p>Desenhado pelo Estudio Obra Prima, este cabide assume a fun\u00e7\u00e3o sem procurar aten\u00e7\u00e3o.<br data-start=\"295\" data-end=\"298\" \/>Recebe o casaco \u00e0 chegada e devolve \u00e0 casa a sensa\u00e7\u00e3o de ordem e pausa.<br data-start=\"380\" data-end=\"383\" \/>Simples, preciso e silencioso, integra-se na parede com naturalidade, onde a forma acompanha a utilidade\u00a0com\u00a0discri\u00e7\u00e3o.<\/p>","protected":false},"excerpt":{"rendered":"<p>Desenhado pelo Estudio Obra Prima, este cabide assume a fun\u00e7\u00e3o sem procurar aten\u00e7\u00e3o.<br data-start=\"295\" data-end=\"298\" \/>Recebe o casaco \u00e0 chegada e devolve \u00e0 casa a sensa\u00e7\u00e3o de ordem e pausa.<br data-start=\"380\" data-end=\"383\" \/>Simples, preciso e silencioso, integra-se na parede com naturalidade, onde a forma acompanha a utilidade\u00a0com\u00a0discri\u00e7\u00e3o.<\/p>","protected":false},"featured_media":3602,"template":"","meta":[],"product_brand":[],"product_cat":[22,18],"product_tag":[],"designed-by":[159],"class_list":{"0":"post-3600","1":"product","2":"type-product","3":"status-publish","4":"has-post-thumbnail","6":"product_cat-all","7":"product_cat-sem-categoria","8":"designed-by-estudio-obra-prima","10":"first","11":"instock","12":"taxable","13":"shipping-taxable","14":"purchasable","15":"product-type-variable"},"yoast_head":"<!-- This site is optimized with the Yoast SEO plugin v25.3.1 - https:\/\/yoast.com\/wordpress\/plugins\/seo\/ -->\n<title>Obra Prima 03 Hanger | Fuschini<\/title>\n<meta name=\"description\" content=\"Designed by Estudio Obra Prima, this wall hanger embraces its function without seeking attention.It receives a coat upon arrival and returns to the home a sense of order and calm.Simple, precise and quiet, it blends naturally into the wall, where form follows purpose with subtle grace.\" \/>\n<meta name=\"robots\" content=\"index, follow, max-snippet:-1, max-image-preview:large, max-video-preview:-1\" \/>\n<link rel=\"canonical\" href=\"https:\/\/fuschini.com\/pt\/produto\/obra-prima-03-cabide\/\" \/>\n<meta property=\"og:locale\" content=\"pt_PT\" \/>\n<meta property=\"og:type\" content=\"article\" \/>\n<meta property=\"og:title\" content=\"Obra Prima 03 Hanger | Fuschini\" \/>\n<meta property=\"og:description\" content=\"Designed by Estudio Obra Prima, this wall hanger embraces its function without seeking attention.It receives a coat upon arrival and returns to the home a sense of order and calm.Simple, precise and quiet, it blends naturally into the wall, where form follows purpose with subtle grace.\" \/>\n<meta property=\"og:url\" content=\"https:\/\/fuschini.com\/pt\/produto\/obra-prima-03-cabide\/\" \/>\n<meta property=\"og:site_name\" content=\"Fuschini\" \/>\n<meta property=\"article:modified_time\" content=\"2026-02-26T11:04:56+00:00\" \/>\n<meta property=\"og:image\" content=\"https:\/\/fuschini.com\/wp-content\/uploads\/2025\/11\/Hanger-2-scaled.jpg\" \/>\n\t<meta property=\"og:image:width\" content=\"914\" \/>\n\t<meta property=\"og:image:height\" content=\"1300\" \/>\n\t<meta property=\"og:image:type\" content=\"image\/jpeg\" \/>\n<meta name=\"twitter:card\" content=\"summary_large_image\" \/>\n<meta name=\"twitter:label1\" content=\"Tempo estimado de leitura\" \/>\n\t<meta name=\"twitter:data1\" content=\"1 minuto\" \/>\n<script type=\"application\/ld+json\" class=\"yoast-schema-graph\">{\"@context\":\"https:\/\/schema.org\",\"@graph\":[{\"@type\":\"WebPage\",\"@id\":\"https:\/\/fuschini.com\/product\/obra-prima-03-hanger\/\",\"url\":\"https:\/\/fuschini.com\/product\/obra-prima-03-hanger\/\",\"name\":\"Obra Prima 03 Hanger | Fuschini\",\"isPartOf\":{\"@id\":\"https:\/\/fuschini.com\/#website\"},\"primaryImageOfPage\":{\"@id\":\"https:\/\/fuschini.com\/product\/obra-prima-03-hanger\/#primaryimage\"},\"image\":{\"@id\":\"https:\/\/fuschini.com\/product\/obra-prima-03-hanger\/#primaryimage\"},\"thumbnailUrl\":\"https:\/\/fuschini.com\/wp-content\/uploads\/2025\/11\/Hanger-2-scaled.jpg\",\"datePublished\":\"2025-11-05T10:18:08+00:00\",\"dateModified\":\"2026-02-26T11:04:56+00:00\",\"description\":\"Designed by Estudio Obra Prima, this wall hanger embraces its function without seeking attention.It receives a coat upon arrival and returns to the home a sense of order and calm.Simple, precise and quiet, it blends naturally into the wall, where form follows purpose with subtle grace.\",\"breadcrumb\":{\"@id\":\"https:\/\/fuschini.com\/product\/obra-prima-03-hanger\/#breadcrumb\"},\"inLanguage\":\"pt-PT\",\"potentialAction\":[{\"@type\":\"ReadAction\",\"target\":[\"https:\/\/fuschini.com\/product\/obra-prima-03-hanger\/\"]}]},{\"@type\":\"ImageObject\",\"inLanguage\":\"pt-PT\",\"@id\":\"https:\/\/fuschini.com\/product\/obra-prima-03-hanger\/#primaryimage\",\"url\":\"https:\/\/fuschini.com\/wp-content\/uploads\/2025\/11\/Hanger-2-scaled.jpg\",\"contentUrl\":\"https:\/\/fuschini.com\/wp-content\/uploads\/2025\/11\/Hanger-2-scaled.jpg\",\"width\":914,\"height\":1300},{\"@type\":\"BreadcrumbList\",\"@id\":\"https:\/\/fuschini.com\/product\/obra-prima-03-hanger\/#breadcrumb\",\"itemListElement\":[{\"@type\":\"ListItem\",\"position\":1,\"name\":\"Home\",\"item\":\"https:\/\/fuschini.com\/\"},{\"@type\":\"ListItem\",\"position\":2,\"name\":\"Loja\",\"item\":\"https:\/\/fuschini.com\/pt\/loja\/\"},{\"@type\":\"ListItem\",\"position\":3,\"name\":\"Obra Prima 03 Hanger\"}]},{\"@type\":\"WebSite\",\"@id\":\"https:\/\/fuschini.com\/#website\",\"url\":\"https:\/\/fuschini.com\/\",\"name\":\"Fuschini\",\"description\":\"\",\"potentialAction\":[{\"@type\":\"SearchAction\",\"target\":{\"@type\":\"EntryPoint\",\"urlTemplate\":\"https:\/\/fuschini.com\/?s={search_term_string}\"},\"query-input\":{\"@type\":\"PropertyValueSpecification\",\"valueRequired\":true,\"valueName\":\"search_term_string\"}}],\"inLanguage\":\"pt-PT\"}]}<\/script>\n<!-- \/ Yoast SEO plugin. -->","yoast_head_json":{"title":"Obra Prima 03 Hanger | Fuschini","description":"Designed by Estudio Obra Prima, this wall hanger embraces its function without seeking attention.It receives a coat upon arrival and returns to the home a sense of order and calm.Simple, precise and quiet, it blends naturally into the wall, where form follows purpose with subtle grace.","robots":{"index":"index","follow":"follow","max-snippet":"max-snippet:-1","max-image-preview":"max-image-preview:large","max-video-preview":"max-video-preview:-1"},"canonical":"https:\/\/fuschini.com\/pt\/produto\/obra-prima-03-cabide\/","og_locale":"pt_PT","og_type":"article","og_title":"Obra Prima 03 Hanger | Fuschini","og_description":"Designed by Estudio Obra Prima, this wall hanger embraces its function without seeking attention.It receives a coat upon arrival and returns to the home a sense of order and calm.Simple, precise and quiet, it blends naturally into the wall, where form follows purpose with subtle grace.","og_url":"https:\/\/fuschini.com\/pt\/produto\/obra-prima-03-cabide\/","og_site_name":"Fuschini","article_modified_time":"2026-02-26T11:04:56+00:00","og_image":[{"width":914,"height":1300,"url":"https:\/\/fuschini.com\/wp-content\/uploads\/2025\/11\/Hanger-2-scaled.jpg","type":"image\/jpeg"}],"twitter_card":"summary_large_image","twitter_misc":{"Tempo estimado de leitura":"1 minuto"},"schema":{"@context":"https:\/\/schema.org","@graph":[{"@type":"WebPage","@id":"https:\/\/fuschini.com\/product\/obra-prima-03-hanger\/","url":"https:\/\/fuschini.com\/product\/obra-prima-03-hanger\/","name":"Obra Prima 03 Hanger | Fuschini","isPartOf":{"@id":"https:\/\/fuschini.com\/#website"},"primaryImageOfPage":{"@id":"https:\/\/fuschini.com\/product\/obra-prima-03-hanger\/#primaryimage"},"image":{"@id":"https:\/\/fuschini.com\/product\/obra-prima-03-hanger\/#primaryimage"},"thumbnailUrl":"https:\/\/fuschini.com\/wp-content\/uploads\/2025\/11\/Hanger-2-scaled.jpg","datePublished":"2025-11-05T10:18:08+00:00","dateModified":"2026-02-26T11:04:56+00:00","description":"Designed by Estudio Obra Prima, this wall hanger embraces its function without seeking attention.It receives a coat upon arrival and returns to the home a sense of order and calm.Simple, precise and quiet, it blends naturally into the wall, where form follows purpose with subtle grace.","breadcrumb":{"@id":"https:\/\/fuschini.com\/product\/obra-prima-03-hanger\/#breadcrumb"},"inLanguage":"pt-PT","potentialAction":[{"@type":"ReadAction","target":["https:\/\/fuschini.com\/product\/obra-prima-03-hanger\/"]}]},{"@type":"ImageObject","inLanguage":"pt-PT","@id":"https:\/\/fuschini.com\/product\/obra-prima-03-hanger\/#primaryimage","url":"https:\/\/fuschini.com\/wp-content\/uploads\/2025\/11\/Hanger-2-scaled.jpg","contentUrl":"https:\/\/fuschini.com\/wp-content\/uploads\/2025\/11\/Hanger-2-scaled.jpg","width":914,"height":1300},{"@type":"BreadcrumbList","@id":"https:\/\/fuschini.com\/product\/obra-prima-03-hanger\/#breadcrumb","itemListElement":[{"@type":"ListItem","position":1,"name":"Home","item":"https:\/\/fuschini.com\/"},{"@type":"ListItem","position":2,"name":"Loja","item":"https:\/\/fuschini.com\/pt\/loja\/"},{"@type":"ListItem","position":3,"name":"Obra Prima 03 Hanger"}]},{"@type":"WebSite","@id":"https:\/\/fuschini.com\/#website","url":"https:\/\/fuschini.com\/","name":"Fuschini","description":"","potentialAction":[{"@type":"SearchAction","target":{"@type":"EntryPoint","urlTemplate":"https:\/\/fuschini.com\/?s={search_term_string}"},"query-input":{"@type":"PropertyValueSpecification","valueRequired":true,"valueName":"search_term_string"}}],"inLanguage":"pt-PT"}]}},"_links":{"self":[{"href":"https:\/\/fuschini.com\/pt\/wp-json\/wp\/v2\/product\/3600","targetHints":{"allow":["GET"]}}],"collection":[{"href":"https:\/\/fuschini.com\/pt\/wp-json\/wp\/v2\/product"}],"about":[{"href":"https:\/\/fuschini.com\/pt\/wp-json\/wp\/v2\/types\/product"}],"wp:featuredmedia":[{"embeddable":true,"href":"https:\/\/fuschini.com\/pt\/wp-json\/wp\/v2\/media\/3602"}],"wp:attachment":[{"href":"https:\/\/fuschini.com\/pt\/wp-json\/wp\/v2\/media?parent=3600"}],"wp:term":[{"taxonomy":"product_brand","embeddable":true,"href":"https:\/\/fuschini.com\/pt\/wp-json\/wp\/v2\/product_brand?post=3600"},{"taxonomy":"product_cat","embeddable":true,"href":"https:\/\/fuschini.com\/pt\/wp-json\/wp\/v2\/product_cat?post=3600"},{"taxonomy":"product_tag","embeddable":true,"href":"https:\/\/fuschini.com\/pt\/wp-json\/wp\/v2\/product_tag?post=3600"},{"taxonomy":"designed-by","embeddable":true,"href":"https:\/\/fuschini.com\/pt\/wp-json\/wp\/v2\/designed-by?post=3600"}],"curies":[{"name":"wp","href":"https:\/\/api.w.org\/{rel}","templated":true}]}}