{"id":278,"date":"2025-02-25T23:40:47","date_gmt":"2025-02-26T02:40:47","guid":{"rendered":"http:\/\/72.62.59.76\/?post_type=product&#038;p=278"},"modified":"2026-02-07T10:01:48","modified_gmt":"2026-02-07T13:01:48","slug":"cadeira-pedro","status":"publish","type":"product","link":"https:\/\/fuschini.com\/pt\/produto\/cadeira-pedro\/","title":{"rendered":"Cadeira Pedro"},"content":{"rendered":"<p>Dizem que n\u00e3o h\u00e1 amor como o primeiro. Talvez seja por isso que a nossa primeira cria\u00e7\u00e3o \u2014 batizada como o nome de um artista que admiramos \u2014 tenha nascido com tra\u00e7os t\u00e3o marcantes, capazes de resistir ao tempo com uma graciosidade inigual\u00e1vel.<\/p>","protected":false},"excerpt":{"rendered":"<p>Dizem que n\u00e3o h\u00e1 amor como o primeiro. Talvez seja por isso que a nossa primeira cria\u00e7\u00e3o \u2014 batizada como o nome de um artista que admiramos \u2014 tenha nascido com tra\u00e7os t\u00e3o marcantes, capazes de resistir ao tempo com uma graciosidade inigual\u00e1vel.<\/p>","protected":false},"featured_media":992,"template":"","meta":[],"product_brand":[],"product_cat":[28],"product_tag":[],"designed-by":[97],"class_list":{"0":"post-278","1":"product","2":"type-product","3":"status-publish","4":"has-post-thumbnail","6":"product_cat-chairs","7":"designed-by-vasco-lima-mayer","9":"first","10":"instock","11":"taxable","12":"shipping-taxable","13":"purchasable","14":"product-type-variable"},"yoast_head":"<!-- This site is optimized with the Yoast SEO plugin v25.3.1 - https:\/\/yoast.com\/wordpress\/plugins\/seo\/ -->\n<title>Pedro Chair | Fuschini<\/title>\n<meta name=\"description\" content=\"People say there is no passion like the first one. Our very first creation, named after an artist we so admire, never fails to enchant us with its\" \/>\n<meta name=\"robots\" content=\"index, follow, max-snippet:-1, max-image-preview:large, max-video-preview:-1\" \/>\n<link rel=\"canonical\" href=\"https:\/\/fuschini.com\/pt\/produto\/cadeira-pedro\/\" \/>\n<meta property=\"og:locale\" content=\"pt_PT\" \/>\n<meta property=\"og:type\" content=\"article\" \/>\n<meta property=\"og:title\" content=\"Pedro Chair | Fuschini\" \/>\n<meta property=\"og:description\" content=\"People say there is no passion like the first one. Our very first creation, named after an artist we so admire, never fails to enchant us with its\" \/>\n<meta property=\"og:url\" content=\"https:\/\/fuschini.com\/pt\/produto\/cadeira-pedro\/\" \/>\n<meta property=\"og:site_name\" content=\"Fuschini\" \/>\n<meta property=\"article:modified_time\" content=\"2026-02-07T13:01:48+00:00\" \/>\n<meta property=\"og:image\" content=\"https:\/\/fuschini.com\/wp-content\/uploads\/2025\/02\/WhatsApp-Image-2025-03-19-at-16.04.14.jpeg\" \/>\n\t<meta property=\"og:image:width\" content=\"914\" \/>\n\t<meta property=\"og:image:height\" content=\"1300\" \/>\n\t<meta property=\"og:image:type\" content=\"image\/jpeg\" \/>\n<meta name=\"twitter:card\" content=\"summary_large_image\" \/>\n<meta name=\"twitter:label1\" content=\"Tempo estimado de leitura\" \/>\n\t<meta name=\"twitter:data1\" content=\"1 minuto\" \/>\n<script type=\"application\/ld+json\" class=\"yoast-schema-graph\">{\"@context\":\"https:\/\/schema.org\",\"@graph\":[{\"@type\":\"WebPage\",\"@id\":\"https:\/\/fuschini.com\/product\/pedro-chair\/\",\"url\":\"https:\/\/fuschini.com\/product\/pedro-chair\/\",\"name\":\"Pedro Chair | Fuschini\",\"isPartOf\":{\"@id\":\"https:\/\/fuschini.com\/#website\"},\"primaryImageOfPage\":{\"@id\":\"https:\/\/fuschini.com\/product\/pedro-chair\/#primaryimage\"},\"image\":{\"@id\":\"https:\/\/fuschini.com\/product\/pedro-chair\/#primaryimage\"},\"thumbnailUrl\":\"https:\/\/fuschini.com\/wp-content\/uploads\/2025\/02\/WhatsApp-Image-2025-03-19-at-16.04.14.jpeg\",\"datePublished\":\"2025-02-26T02:40:47+00:00\",\"dateModified\":\"2026-02-07T13:01:48+00:00\",\"description\":\"People say there is no passion like the first one. Our very first creation, named after an artist we so admire, never fails to enchant us with its\",\"breadcrumb\":{\"@id\":\"https:\/\/fuschini.com\/product\/pedro-chair\/#breadcrumb\"},\"inLanguage\":\"pt-PT\",\"potentialAction\":[{\"@type\":\"ReadAction\",\"target\":[\"https:\/\/fuschini.com\/product\/pedro-chair\/\"]}]},{\"@type\":\"ImageObject\",\"inLanguage\":\"pt-PT\",\"@id\":\"https:\/\/fuschini.com\/product\/pedro-chair\/#primaryimage\",\"url\":\"https:\/\/fuschini.com\/wp-content\/uploads\/2025\/02\/WhatsApp-Image-2025-03-19-at-16.04.14.jpeg\",\"contentUrl\":\"https:\/\/fuschini.com\/wp-content\/uploads\/2025\/02\/WhatsApp-Image-2025-03-19-at-16.04.14.jpeg\",\"width\":914,\"height\":1300},{\"@type\":\"BreadcrumbList\",\"@id\":\"https:\/\/fuschini.com\/product\/pedro-chair\/#breadcrumb\",\"itemListElement\":[{\"@type\":\"ListItem\",\"position\":1,\"name\":\"Home\",\"item\":\"https:\/\/fuschini.com\/\"},{\"@type\":\"ListItem\",\"position\":2,\"name\":\"Loja\",\"item\":\"https:\/\/fuschini.com\/pt\/loja\/\"},{\"@type\":\"ListItem\",\"position\":3,\"name\":\"Pedro Chair\"}]},{\"@type\":\"WebSite\",\"@id\":\"https:\/\/fuschini.com\/#website\",\"url\":\"https:\/\/fuschini.com\/\",\"name\":\"Fuschini\",\"description\":\"\",\"potentialAction\":[{\"@type\":\"SearchAction\",\"target\":{\"@type\":\"EntryPoint\",\"urlTemplate\":\"https:\/\/fuschini.com\/?s={search_term_string}\"},\"query-input\":{\"@type\":\"PropertyValueSpecification\",\"valueRequired\":true,\"valueName\":\"search_term_string\"}}],\"inLanguage\":\"pt-PT\"}]}<\/script>\n<!-- \/ Yoast SEO plugin. -->","yoast_head_json":{"title":"Pedro Chair | Fuschini","description":"People say there is no passion like the first one. Our very first creation, named after an artist we so admire, never fails to enchant us with its","robots":{"index":"index","follow":"follow","max-snippet":"max-snippet:-1","max-image-preview":"max-image-preview:large","max-video-preview":"max-video-preview:-1"},"canonical":"https:\/\/fuschini.com\/pt\/produto\/cadeira-pedro\/","og_locale":"pt_PT","og_type":"article","og_title":"Pedro Chair | Fuschini","og_description":"People say there is no passion like the first one. Our very first creation, named after an artist we so admire, never fails to enchant us with its","og_url":"https:\/\/fuschini.com\/pt\/produto\/cadeira-pedro\/","og_site_name":"Fuschini","article_modified_time":"2026-02-07T13:01:48+00:00","og_image":[{"width":914,"height":1300,"url":"https:\/\/fuschini.com\/wp-content\/uploads\/2025\/02\/WhatsApp-Image-2025-03-19-at-16.04.14.jpeg","type":"image\/jpeg"}],"twitter_card":"summary_large_image","twitter_misc":{"Tempo estimado de leitura":"1 minuto"},"schema":{"@context":"https:\/\/schema.org","@graph":[{"@type":"WebPage","@id":"https:\/\/fuschini.com\/product\/pedro-chair\/","url":"https:\/\/fuschini.com\/product\/pedro-chair\/","name":"Pedro Chair | Fuschini","isPartOf":{"@id":"https:\/\/fuschini.com\/#website"},"primaryImageOfPage":{"@id":"https:\/\/fuschini.com\/product\/pedro-chair\/#primaryimage"},"image":{"@id":"https:\/\/fuschini.com\/product\/pedro-chair\/#primaryimage"},"thumbnailUrl":"https:\/\/fuschini.com\/wp-content\/uploads\/2025\/02\/WhatsApp-Image-2025-03-19-at-16.04.14.jpeg","datePublished":"2025-02-26T02:40:47+00:00","dateModified":"2026-02-07T13:01:48+00:00","description":"People say there is no passion like the first one. Our very first creation, named after an artist we so admire, never fails to enchant us with its","breadcrumb":{"@id":"https:\/\/fuschini.com\/product\/pedro-chair\/#breadcrumb"},"inLanguage":"pt-PT","potentialAction":[{"@type":"ReadAction","target":["https:\/\/fuschini.com\/product\/pedro-chair\/"]}]},{"@type":"ImageObject","inLanguage":"pt-PT","@id":"https:\/\/fuschini.com\/product\/pedro-chair\/#primaryimage","url":"https:\/\/fuschini.com\/wp-content\/uploads\/2025\/02\/WhatsApp-Image-2025-03-19-at-16.04.14.jpeg","contentUrl":"https:\/\/fuschini.com\/wp-content\/uploads\/2025\/02\/WhatsApp-Image-2025-03-19-at-16.04.14.jpeg","width":914,"height":1300},{"@type":"BreadcrumbList","@id":"https:\/\/fuschini.com\/product\/pedro-chair\/#breadcrumb","itemListElement":[{"@type":"ListItem","position":1,"name":"Home","item":"https:\/\/fuschini.com\/"},{"@type":"ListItem","position":2,"name":"Loja","item":"https:\/\/fuschini.com\/pt\/loja\/"},{"@type":"ListItem","position":3,"name":"Pedro Chair"}]},{"@type":"WebSite","@id":"https:\/\/fuschini.com\/#website","url":"https:\/\/fuschini.com\/","name":"Fuschini","description":"","potentialAction":[{"@type":"SearchAction","target":{"@type":"EntryPoint","urlTemplate":"https:\/\/fuschini.com\/?s={search_term_string}"},"query-input":{"@type":"PropertyValueSpecification","valueRequired":true,"valueName":"search_term_string"}}],"inLanguage":"pt-PT"}]}},"_links":{"self":[{"href":"https:\/\/fuschini.com\/pt\/wp-json\/wp\/v2\/product\/278","targetHints":{"allow":["GET"]}}],"collection":[{"href":"https:\/\/fuschini.com\/pt\/wp-json\/wp\/v2\/product"}],"about":[{"href":"https:\/\/fuschini.com\/pt\/wp-json\/wp\/v2\/types\/product"}],"wp:featuredmedia":[{"embeddable":true,"href":"https:\/\/fuschini.com\/pt\/wp-json\/wp\/v2\/media\/992"}],"wp:attachment":[{"href":"https:\/\/fuschini.com\/pt\/wp-json\/wp\/v2\/media?parent=278"}],"wp:term":[{"taxonomy":"product_brand","embeddable":true,"href":"https:\/\/fuschini.com\/pt\/wp-json\/wp\/v2\/product_brand?post=278"},{"taxonomy":"product_cat","embeddable":true,"href":"https:\/\/fuschini.com\/pt\/wp-json\/wp\/v2\/product_cat?post=278"},{"taxonomy":"product_tag","embeddable":true,"href":"https:\/\/fuschini.com\/pt\/wp-json\/wp\/v2\/product_tag?post=278"},{"taxonomy":"designed-by","embeddable":true,"href":"https:\/\/fuschini.com\/pt\/wp-json\/wp\/v2\/designed-by?post=278"}],"curies":[{"name":"wp","href":"https:\/\/api.w.org\/{rel}","templated":true}]}}