{"id":1975,"date":"2021-06-03T13:46:15","date_gmt":"2021-06-03T16:46:15","guid":{"rendered":"http:\/\/72.62.59.76\/?post_type=product&#038;p=1975"},"modified":"2025-11-10T13:30:52","modified_gmt":"2025-11-10T16:30:52","slug":"concecao-personalizada","status":"publish","type":"product","link":"https:\/\/fuschini.com\/pt\/produto\/concecao-personalizada\/","title":{"rendered":"MOBILI\u00c1RIO FEITO \u00c0 SUA  MEDIDA"},"content":{"rendered":"<p>Acreditamos na singularidade dos seres vivos e dos espa\u00e7os de vida. Se \u00e9 \u00fanico, a sua casa n\u00e3o deve seguir nenhuma outra regra sen\u00e3o a sua.<br \/>\nSe quiser criar a sua pr\u00f3pria casa, n\u00f3s estamos aqui para o fazer acontecer. O que v\u00ea \u00e9 o que vai receber: O nosso mobili\u00e1rio personalizado foi concebido para dar vida \u00e0 sua vis\u00e3o.<\/p>","protected":false},"excerpt":{"rendered":"<p>We believe in the uniqueness of living beings and living spaces. If you are one of a kind, your home should follow no rule but yours. If you want to make a home of your own, we are here to make it happen. What you see is what you\u2019ll get: Our custom-made furniture is designed [&hellip;]<\/p>","protected":false},"featured_media":1977,"template":"","meta":[],"product_brand":[],"product_cat":[22,23],"product_tag":[],"designed-by":[],"class_list":{"0":"post-1975","1":"product","2":"type-product","3":"status-publish","4":"has-post-thumbnail","6":"product_cat-all","7":"product_cat-custom-design","9":"first","10":"instock","11":"virtual","12":"taxable","13":"product-type-simple"},"yoast_head":"<!-- This site is optimized with the Yoast SEO plugin v25.3.1 - https:\/\/yoast.com\/wordpress\/plugins\/seo\/ -->\n<title>Custom Design | Fuschini<\/title>\n<meta name=\"description\" content=\"We believe in the uniqueness of living beings and living spaces. If you are one of a kind, your home should follow no rule but yours. If you want to make\" \/>\n<meta name=\"robots\" content=\"index, follow, max-snippet:-1, max-image-preview:large, max-video-preview:-1\" \/>\n<link rel=\"canonical\" href=\"https:\/\/fuschini.com\/pt\/produto\/concecao-personalizada\/\" \/>\n<meta property=\"og:locale\" content=\"pt_PT\" \/>\n<meta property=\"og:type\" content=\"article\" \/>\n<meta property=\"og:title\" content=\"Custom Design | Fuschini\" \/>\n<meta property=\"og:description\" content=\"We believe in the uniqueness of living beings and living spaces. If you are one of a kind, your home should follow no rule but yours. If you want to make\" \/>\n<meta property=\"og:url\" content=\"https:\/\/fuschini.com\/pt\/produto\/concecao-personalizada\/\" \/>\n<meta property=\"og:site_name\" content=\"Fuschini\" \/>\n<meta property=\"article:modified_time\" content=\"2025-11-10T16:30:52+00:00\" \/>\n<meta property=\"og:image\" content=\"https:\/\/fuschini.com\/wp-content\/uploads\/2025\/06\/imagem_2025-06-03_134946841-1024x683.png\" \/>\n\t<meta property=\"og:image:width\" content=\"1024\" \/>\n\t<meta property=\"og:image:height\" content=\"683\" \/>\n\t<meta property=\"og:image:type\" content=\"image\/png\" \/>\n<meta name=\"twitter:card\" content=\"summary_large_image\" \/>\n<script type=\"application\/ld+json\" class=\"yoast-schema-graph\">{\"@context\":\"https:\/\/schema.org\",\"@graph\":[{\"@type\":\"WebPage\",\"@id\":\"https:\/\/fuschini.com\/product\/custom-design\/\",\"url\":\"https:\/\/fuschini.com\/product\/custom-design\/\",\"name\":\"Custom Design | Fuschini\",\"isPartOf\":{\"@id\":\"https:\/\/fuschini.com\/#website\"},\"primaryImageOfPage\":{\"@id\":\"https:\/\/fuschini.com\/product\/custom-design\/#primaryimage\"},\"image\":{\"@id\":\"https:\/\/fuschini.com\/product\/custom-design\/#primaryimage\"},\"thumbnailUrl\":\"https:\/\/fuschini.com\/wp-content\/uploads\/2025\/06\/imagem_2025-06-03_134946841.png\",\"datePublished\":\"2021-06-03T16:46:15+00:00\",\"dateModified\":\"2025-11-10T16:30:52+00:00\",\"description\":\"We believe in the uniqueness of living beings and living spaces. If you are one of a kind, your home should follow no rule but yours. If you want to make\",\"breadcrumb\":{\"@id\":\"https:\/\/fuschini.com\/product\/custom-design\/#breadcrumb\"},\"inLanguage\":\"pt-PT\",\"potentialAction\":[{\"@type\":\"ReadAction\",\"target\":[\"https:\/\/fuschini.com\/product\/custom-design\/\"]}]},{\"@type\":\"ImageObject\",\"inLanguage\":\"pt-PT\",\"@id\":\"https:\/\/fuschini.com\/product\/custom-design\/#primaryimage\",\"url\":\"https:\/\/fuschini.com\/wp-content\/uploads\/2025\/06\/imagem_2025-06-03_134946841.png\",\"contentUrl\":\"https:\/\/fuschini.com\/wp-content\/uploads\/2025\/06\/imagem_2025-06-03_134946841.png\",\"width\":2196,\"height\":1465},{\"@type\":\"BreadcrumbList\",\"@id\":\"https:\/\/fuschini.com\/product\/custom-design\/#breadcrumb\",\"itemListElement\":[{\"@type\":\"ListItem\",\"position\":1,\"name\":\"Home\",\"item\":\"https:\/\/fuschini.com\/\"},{\"@type\":\"ListItem\",\"position\":2,\"name\":\"Loja\",\"item\":\"https:\/\/fuschini.com\/pt\/loja\/\"},{\"@type\":\"ListItem\",\"position\":3,\"name\":\"Custom Design\"}]},{\"@type\":\"WebSite\",\"@id\":\"https:\/\/fuschini.com\/#website\",\"url\":\"https:\/\/fuschini.com\/\",\"name\":\"Fuschini\",\"description\":\"\",\"potentialAction\":[{\"@type\":\"SearchAction\",\"target\":{\"@type\":\"EntryPoint\",\"urlTemplate\":\"https:\/\/fuschini.com\/?s={search_term_string}\"},\"query-input\":{\"@type\":\"PropertyValueSpecification\",\"valueRequired\":true,\"valueName\":\"search_term_string\"}}],\"inLanguage\":\"pt-PT\"}]}<\/script>\n<!-- \/ Yoast SEO plugin. -->","yoast_head_json":{"title":"Custom Design | Fuschini","description":"We believe in the uniqueness of living beings and living spaces. If you are one of a kind, your home should follow no rule but yours. If you want to make","robots":{"index":"index","follow":"follow","max-snippet":"max-snippet:-1","max-image-preview":"max-image-preview:large","max-video-preview":"max-video-preview:-1"},"canonical":"https:\/\/fuschini.com\/pt\/produto\/concecao-personalizada\/","og_locale":"pt_PT","og_type":"article","og_title":"Custom Design | Fuschini","og_description":"We believe in the uniqueness of living beings and living spaces. If you are one of a kind, your home should follow no rule but yours. If you want to make","og_url":"https:\/\/fuschini.com\/pt\/produto\/concecao-personalizada\/","og_site_name":"Fuschini","article_modified_time":"2025-11-10T16:30:52+00:00","og_image":[{"width":1024,"height":683,"url":"https:\/\/fuschini.com\/wp-content\/uploads\/2025\/06\/imagem_2025-06-03_134946841-1024x683.png","type":"image\/png"}],"twitter_card":"summary_large_image","schema":{"@context":"https:\/\/schema.org","@graph":[{"@type":"WebPage","@id":"https:\/\/fuschini.com\/product\/custom-design\/","url":"https:\/\/fuschini.com\/product\/custom-design\/","name":"Custom Design | Fuschini","isPartOf":{"@id":"https:\/\/fuschini.com\/#website"},"primaryImageOfPage":{"@id":"https:\/\/fuschini.com\/product\/custom-design\/#primaryimage"},"image":{"@id":"https:\/\/fuschini.com\/product\/custom-design\/#primaryimage"},"thumbnailUrl":"https:\/\/fuschini.com\/wp-content\/uploads\/2025\/06\/imagem_2025-06-03_134946841.png","datePublished":"2021-06-03T16:46:15+00:00","dateModified":"2025-11-10T16:30:52+00:00","description":"We believe in the uniqueness of living beings and living spaces. If you are one of a kind, your home should follow no rule but yours. If you want to make","breadcrumb":{"@id":"https:\/\/fuschini.com\/product\/custom-design\/#breadcrumb"},"inLanguage":"pt-PT","potentialAction":[{"@type":"ReadAction","target":["https:\/\/fuschini.com\/product\/custom-design\/"]}]},{"@type":"ImageObject","inLanguage":"pt-PT","@id":"https:\/\/fuschini.com\/product\/custom-design\/#primaryimage","url":"https:\/\/fuschini.com\/wp-content\/uploads\/2025\/06\/imagem_2025-06-03_134946841.png","contentUrl":"https:\/\/fuschini.com\/wp-content\/uploads\/2025\/06\/imagem_2025-06-03_134946841.png","width":2196,"height":1465},{"@type":"BreadcrumbList","@id":"https:\/\/fuschini.com\/product\/custom-design\/#breadcrumb","itemListElement":[{"@type":"ListItem","position":1,"name":"Home","item":"https:\/\/fuschini.com\/"},{"@type":"ListItem","position":2,"name":"Loja","item":"https:\/\/fuschini.com\/pt\/loja\/"},{"@type":"ListItem","position":3,"name":"Custom Design"}]},{"@type":"WebSite","@id":"https:\/\/fuschini.com\/#website","url":"https:\/\/fuschini.com\/","name":"Fuschini","description":"","potentialAction":[{"@type":"SearchAction","target":{"@type":"EntryPoint","urlTemplate":"https:\/\/fuschini.com\/?s={search_term_string}"},"query-input":{"@type":"PropertyValueSpecification","valueRequired":true,"valueName":"search_term_string"}}],"inLanguage":"pt-PT"}]}},"_links":{"self":[{"href":"https:\/\/fuschini.com\/pt\/wp-json\/wp\/v2\/product\/1975","targetHints":{"allow":["GET"]}}],"collection":[{"href":"https:\/\/fuschini.com\/pt\/wp-json\/wp\/v2\/product"}],"about":[{"href":"https:\/\/fuschini.com\/pt\/wp-json\/wp\/v2\/types\/product"}],"wp:featuredmedia":[{"embeddable":true,"href":"https:\/\/fuschini.com\/pt\/wp-json\/wp\/v2\/media\/1977"}],"wp:attachment":[{"href":"https:\/\/fuschini.com\/pt\/wp-json\/wp\/v2\/media?parent=1975"}],"wp:term":[{"taxonomy":"product_brand","embeddable":true,"href":"https:\/\/fuschini.com\/pt\/wp-json\/wp\/v2\/product_brand?post=1975"},{"taxonomy":"product_cat","embeddable":true,"href":"https:\/\/fuschini.com\/pt\/wp-json\/wp\/v2\/product_cat?post=1975"},{"taxonomy":"product_tag","embeddable":true,"href":"https:\/\/fuschini.com\/pt\/wp-json\/wp\/v2\/product_tag?post=1975"},{"taxonomy":"designed-by","embeddable":true,"href":"https:\/\/fuschini.com\/pt\/wp-json\/wp\/v2\/designed-by?post=1975"}],"curies":[{"name":"wp","href":"https:\/\/api.w.org\/{rel}","templated":true}]}}