{"id":1388,"date":"2025-05-22T14:25:41","date_gmt":"2025-05-22T17:25:41","guid":{"rendered":"http:\/\/72.62.59.76\/?post_type=product&#038;p=1388"},"modified":"2026-02-26T11:34:16","modified_gmt":"2026-02-26T14:34:16","slug":"mesa-de-apoio-eugenio","status":"publish","type":"product","link":"https:\/\/fuschini.com\/pt\/produto\/mesa-de-apoio-eugenio\/","title":{"rendered":"Mesa de apoio Eug\u00e9nio"},"content":{"rendered":"<p>Nuno Nascimento desafia as mentes quadradas ao combinar dois elementos geom\u00e9tricos num \u00fanico design din\u00e2mico.<\/p>","protected":false},"excerpt":{"rendered":"<p>Nuno Nascimento desafia as mentes quadradas ao combinar dois elementos geom\u00e9tricos num \u00fanico design din\u00e2mico.<\/p>","protected":false},"featured_media":1390,"template":"","meta":[],"product_brand":[],"product_cat":[22,32,31],"product_tag":[],"designed-by":[99],"class_list":{"0":"post-1388","1":"product","2":"type-product","3":"status-publish","4":"has-post-thumbnail","6":"product_cat-all","7":"product_cat-coffee-tables","8":"product_cat-sidetables","9":"designed-by-nuno-nascimento","11":"first","12":"instock","13":"taxable","14":"shipping-taxable","15":"purchasable","16":"product-type-variable"},"yoast_head":"<!-- This site is optimized with the Yoast SEO plugin v25.3.1 - https:\/\/yoast.com\/wordpress\/plugins\/seo\/ -->\n<title>Eug\u00e9nio Side Table | Fuschini<\/title>\n<meta name=\"description\" content=\"Nuno Nascimento challenges square-minded and circular thinkers by combining two geometric elements into a single, dynamic design.\" \/>\n<meta name=\"robots\" content=\"index, follow, max-snippet:-1, max-image-preview:large, max-video-preview:-1\" \/>\n<link rel=\"canonical\" href=\"https:\/\/fuschini.com\/pt\/produto\/mesa-de-apoio-eugenio\/\" \/>\n<meta property=\"og:locale\" content=\"pt_PT\" \/>\n<meta property=\"og:type\" content=\"article\" \/>\n<meta property=\"og:title\" content=\"Eug\u00e9nio Side Table | Fuschini\" \/>\n<meta property=\"og:description\" content=\"Nuno Nascimento challenges square-minded and circular thinkers by combining two geometric elements into a single, dynamic design.\" \/>\n<meta property=\"og:url\" content=\"https:\/\/fuschini.com\/pt\/produto\/mesa-de-apoio-eugenio\/\" \/>\n<meta property=\"og:site_name\" content=\"Fuschini\" \/>\n<meta property=\"article:modified_time\" content=\"2026-02-26T14:34:16+00:00\" \/>\n<meta property=\"og:image\" content=\"https:\/\/fuschini.com\/wp-content\/uploads\/2025\/05\/M042_Mesinha-Eugenio_01-scaled.jpg\" \/>\n\t<meta property=\"og:image:width\" content=\"914\" \/>\n\t<meta property=\"og:image:height\" content=\"1300\" \/>\n\t<meta property=\"og:image:type\" content=\"image\/jpeg\" \/>\n<meta name=\"twitter:card\" content=\"summary_large_image\" \/>\n<meta name=\"twitter:label1\" content=\"Tempo estimado de leitura\" \/>\n\t<meta name=\"twitter:data1\" content=\"1 minuto\" \/>\n<script type=\"application\/ld+json\" class=\"yoast-schema-graph\">{\"@context\":\"https:\/\/schema.org\",\"@graph\":[{\"@type\":\"WebPage\",\"@id\":\"https:\/\/fuschini.com\/product\/eugenio-side-table\/\",\"url\":\"https:\/\/fuschini.com\/product\/eugenio-side-table\/\",\"name\":\"Eug\u00e9nio Side Table | Fuschini\",\"isPartOf\":{\"@id\":\"https:\/\/fuschini.com\/#website\"},\"primaryImageOfPage\":{\"@id\":\"https:\/\/fuschini.com\/product\/eugenio-side-table\/#primaryimage\"},\"image\":{\"@id\":\"https:\/\/fuschini.com\/product\/eugenio-side-table\/#primaryimage\"},\"thumbnailUrl\":\"https:\/\/fuschini.com\/wp-content\/uploads\/2025\/05\/M042_Mesinha-Eugenio_01-scaled.jpg\",\"datePublished\":\"2025-05-22T17:25:41+00:00\",\"dateModified\":\"2026-02-26T14:34:16+00:00\",\"description\":\"Nuno Nascimento challenges square-minded and circular thinkers by combining two geometric elements into a single, dynamic design.\",\"breadcrumb\":{\"@id\":\"https:\/\/fuschini.com\/product\/eugenio-side-table\/#breadcrumb\"},\"inLanguage\":\"pt-PT\",\"potentialAction\":[{\"@type\":\"ReadAction\",\"target\":[\"https:\/\/fuschini.com\/product\/eugenio-side-table\/\"]}]},{\"@type\":\"ImageObject\",\"inLanguage\":\"pt-PT\",\"@id\":\"https:\/\/fuschini.com\/product\/eugenio-side-table\/#primaryimage\",\"url\":\"https:\/\/fuschini.com\/wp-content\/uploads\/2025\/05\/M042_Mesinha-Eugenio_01-scaled.jpg\",\"contentUrl\":\"https:\/\/fuschini.com\/wp-content\/uploads\/2025\/05\/M042_Mesinha-Eugenio_01-scaled.jpg\",\"width\":914,\"height\":1300},{\"@type\":\"BreadcrumbList\",\"@id\":\"https:\/\/fuschini.com\/product\/eugenio-side-table\/#breadcrumb\",\"itemListElement\":[{\"@type\":\"ListItem\",\"position\":1,\"name\":\"Home\",\"item\":\"https:\/\/fuschini.com\/\"},{\"@type\":\"ListItem\",\"position\":2,\"name\":\"Loja\",\"item\":\"https:\/\/fuschini.com\/pt\/loja\/\"},{\"@type\":\"ListItem\",\"position\":3,\"name\":\"Eug\u00e9nio Side Table\"}]},{\"@type\":\"WebSite\",\"@id\":\"https:\/\/fuschini.com\/#website\",\"url\":\"https:\/\/fuschini.com\/\",\"name\":\"Fuschini\",\"description\":\"\",\"potentialAction\":[{\"@type\":\"SearchAction\",\"target\":{\"@type\":\"EntryPoint\",\"urlTemplate\":\"https:\/\/fuschini.com\/?s={search_term_string}\"},\"query-input\":{\"@type\":\"PropertyValueSpecification\",\"valueRequired\":true,\"valueName\":\"search_term_string\"}}],\"inLanguage\":\"pt-PT\"}]}<\/script>\n<!-- \/ Yoast SEO plugin. -->","yoast_head_json":{"title":"Eug\u00e9nio Side Table | Fuschini","description":"Nuno Nascimento challenges square-minded and circular thinkers by combining two geometric elements into a single, dynamic design.","robots":{"index":"index","follow":"follow","max-snippet":"max-snippet:-1","max-image-preview":"max-image-preview:large","max-video-preview":"max-video-preview:-1"},"canonical":"https:\/\/fuschini.com\/pt\/produto\/mesa-de-apoio-eugenio\/","og_locale":"pt_PT","og_type":"article","og_title":"Eug\u00e9nio Side Table | Fuschini","og_description":"Nuno Nascimento challenges square-minded and circular thinkers by combining two geometric elements into a single, dynamic design.","og_url":"https:\/\/fuschini.com\/pt\/produto\/mesa-de-apoio-eugenio\/","og_site_name":"Fuschini","article_modified_time":"2026-02-26T14:34:16+00:00","og_image":[{"width":914,"height":1300,"url":"https:\/\/fuschini.com\/wp-content\/uploads\/2025\/05\/M042_Mesinha-Eugenio_01-scaled.jpg","type":"image\/jpeg"}],"twitter_card":"summary_large_image","twitter_misc":{"Tempo estimado de leitura":"1 minuto"},"schema":{"@context":"https:\/\/schema.org","@graph":[{"@type":"WebPage","@id":"https:\/\/fuschini.com\/product\/eugenio-side-table\/","url":"https:\/\/fuschini.com\/product\/eugenio-side-table\/","name":"Eug\u00e9nio Side Table | Fuschini","isPartOf":{"@id":"https:\/\/fuschini.com\/#website"},"primaryImageOfPage":{"@id":"https:\/\/fuschini.com\/product\/eugenio-side-table\/#primaryimage"},"image":{"@id":"https:\/\/fuschini.com\/product\/eugenio-side-table\/#primaryimage"},"thumbnailUrl":"https:\/\/fuschini.com\/wp-content\/uploads\/2025\/05\/M042_Mesinha-Eugenio_01-scaled.jpg","datePublished":"2025-05-22T17:25:41+00:00","dateModified":"2026-02-26T14:34:16+00:00","description":"Nuno Nascimento challenges square-minded and circular thinkers by combining two geometric elements into a single, dynamic design.","breadcrumb":{"@id":"https:\/\/fuschini.com\/product\/eugenio-side-table\/#breadcrumb"},"inLanguage":"pt-PT","potentialAction":[{"@type":"ReadAction","target":["https:\/\/fuschini.com\/product\/eugenio-side-table\/"]}]},{"@type":"ImageObject","inLanguage":"pt-PT","@id":"https:\/\/fuschini.com\/product\/eugenio-side-table\/#primaryimage","url":"https:\/\/fuschini.com\/wp-content\/uploads\/2025\/05\/M042_Mesinha-Eugenio_01-scaled.jpg","contentUrl":"https:\/\/fuschini.com\/wp-content\/uploads\/2025\/05\/M042_Mesinha-Eugenio_01-scaled.jpg","width":914,"height":1300},{"@type":"BreadcrumbList","@id":"https:\/\/fuschini.com\/product\/eugenio-side-table\/#breadcrumb","itemListElement":[{"@type":"ListItem","position":1,"name":"Home","item":"https:\/\/fuschini.com\/"},{"@type":"ListItem","position":2,"name":"Loja","item":"https:\/\/fuschini.com\/pt\/loja\/"},{"@type":"ListItem","position":3,"name":"Eug\u00e9nio Side Table"}]},{"@type":"WebSite","@id":"https:\/\/fuschini.com\/#website","url":"https:\/\/fuschini.com\/","name":"Fuschini","description":"","potentialAction":[{"@type":"SearchAction","target":{"@type":"EntryPoint","urlTemplate":"https:\/\/fuschini.com\/?s={search_term_string}"},"query-input":{"@type":"PropertyValueSpecification","valueRequired":true,"valueName":"search_term_string"}}],"inLanguage":"pt-PT"}]}},"_links":{"self":[{"href":"https:\/\/fuschini.com\/pt\/wp-json\/wp\/v2\/product\/1388","targetHints":{"allow":["GET"]}}],"collection":[{"href":"https:\/\/fuschini.com\/pt\/wp-json\/wp\/v2\/product"}],"about":[{"href":"https:\/\/fuschini.com\/pt\/wp-json\/wp\/v2\/types\/product"}],"wp:featuredmedia":[{"embeddable":true,"href":"https:\/\/fuschini.com\/pt\/wp-json\/wp\/v2\/media\/1390"}],"wp:attachment":[{"href":"https:\/\/fuschini.com\/pt\/wp-json\/wp\/v2\/media?parent=1388"}],"wp:term":[{"taxonomy":"product_brand","embeddable":true,"href":"https:\/\/fuschini.com\/pt\/wp-json\/wp\/v2\/product_brand?post=1388"},{"taxonomy":"product_cat","embeddable":true,"href":"https:\/\/fuschini.com\/pt\/wp-json\/wp\/v2\/product_cat?post=1388"},{"taxonomy":"product_tag","embeddable":true,"href":"https:\/\/fuschini.com\/pt\/wp-json\/wp\/v2\/product_tag?post=1388"},{"taxonomy":"designed-by","embeddable":true,"href":"https:\/\/fuschini.com\/pt\/wp-json\/wp\/v2\/designed-by?post=1388"}],"curies":[{"name":"wp","href":"https:\/\/api.w.org\/{rel}","templated":true}]}}