{"id":1383,"date":"2025-05-22T14:23:33","date_gmt":"2025-05-22T17:23:33","guid":{"rendered":"http:\/\/72.62.59.76\/?post_type=product&#038;p=1383"},"modified":"2026-02-07T10:58:17","modified_gmt":"2026-02-07T13:58:17","slug":"banco-goncalo","status":"publish","type":"product","link":"https:\/\/fuschini.com\/pt\/produto\/banco-goncalo\/","title":{"rendered":"Banco Gon\u00e7alo"},"content":{"rendered":"<p>Desenhada por Gon\u00e7alo Gr\u00e1cio, esta pe\u00e7a expressa a sofistica\u00e7\u00e3o do design portugu\u00eas contempor\u00e2neo utilizando apenas linhas s\u00f3lidas e simples, ao mesmo tempo que respeita a robustez dos seus materiais de alta qualidade.<\/p>","protected":false},"excerpt":{"rendered":"<p>Desenhada por Gon\u00e7alo Gr\u00e1cio, esta pe\u00e7a expressa a sofistica\u00e7\u00e3o do design portugu\u00eas contempor\u00e2neo utilizando apenas linhas s\u00f3lidas e simples, ao mesmo tempo que respeita a robustez dos seus materiais de alta qualidade.<\/p>","protected":false},"featured_media":1385,"template":"","meta":[],"product_brand":[],"product_cat":[22,27],"product_tag":[],"designed-by":[100],"class_list":{"0":"post-1383","1":"product","2":"type-product","3":"status-publish","4":"has-post-thumbnail","6":"product_cat-all","7":"product_cat-stools-benches","8":"designed-by-goncalo-gracio","10":"first","11":"instock","12":"taxable","13":"shipping-taxable","14":"purchasable","15":"product-type-variable"},"yoast_head":"<!-- This site is optimized with the Yoast SEO plugin v25.3.1 - https:\/\/yoast.com\/wordpress\/plugins\/seo\/ -->\n<title>Gon\u00e7alo Stool | Fuschini<\/title>\n<meta name=\"description\" content=\"Designed by Gon\u00e7alo Gr\u00e1cio, this piece expresses the sophistication of contemporary Portuguese design using nothing but solid simple lines while\" \/>\n<meta name=\"robots\" content=\"index, follow, max-snippet:-1, max-image-preview:large, max-video-preview:-1\" \/>\n<link rel=\"canonical\" href=\"https:\/\/fuschini.com\/pt\/produto\/banco-goncalo\/\" \/>\n<meta property=\"og:locale\" content=\"pt_PT\" \/>\n<meta property=\"og:type\" content=\"article\" \/>\n<meta property=\"og:title\" content=\"Gon\u00e7alo Stool | Fuschini\" \/>\n<meta property=\"og:description\" content=\"Designed by Gon\u00e7alo Gr\u00e1cio, this piece expresses the sophistication of contemporary Portuguese design using nothing but solid simple lines while\" \/>\n<meta property=\"og:url\" content=\"https:\/\/fuschini.com\/pt\/produto\/banco-goncalo\/\" \/>\n<meta property=\"og:site_name\" content=\"Fuschini\" \/>\n<meta property=\"article:modified_time\" content=\"2026-02-07T13:58:17+00:00\" \/>\n<meta property=\"og:image\" content=\"https:\/\/fuschini.com\/wp-content\/uploads\/2025\/05\/M035_Banco-Goncalo_01-scaled.jpg\" \/>\n\t<meta property=\"og:image:width\" content=\"914\" \/>\n\t<meta property=\"og:image:height\" content=\"1300\" \/>\n\t<meta property=\"og:image:type\" content=\"image\/jpeg\" \/>\n<meta name=\"twitter:card\" content=\"summary_large_image\" \/>\n<meta name=\"twitter:label1\" content=\"Tempo estimado de leitura\" \/>\n\t<meta name=\"twitter:data1\" content=\"1 minuto\" \/>\n<script type=\"application\/ld+json\" class=\"yoast-schema-graph\">{\"@context\":\"https:\/\/schema.org\",\"@graph\":[{\"@type\":\"WebPage\",\"@id\":\"https:\/\/fuschini.com\/product\/goncalo-stool\/\",\"url\":\"https:\/\/fuschini.com\/product\/goncalo-stool\/\",\"name\":\"Gon\u00e7alo Stool | Fuschini\",\"isPartOf\":{\"@id\":\"https:\/\/fuschini.com\/#website\"},\"primaryImageOfPage\":{\"@id\":\"https:\/\/fuschini.com\/product\/goncalo-stool\/#primaryimage\"},\"image\":{\"@id\":\"https:\/\/fuschini.com\/product\/goncalo-stool\/#primaryimage\"},\"thumbnailUrl\":\"https:\/\/fuschini.com\/wp-content\/uploads\/2025\/05\/M035_Banco-Goncalo_01-scaled.jpg\",\"datePublished\":\"2025-05-22T17:23:33+00:00\",\"dateModified\":\"2026-02-07T13:58:17+00:00\",\"description\":\"Designed by Gon\u00e7alo Gr\u00e1cio, this piece expresses the sophistication of contemporary Portuguese design using nothing but solid simple lines while\",\"breadcrumb\":{\"@id\":\"https:\/\/fuschini.com\/product\/goncalo-stool\/#breadcrumb\"},\"inLanguage\":\"pt-PT\",\"potentialAction\":[{\"@type\":\"ReadAction\",\"target\":[\"https:\/\/fuschini.com\/product\/goncalo-stool\/\"]}]},{\"@type\":\"ImageObject\",\"inLanguage\":\"pt-PT\",\"@id\":\"https:\/\/fuschini.com\/product\/goncalo-stool\/#primaryimage\",\"url\":\"https:\/\/fuschini.com\/wp-content\/uploads\/2025\/05\/M035_Banco-Goncalo_01-scaled.jpg\",\"contentUrl\":\"https:\/\/fuschini.com\/wp-content\/uploads\/2025\/05\/M035_Banco-Goncalo_01-scaled.jpg\",\"width\":914,\"height\":1300},{\"@type\":\"BreadcrumbList\",\"@id\":\"https:\/\/fuschini.com\/product\/goncalo-stool\/#breadcrumb\",\"itemListElement\":[{\"@type\":\"ListItem\",\"position\":1,\"name\":\"Home\",\"item\":\"https:\/\/fuschini.com\/\"},{\"@type\":\"ListItem\",\"position\":2,\"name\":\"Loja\",\"item\":\"https:\/\/fuschini.com\/pt\/loja\/\"},{\"@type\":\"ListItem\",\"position\":3,\"name\":\"Gon\u00e7alo Stool\"}]},{\"@type\":\"WebSite\",\"@id\":\"https:\/\/fuschini.com\/#website\",\"url\":\"https:\/\/fuschini.com\/\",\"name\":\"Fuschini\",\"description\":\"\",\"potentialAction\":[{\"@type\":\"SearchAction\",\"target\":{\"@type\":\"EntryPoint\",\"urlTemplate\":\"https:\/\/fuschini.com\/?s={search_term_string}\"},\"query-input\":{\"@type\":\"PropertyValueSpecification\",\"valueRequired\":true,\"valueName\":\"search_term_string\"}}],\"inLanguage\":\"pt-PT\"}]}<\/script>\n<!-- \/ Yoast SEO plugin. -->","yoast_head_json":{"title":"Gon\u00e7alo Stool | Fuschini","description":"Designed by Gon\u00e7alo Gr\u00e1cio, this piece expresses the sophistication of contemporary Portuguese design using nothing but solid simple lines while","robots":{"index":"index","follow":"follow","max-snippet":"max-snippet:-1","max-image-preview":"max-image-preview:large","max-video-preview":"max-video-preview:-1"},"canonical":"https:\/\/fuschini.com\/pt\/produto\/banco-goncalo\/","og_locale":"pt_PT","og_type":"article","og_title":"Gon\u00e7alo Stool | Fuschini","og_description":"Designed by Gon\u00e7alo Gr\u00e1cio, this piece expresses the sophistication of contemporary Portuguese design using nothing but solid simple lines while","og_url":"https:\/\/fuschini.com\/pt\/produto\/banco-goncalo\/","og_site_name":"Fuschini","article_modified_time":"2026-02-07T13:58:17+00:00","og_image":[{"width":914,"height":1300,"url":"https:\/\/fuschini.com\/wp-content\/uploads\/2025\/05\/M035_Banco-Goncalo_01-scaled.jpg","type":"image\/jpeg"}],"twitter_card":"summary_large_image","twitter_misc":{"Tempo estimado de leitura":"1 minuto"},"schema":{"@context":"https:\/\/schema.org","@graph":[{"@type":"WebPage","@id":"https:\/\/fuschini.com\/product\/goncalo-stool\/","url":"https:\/\/fuschini.com\/product\/goncalo-stool\/","name":"Gon\u00e7alo Stool | Fuschini","isPartOf":{"@id":"https:\/\/fuschini.com\/#website"},"primaryImageOfPage":{"@id":"https:\/\/fuschini.com\/product\/goncalo-stool\/#primaryimage"},"image":{"@id":"https:\/\/fuschini.com\/product\/goncalo-stool\/#primaryimage"},"thumbnailUrl":"https:\/\/fuschini.com\/wp-content\/uploads\/2025\/05\/M035_Banco-Goncalo_01-scaled.jpg","datePublished":"2025-05-22T17:23:33+00:00","dateModified":"2026-02-07T13:58:17+00:00","description":"Designed by Gon\u00e7alo Gr\u00e1cio, this piece expresses the sophistication of contemporary Portuguese design using nothing but solid simple lines while","breadcrumb":{"@id":"https:\/\/fuschini.com\/product\/goncalo-stool\/#breadcrumb"},"inLanguage":"pt-PT","potentialAction":[{"@type":"ReadAction","target":["https:\/\/fuschini.com\/product\/goncalo-stool\/"]}]},{"@type":"ImageObject","inLanguage":"pt-PT","@id":"https:\/\/fuschini.com\/product\/goncalo-stool\/#primaryimage","url":"https:\/\/fuschini.com\/wp-content\/uploads\/2025\/05\/M035_Banco-Goncalo_01-scaled.jpg","contentUrl":"https:\/\/fuschini.com\/wp-content\/uploads\/2025\/05\/M035_Banco-Goncalo_01-scaled.jpg","width":914,"height":1300},{"@type":"BreadcrumbList","@id":"https:\/\/fuschini.com\/product\/goncalo-stool\/#breadcrumb","itemListElement":[{"@type":"ListItem","position":1,"name":"Home","item":"https:\/\/fuschini.com\/"},{"@type":"ListItem","position":2,"name":"Loja","item":"https:\/\/fuschini.com\/pt\/loja\/"},{"@type":"ListItem","position":3,"name":"Gon\u00e7alo Stool"}]},{"@type":"WebSite","@id":"https:\/\/fuschini.com\/#website","url":"https:\/\/fuschini.com\/","name":"Fuschini","description":"","potentialAction":[{"@type":"SearchAction","target":{"@type":"EntryPoint","urlTemplate":"https:\/\/fuschini.com\/?s={search_term_string}"},"query-input":{"@type":"PropertyValueSpecification","valueRequired":true,"valueName":"search_term_string"}}],"inLanguage":"pt-PT"}]}},"_links":{"self":[{"href":"https:\/\/fuschini.com\/pt\/wp-json\/wp\/v2\/product\/1383","targetHints":{"allow":["GET"]}}],"collection":[{"href":"https:\/\/fuschini.com\/pt\/wp-json\/wp\/v2\/product"}],"about":[{"href":"https:\/\/fuschini.com\/pt\/wp-json\/wp\/v2\/types\/product"}],"wp:featuredmedia":[{"embeddable":true,"href":"https:\/\/fuschini.com\/pt\/wp-json\/wp\/v2\/media\/1385"}],"wp:attachment":[{"href":"https:\/\/fuschini.com\/pt\/wp-json\/wp\/v2\/media?parent=1383"}],"wp:term":[{"taxonomy":"product_brand","embeddable":true,"href":"https:\/\/fuschini.com\/pt\/wp-json\/wp\/v2\/product_brand?post=1383"},{"taxonomy":"product_cat","embeddable":true,"href":"https:\/\/fuschini.com\/pt\/wp-json\/wp\/v2\/product_cat?post=1383"},{"taxonomy":"product_tag","embeddable":true,"href":"https:\/\/fuschini.com\/pt\/wp-json\/wp\/v2\/product_tag?post=1383"},{"taxonomy":"designed-by","embeddable":true,"href":"https:\/\/fuschini.com\/pt\/wp-json\/wp\/v2\/designed-by?post=1383"}],"curies":[{"name":"wp","href":"https:\/\/api.w.org\/{rel}","templated":true}]}}