{"id":1328,"date":"2025-05-22T13:55:01","date_gmt":"2025-05-22T16:55:01","guid":{"rendered":"http:\/\/72.62.59.76\/?post_type=product&#038;p=1328"},"modified":"2025-06-18T16:51:53","modified_gmt":"2025-06-18T19:51:53","slug":"espelho-matilde","status":"publish","type":"product","link":"https:\/\/fuschini.com\/pt\/produto\/espelho-matilde\/","title":{"rendered":"ESPELHO MATILDE"},"content":{"rendered":"<p>Um espelho desenhado para refletir confian\u00e7a em linhas direitas e colocar a beleza no centro da cena. Com op\u00e7\u00e3o de luz LED na parte superior, ilumina o quotidiano sob uma nova perspectiva.<\/p>","protected":false},"excerpt":{"rendered":"<p>Um espelho desenhado para refletir confian\u00e7a em linhas direitas e colocar a beleza no centro da cena. Com op\u00e7\u00e3o de luz LED na parte superior, ilumina o quotidiano sob uma nova perspectiva.<\/p>","protected":false},"featured_media":1333,"template":"","meta":[],"product_brand":[],"product_cat":[22,18],"product_tag":[],"designed-by":[97],"class_list":{"0":"post-1328","1":"product","2":"type-product","3":"status-publish","4":"has-post-thumbnail","6":"product_cat-all","7":"product_cat-sem-categoria","8":"designed-by-vasco-lima-mayer","10":"first","11":"instock","12":"taxable","13":"shipping-taxable","14":"purchasable","15":"product-type-variable"},"yoast_head":"<!-- This site is optimized with the Yoast SEO plugin v25.3.1 - https:\/\/yoast.com\/wordpress\/plugins\/seo\/ -->\n<title>MATILDE MIRROR | Fuschini<\/title>\n<meta name=\"description\" content=\"This mirror was shaped to reflect confidence in straight lines and place beauty in the center of the frame. The optional LED light on the top illuminates\" \/>\n<meta name=\"robots\" content=\"index, follow, max-snippet:-1, max-image-preview:large, max-video-preview:-1\" \/>\n<link rel=\"canonical\" href=\"https:\/\/fuschini.com\/pt\/produto\/espelho-matilde\/\" \/>\n<meta property=\"og:locale\" content=\"pt_PT\" \/>\n<meta property=\"og:type\" content=\"article\" \/>\n<meta property=\"og:title\" content=\"MATILDE MIRROR | Fuschini\" \/>\n<meta property=\"og:description\" content=\"This mirror was shaped to reflect confidence in straight lines and place beauty in the center of the frame. The optional LED light on the top illuminates\" \/>\n<meta property=\"og:url\" content=\"https:\/\/fuschini.com\/pt\/produto\/espelho-matilde\/\" \/>\n<meta property=\"og:site_name\" content=\"Fuschini\" \/>\n<meta property=\"article:modified_time\" content=\"2025-06-18T19:51:53+00:00\" \/>\n<meta property=\"og:image\" content=\"https:\/\/fuschini.com\/wp-content\/uploads\/2025\/05\/M020_Espelho-Matilde_01-scaled.jpg\" \/>\n\t<meta property=\"og:image:width\" content=\"1800\" \/>\n\t<meta property=\"og:image:height\" content=\"2560\" \/>\n\t<meta property=\"og:image:type\" content=\"image\/jpeg\" \/>\n<meta name=\"twitter:card\" content=\"summary_large_image\" \/>\n<script type=\"application\/ld+json\" class=\"yoast-schema-graph\">{\"@context\":\"https:\/\/schema.org\",\"@graph\":[{\"@type\":\"WebPage\",\"@id\":\"https:\/\/fuschini.com\/product\/matilde-mirror\/\",\"url\":\"https:\/\/fuschini.com\/product\/matilde-mirror\/\",\"name\":\"MATILDE MIRROR | Fuschini\",\"isPartOf\":{\"@id\":\"https:\/\/fuschini.com\/#website\"},\"primaryImageOfPage\":{\"@id\":\"https:\/\/fuschini.com\/product\/matilde-mirror\/#primaryimage\"},\"image\":{\"@id\":\"https:\/\/fuschini.com\/product\/matilde-mirror\/#primaryimage\"},\"thumbnailUrl\":\"https:\/\/fuschini.com\/wp-content\/uploads\/2025\/05\/M020_Espelho-Matilde_01-scaled.jpg\",\"datePublished\":\"2025-05-22T16:55:01+00:00\",\"dateModified\":\"2025-06-18T19:51:53+00:00\",\"description\":\"This mirror was shaped to reflect confidence in straight lines and place beauty in the center of the frame. The optional LED light on the top illuminates\",\"breadcrumb\":{\"@id\":\"https:\/\/fuschini.com\/product\/matilde-mirror\/#breadcrumb\"},\"inLanguage\":\"pt-PT\",\"potentialAction\":[{\"@type\":\"ReadAction\",\"target\":[\"https:\/\/fuschini.com\/product\/matilde-mirror\/\"]}]},{\"@type\":\"ImageObject\",\"inLanguage\":\"pt-PT\",\"@id\":\"https:\/\/fuschini.com\/product\/matilde-mirror\/#primaryimage\",\"url\":\"https:\/\/fuschini.com\/wp-content\/uploads\/2025\/05\/M020_Espelho-Matilde_01-scaled.jpg\",\"contentUrl\":\"https:\/\/fuschini.com\/wp-content\/uploads\/2025\/05\/M020_Espelho-Matilde_01-scaled.jpg\",\"width\":914,\"height\":1300},{\"@type\":\"BreadcrumbList\",\"@id\":\"https:\/\/fuschini.com\/product\/matilde-mirror\/#breadcrumb\",\"itemListElement\":[{\"@type\":\"ListItem\",\"position\":1,\"name\":\"Home\",\"item\":\"https:\/\/fuschini.com\/\"},{\"@type\":\"ListItem\",\"position\":2,\"name\":\"Loja\",\"item\":\"https:\/\/fuschini.com\/pt\/loja\/\"},{\"@type\":\"ListItem\",\"position\":3,\"name\":\"MATILDE MIRROR\"}]},{\"@type\":\"WebSite\",\"@id\":\"https:\/\/fuschini.com\/#website\",\"url\":\"https:\/\/fuschini.com\/\",\"name\":\"Fuschini\",\"description\":\"\",\"potentialAction\":[{\"@type\":\"SearchAction\",\"target\":{\"@type\":\"EntryPoint\",\"urlTemplate\":\"https:\/\/fuschini.com\/?s={search_term_string}\"},\"query-input\":{\"@type\":\"PropertyValueSpecification\",\"valueRequired\":true,\"valueName\":\"search_term_string\"}}],\"inLanguage\":\"pt-PT\"}]}<\/script>\n<!-- \/ Yoast SEO plugin. -->","yoast_head_json":{"title":"MATILDE MIRROR | Fuschini","description":"This mirror was shaped to reflect confidence in straight lines and place beauty in the center of the frame. The optional LED light on the top illuminates","robots":{"index":"index","follow":"follow","max-snippet":"max-snippet:-1","max-image-preview":"max-image-preview:large","max-video-preview":"max-video-preview:-1"},"canonical":"https:\/\/fuschini.com\/pt\/produto\/espelho-matilde\/","og_locale":"pt_PT","og_type":"article","og_title":"MATILDE MIRROR | Fuschini","og_description":"This mirror was shaped to reflect confidence in straight lines and place beauty in the center of the frame. The optional LED light on the top illuminates","og_url":"https:\/\/fuschini.com\/pt\/produto\/espelho-matilde\/","og_site_name":"Fuschini","article_modified_time":"2025-06-18T19:51:53+00:00","og_image":[{"width":1800,"height":2560,"url":"https:\/\/fuschini.com\/wp-content\/uploads\/2025\/05\/M020_Espelho-Matilde_01-scaled.jpg","type":"image\/jpeg"}],"twitter_card":"summary_large_image","schema":{"@context":"https:\/\/schema.org","@graph":[{"@type":"WebPage","@id":"https:\/\/fuschini.com\/product\/matilde-mirror\/","url":"https:\/\/fuschini.com\/product\/matilde-mirror\/","name":"MATILDE MIRROR | Fuschini","isPartOf":{"@id":"https:\/\/fuschini.com\/#website"},"primaryImageOfPage":{"@id":"https:\/\/fuschini.com\/product\/matilde-mirror\/#primaryimage"},"image":{"@id":"https:\/\/fuschini.com\/product\/matilde-mirror\/#primaryimage"},"thumbnailUrl":"https:\/\/fuschini.com\/wp-content\/uploads\/2025\/05\/M020_Espelho-Matilde_01-scaled.jpg","datePublished":"2025-05-22T16:55:01+00:00","dateModified":"2025-06-18T19:51:53+00:00","description":"This mirror was shaped to reflect confidence in straight lines and place beauty in the center of the frame. The optional LED light on the top illuminates","breadcrumb":{"@id":"https:\/\/fuschini.com\/product\/matilde-mirror\/#breadcrumb"},"inLanguage":"pt-PT","potentialAction":[{"@type":"ReadAction","target":["https:\/\/fuschini.com\/product\/matilde-mirror\/"]}]},{"@type":"ImageObject","inLanguage":"pt-PT","@id":"https:\/\/fuschini.com\/product\/matilde-mirror\/#primaryimage","url":"https:\/\/fuschini.com\/wp-content\/uploads\/2025\/05\/M020_Espelho-Matilde_01-scaled.jpg","contentUrl":"https:\/\/fuschini.com\/wp-content\/uploads\/2025\/05\/M020_Espelho-Matilde_01-scaled.jpg","width":914,"height":1300},{"@type":"BreadcrumbList","@id":"https:\/\/fuschini.com\/product\/matilde-mirror\/#breadcrumb","itemListElement":[{"@type":"ListItem","position":1,"name":"Home","item":"https:\/\/fuschini.com\/"},{"@type":"ListItem","position":2,"name":"Loja","item":"https:\/\/fuschini.com\/pt\/loja\/"},{"@type":"ListItem","position":3,"name":"MATILDE MIRROR"}]},{"@type":"WebSite","@id":"https:\/\/fuschini.com\/#website","url":"https:\/\/fuschini.com\/","name":"Fuschini","description":"","potentialAction":[{"@type":"SearchAction","target":{"@type":"EntryPoint","urlTemplate":"https:\/\/fuschini.com\/?s={search_term_string}"},"query-input":{"@type":"PropertyValueSpecification","valueRequired":true,"valueName":"search_term_string"}}],"inLanguage":"pt-PT"}]}},"_links":{"self":[{"href":"https:\/\/fuschini.com\/pt\/wp-json\/wp\/v2\/product\/1328","targetHints":{"allow":["GET"]}}],"collection":[{"href":"https:\/\/fuschini.com\/pt\/wp-json\/wp\/v2\/product"}],"about":[{"href":"https:\/\/fuschini.com\/pt\/wp-json\/wp\/v2\/types\/product"}],"wp:featuredmedia":[{"embeddable":true,"href":"https:\/\/fuschini.com\/pt\/wp-json\/wp\/v2\/media\/1333"}],"wp:attachment":[{"href":"https:\/\/fuschini.com\/pt\/wp-json\/wp\/v2\/media?parent=1328"}],"wp:term":[{"taxonomy":"product_brand","embeddable":true,"href":"https:\/\/fuschini.com\/pt\/wp-json\/wp\/v2\/product_brand?post=1328"},{"taxonomy":"product_cat","embeddable":true,"href":"https:\/\/fuschini.com\/pt\/wp-json\/wp\/v2\/product_cat?post=1328"},{"taxonomy":"product_tag","embeddable":true,"href":"https:\/\/fuschini.com\/pt\/wp-json\/wp\/v2\/product_tag?post=1328"},{"taxonomy":"designed-by","embeddable":true,"href":"https:\/\/fuschini.com\/pt\/wp-json\/wp\/v2\/designed-by?post=1328"}],"curies":[{"name":"wp","href":"https:\/\/api.w.org\/{rel}","templated":true}]}}