{"id":1307,"date":"2025-05-22T13:46:09","date_gmt":"2025-05-22T16:46:09","guid":{"rendered":"http:\/\/72.62.59.76\/?post_type=product&#038;p=1307"},"modified":"2026-02-07T09:58:31","modified_gmt":"2026-02-07T12:58:31","slug":"banco-salvador","status":"publish","type":"product","link":"https:\/\/fuschini.com\/pt\/produto\/banco-salvador\/","title":{"rendered":"Banco Salvador"},"content":{"rendered":"<p>N\u00e3o h\u00e1 nada t\u00e3o banal como um banco de madeira. No entanto, depois de receber um briefing de Miguel Soeiro (designer e professor na Lisbon School of Design \u2013 LSD), Vasco Mayer levou o trabalho de casa mais longe. O resultado foi uma pe\u00e7a em que um assento delicadamente curvo em contraplacado moldado assenta sobre a firmeza de quatro pernas, criando um di\u00e1logo entre linhas estruturadas e tra\u00e7os inesperados.<\/p>","protected":false},"excerpt":{"rendered":"<p>There\u2019s nothing as average as a wooden stool. However, after receiving a briefing from Miguel Soeiro (designer and teacher at Lisbon School of Design &#8211; LSD), Vasco Mayer took the homework further. The result was a piece in which a delicately curved seat of molded plywood rests on the firmness of four legs, creating a [&hellip;]<\/p>","protected":false},"featured_media":1311,"template":"","meta":[],"product_brand":[],"product_cat":[22],"product_tag":[],"designed-by":[97],"class_list":{"0":"post-1307","1":"product","2":"type-product","3":"status-publish","4":"has-post-thumbnail","6":"product_cat-all","7":"designed-by-vasco-lima-mayer","9":"first","10":"instock","11":"taxable","12":"shipping-taxable","13":"purchasable","14":"product-type-variable"},"yoast_head":"<!-- This site is optimized with the Yoast SEO plugin v25.3.1 - https:\/\/yoast.com\/wordpress\/plugins\/seo\/ -->\n<title>Salvador Stool | Fuschini<\/title>\n<meta name=\"description\" content=\"There\u2019s nothing as average as a wooden stool. However, after receiving a briefing from Miguel Soeiro (designer and teacher at Lisbon School of Design -\" \/>\n<meta name=\"robots\" content=\"index, follow, max-snippet:-1, max-image-preview:large, max-video-preview:-1\" \/>\n<link rel=\"canonical\" href=\"https:\/\/fuschini.com\/pt\/produto\/banco-salvador\/\" \/>\n<meta property=\"og:locale\" content=\"pt_PT\" \/>\n<meta property=\"og:type\" content=\"article\" \/>\n<meta property=\"og:title\" content=\"Salvador Stool | Fuschini\" \/>\n<meta property=\"og:description\" content=\"There\u2019s nothing as average as a wooden stool. However, after receiving a briefing from Miguel Soeiro (designer and teacher at Lisbon School of Design -\" \/>\n<meta property=\"og:url\" content=\"https:\/\/fuschini.com\/pt\/produto\/banco-salvador\/\" \/>\n<meta property=\"og:site_name\" content=\"Fuschini\" \/>\n<meta property=\"article:modified_time\" content=\"2026-02-07T12:58:31+00:00\" \/>\n<meta property=\"og:image\" content=\"https:\/\/fuschini.com\/wp-content\/uploads\/2025\/05\/M017_Banco-Salvador_01-scaled.jpg\" \/>\n\t<meta property=\"og:image:width\" content=\"914\" \/>\n\t<meta property=\"og:image:height\" content=\"1300\" \/>\n\t<meta property=\"og:image:type\" content=\"image\/jpeg\" \/>\n<meta name=\"twitter:card\" content=\"summary_large_image\" \/>\n<meta name=\"twitter:label1\" content=\"Tempo estimado de leitura\" \/>\n\t<meta name=\"twitter:data1\" content=\"1 minuto\" \/>\n<script type=\"application\/ld+json\" class=\"yoast-schema-graph\">{\"@context\":\"https:\/\/schema.org\",\"@graph\":[{\"@type\":\"WebPage\",\"@id\":\"https:\/\/fuschini.com\/product\/salvador-stool\/\",\"url\":\"https:\/\/fuschini.com\/product\/salvador-stool\/\",\"name\":\"Salvador Stool | Fuschini\",\"isPartOf\":{\"@id\":\"https:\/\/fuschini.com\/#website\"},\"primaryImageOfPage\":{\"@id\":\"https:\/\/fuschini.com\/product\/salvador-stool\/#primaryimage\"},\"image\":{\"@id\":\"https:\/\/fuschini.com\/product\/salvador-stool\/#primaryimage\"},\"thumbnailUrl\":\"https:\/\/fuschini.com\/wp-content\/uploads\/2025\/05\/M017_Banco-Salvador_01-scaled.jpg\",\"datePublished\":\"2025-05-22T16:46:09+00:00\",\"dateModified\":\"2026-02-07T12:58:31+00:00\",\"description\":\"There\u2019s nothing as average as a wooden stool. However, after receiving a briefing from Miguel Soeiro (designer and teacher at Lisbon School of Design -\",\"breadcrumb\":{\"@id\":\"https:\/\/fuschini.com\/product\/salvador-stool\/#breadcrumb\"},\"inLanguage\":\"pt-PT\",\"potentialAction\":[{\"@type\":\"ReadAction\",\"target\":[\"https:\/\/fuschini.com\/product\/salvador-stool\/\"]}]},{\"@type\":\"ImageObject\",\"inLanguage\":\"pt-PT\",\"@id\":\"https:\/\/fuschini.com\/product\/salvador-stool\/#primaryimage\",\"url\":\"https:\/\/fuschini.com\/wp-content\/uploads\/2025\/05\/M017_Banco-Salvador_01-scaled.jpg\",\"contentUrl\":\"https:\/\/fuschini.com\/wp-content\/uploads\/2025\/05\/M017_Banco-Salvador_01-scaled.jpg\",\"width\":914,\"height\":1300},{\"@type\":\"BreadcrumbList\",\"@id\":\"https:\/\/fuschini.com\/product\/salvador-stool\/#breadcrumb\",\"itemListElement\":[{\"@type\":\"ListItem\",\"position\":1,\"name\":\"Home\",\"item\":\"https:\/\/fuschini.com\/\"},{\"@type\":\"ListItem\",\"position\":2,\"name\":\"Loja\",\"item\":\"https:\/\/fuschini.com\/pt\/loja\/\"},{\"@type\":\"ListItem\",\"position\":3,\"name\":\"Salvador Stool\"}]},{\"@type\":\"WebSite\",\"@id\":\"https:\/\/fuschini.com\/#website\",\"url\":\"https:\/\/fuschini.com\/\",\"name\":\"Fuschini\",\"description\":\"\",\"potentialAction\":[{\"@type\":\"SearchAction\",\"target\":{\"@type\":\"EntryPoint\",\"urlTemplate\":\"https:\/\/fuschini.com\/?s={search_term_string}\"},\"query-input\":{\"@type\":\"PropertyValueSpecification\",\"valueRequired\":true,\"valueName\":\"search_term_string\"}}],\"inLanguage\":\"pt-PT\"}]}<\/script>\n<!-- \/ Yoast SEO plugin. -->","yoast_head_json":{"title":"Salvador Stool | Fuschini","description":"There\u2019s nothing as average as a wooden stool. However, after receiving a briefing from Miguel Soeiro (designer and teacher at Lisbon School of Design -","robots":{"index":"index","follow":"follow","max-snippet":"max-snippet:-1","max-image-preview":"max-image-preview:large","max-video-preview":"max-video-preview:-1"},"canonical":"https:\/\/fuschini.com\/pt\/produto\/banco-salvador\/","og_locale":"pt_PT","og_type":"article","og_title":"Salvador Stool | Fuschini","og_description":"There\u2019s nothing as average as a wooden stool. However, after receiving a briefing from Miguel Soeiro (designer and teacher at Lisbon School of Design -","og_url":"https:\/\/fuschini.com\/pt\/produto\/banco-salvador\/","og_site_name":"Fuschini","article_modified_time":"2026-02-07T12:58:31+00:00","og_image":[{"width":914,"height":1300,"url":"https:\/\/fuschini.com\/wp-content\/uploads\/2025\/05\/M017_Banco-Salvador_01-scaled.jpg","type":"image\/jpeg"}],"twitter_card":"summary_large_image","twitter_misc":{"Tempo estimado de leitura":"1 minuto"},"schema":{"@context":"https:\/\/schema.org","@graph":[{"@type":"WebPage","@id":"https:\/\/fuschini.com\/product\/salvador-stool\/","url":"https:\/\/fuschini.com\/product\/salvador-stool\/","name":"Salvador Stool | Fuschini","isPartOf":{"@id":"https:\/\/fuschini.com\/#website"},"primaryImageOfPage":{"@id":"https:\/\/fuschini.com\/product\/salvador-stool\/#primaryimage"},"image":{"@id":"https:\/\/fuschini.com\/product\/salvador-stool\/#primaryimage"},"thumbnailUrl":"https:\/\/fuschini.com\/wp-content\/uploads\/2025\/05\/M017_Banco-Salvador_01-scaled.jpg","datePublished":"2025-05-22T16:46:09+00:00","dateModified":"2026-02-07T12:58:31+00:00","description":"There\u2019s nothing as average as a wooden stool. However, after receiving a briefing from Miguel Soeiro (designer and teacher at Lisbon School of Design -","breadcrumb":{"@id":"https:\/\/fuschini.com\/product\/salvador-stool\/#breadcrumb"},"inLanguage":"pt-PT","potentialAction":[{"@type":"ReadAction","target":["https:\/\/fuschini.com\/product\/salvador-stool\/"]}]},{"@type":"ImageObject","inLanguage":"pt-PT","@id":"https:\/\/fuschini.com\/product\/salvador-stool\/#primaryimage","url":"https:\/\/fuschini.com\/wp-content\/uploads\/2025\/05\/M017_Banco-Salvador_01-scaled.jpg","contentUrl":"https:\/\/fuschini.com\/wp-content\/uploads\/2025\/05\/M017_Banco-Salvador_01-scaled.jpg","width":914,"height":1300},{"@type":"BreadcrumbList","@id":"https:\/\/fuschini.com\/product\/salvador-stool\/#breadcrumb","itemListElement":[{"@type":"ListItem","position":1,"name":"Home","item":"https:\/\/fuschini.com\/"},{"@type":"ListItem","position":2,"name":"Loja","item":"https:\/\/fuschini.com\/pt\/loja\/"},{"@type":"ListItem","position":3,"name":"Salvador Stool"}]},{"@type":"WebSite","@id":"https:\/\/fuschini.com\/#website","url":"https:\/\/fuschini.com\/","name":"Fuschini","description":"","potentialAction":[{"@type":"SearchAction","target":{"@type":"EntryPoint","urlTemplate":"https:\/\/fuschini.com\/?s={search_term_string}"},"query-input":{"@type":"PropertyValueSpecification","valueRequired":true,"valueName":"search_term_string"}}],"inLanguage":"pt-PT"}]}},"_links":{"self":[{"href":"https:\/\/fuschini.com\/pt\/wp-json\/wp\/v2\/product\/1307","targetHints":{"allow":["GET"]}}],"collection":[{"href":"https:\/\/fuschini.com\/pt\/wp-json\/wp\/v2\/product"}],"about":[{"href":"https:\/\/fuschini.com\/pt\/wp-json\/wp\/v2\/types\/product"}],"wp:featuredmedia":[{"embeddable":true,"href":"https:\/\/fuschini.com\/pt\/wp-json\/wp\/v2\/media\/1311"}],"wp:attachment":[{"href":"https:\/\/fuschini.com\/pt\/wp-json\/wp\/v2\/media?parent=1307"}],"wp:term":[{"taxonomy":"product_brand","embeddable":true,"href":"https:\/\/fuschini.com\/pt\/wp-json\/wp\/v2\/product_brand?post=1307"},{"taxonomy":"product_cat","embeddable":true,"href":"https:\/\/fuschini.com\/pt\/wp-json\/wp\/v2\/product_cat?post=1307"},{"taxonomy":"product_tag","embeddable":true,"href":"https:\/\/fuschini.com\/pt\/wp-json\/wp\/v2\/product_tag?post=1307"},{"taxonomy":"designed-by","embeddable":true,"href":"https:\/\/fuschini.com\/pt\/wp-json\/wp\/v2\/designed-by?post=1307"}],"curies":[{"name":"wp","href":"https:\/\/api.w.org\/{rel}","templated":true}]}}