{"id":1282,"date":"2025-05-22T13:33:52","date_gmt":"2025-05-22T16:33:52","guid":{"rendered":"http:\/\/72.62.59.76\/?post_type=product&#038;p=1282"},"modified":"2026-02-07T09:59:22","modified_gmt":"2026-02-07T12:59:22","slug":"mesa-de-cabeceira-mariana","status":"publish","type":"product","link":"https:\/\/fuschini.com\/pt\/produto\/mesa-de-cabeceira-mariana\/","title":{"rendered":"Mesa de cabeceira Mariana"},"content":{"rendered":"<p>Linear por fora, refinada por dentro. Aparentemente o design \u00e9 simples: duas gavetas encaixadas no encontro das arestas. Mas a prova de que as apar\u00eancias iludem, chega com a descoberta da terceira gaveta interior - Um espa\u00e7o em aberto para preencher com o inesperado.<\/p>","protected":false},"excerpt":{"rendered":"<p>Linear por fora, refinada por dentro. Aparentemente o design \u00e9 simples: duas gavetas encaixadas no encontro das arestas. Mas a prova de que as apar\u00eancias iludem, chega com a descoberta da terceira gaveta interior - Um espa\u00e7o em aberto para preencher com o inesperado.<\/p>","protected":false},"featured_media":1285,"template":"","meta":[],"product_brand":[],"product_cat":[22,31],"product_tag":[],"designed-by":[97],"class_list":{"0":"post-1282","1":"product","2":"type-product","3":"status-publish","4":"has-post-thumbnail","6":"product_cat-all","7":"product_cat-sidetables","8":"designed-by-vasco-lima-mayer","10":"first","11":"instock","12":"taxable","13":"shipping-taxable","14":"purchasable","15":"product-type-variable"},"yoast_head":"<!-- This site is optimized with the Yoast SEO plugin v25.3.1 - https:\/\/yoast.com\/wordpress\/plugins\/seo\/ -->\n<title>Mariana Bedside Table | Fuschini<\/title>\n<meta name=\"description\" content=\"Linear on the outside, refined on the inside. We stripped down this piece to a straightforward appearance by showing only two drawers where the joints\" \/>\n<meta name=\"robots\" content=\"index, follow, max-snippet:-1, max-image-preview:large, max-video-preview:-1\" \/>\n<link rel=\"canonical\" href=\"https:\/\/fuschini.com\/pt\/produto\/mesa-de-cabeceira-mariana\/\" \/>\n<meta property=\"og:locale\" content=\"pt_PT\" \/>\n<meta property=\"og:type\" content=\"article\" \/>\n<meta property=\"og:title\" content=\"Mariana Bedside Table | Fuschini\" \/>\n<meta property=\"og:description\" content=\"Linear on the outside, refined on the inside. We stripped down this piece to a straightforward appearance by showing only two drawers where the joints\" \/>\n<meta property=\"og:url\" content=\"https:\/\/fuschini.com\/pt\/produto\/mesa-de-cabeceira-mariana\/\" \/>\n<meta property=\"og:site_name\" content=\"Fuschini\" \/>\n<meta property=\"article:modified_time\" content=\"2026-02-07T12:59:22+00:00\" \/>\n<meta property=\"og:image\" content=\"https:\/\/fuschini.com\/wp-content\/uploads\/2025\/05\/M013_Mesinha-Mariana_01-scaled.jpg\" \/>\n\t<meta property=\"og:image:width\" content=\"914\" \/>\n\t<meta property=\"og:image:height\" content=\"1300\" \/>\n\t<meta property=\"og:image:type\" content=\"image\/jpeg\" \/>\n<meta name=\"twitter:card\" content=\"summary_large_image\" \/>\n<meta name=\"twitter:label1\" content=\"Tempo estimado de leitura\" \/>\n\t<meta name=\"twitter:data1\" content=\"1 minuto\" \/>\n<script type=\"application\/ld+json\" class=\"yoast-schema-graph\">{\"@context\":\"https:\/\/schema.org\",\"@graph\":[{\"@type\":\"WebPage\",\"@id\":\"https:\/\/fuschini.com\/product\/mariana-bedside-table\/\",\"url\":\"https:\/\/fuschini.com\/product\/mariana-bedside-table\/\",\"name\":\"Mariana Bedside Table | Fuschini\",\"isPartOf\":{\"@id\":\"https:\/\/fuschini.com\/#website\"},\"primaryImageOfPage\":{\"@id\":\"https:\/\/fuschini.com\/product\/mariana-bedside-table\/#primaryimage\"},\"image\":{\"@id\":\"https:\/\/fuschini.com\/product\/mariana-bedside-table\/#primaryimage\"},\"thumbnailUrl\":\"https:\/\/fuschini.com\/wp-content\/uploads\/2025\/05\/M013_Mesinha-Mariana_01-scaled.jpg\",\"datePublished\":\"2025-05-22T16:33:52+00:00\",\"dateModified\":\"2026-02-07T12:59:22+00:00\",\"description\":\"Linear on the outside, refined on the inside. We stripped down this piece to a straightforward appearance by showing only two drawers where the joints\",\"breadcrumb\":{\"@id\":\"https:\/\/fuschini.com\/product\/mariana-bedside-table\/#breadcrumb\"},\"inLanguage\":\"pt-PT\",\"potentialAction\":[{\"@type\":\"ReadAction\",\"target\":[\"https:\/\/fuschini.com\/product\/mariana-bedside-table\/\"]}]},{\"@type\":\"ImageObject\",\"inLanguage\":\"pt-PT\",\"@id\":\"https:\/\/fuschini.com\/product\/mariana-bedside-table\/#primaryimage\",\"url\":\"https:\/\/fuschini.com\/wp-content\/uploads\/2025\/05\/M013_Mesinha-Mariana_01-scaled.jpg\",\"contentUrl\":\"https:\/\/fuschini.com\/wp-content\/uploads\/2025\/05\/M013_Mesinha-Mariana_01-scaled.jpg\",\"width\":914,\"height\":1300},{\"@type\":\"BreadcrumbList\",\"@id\":\"https:\/\/fuschini.com\/product\/mariana-bedside-table\/#breadcrumb\",\"itemListElement\":[{\"@type\":\"ListItem\",\"position\":1,\"name\":\"Home\",\"item\":\"https:\/\/fuschini.com\/\"},{\"@type\":\"ListItem\",\"position\":2,\"name\":\"Loja\",\"item\":\"https:\/\/fuschini.com\/pt\/loja\/\"},{\"@type\":\"ListItem\",\"position\":3,\"name\":\"Mariana Bedside Table\"}]},{\"@type\":\"WebSite\",\"@id\":\"https:\/\/fuschini.com\/#website\",\"url\":\"https:\/\/fuschini.com\/\",\"name\":\"Fuschini\",\"description\":\"\",\"potentialAction\":[{\"@type\":\"SearchAction\",\"target\":{\"@type\":\"EntryPoint\",\"urlTemplate\":\"https:\/\/fuschini.com\/?s={search_term_string}\"},\"query-input\":{\"@type\":\"PropertyValueSpecification\",\"valueRequired\":true,\"valueName\":\"search_term_string\"}}],\"inLanguage\":\"pt-PT\"}]}<\/script>\n<!-- \/ Yoast SEO plugin. -->","yoast_head_json":{"title":"Mariana Bedside Table | Fuschini","description":"Linear on the outside, refined on the inside. We stripped down this piece to a straightforward appearance by showing only two drawers where the joints","robots":{"index":"index","follow":"follow","max-snippet":"max-snippet:-1","max-image-preview":"max-image-preview:large","max-video-preview":"max-video-preview:-1"},"canonical":"https:\/\/fuschini.com\/pt\/produto\/mesa-de-cabeceira-mariana\/","og_locale":"pt_PT","og_type":"article","og_title":"Mariana Bedside Table | Fuschini","og_description":"Linear on the outside, refined on the inside. We stripped down this piece to a straightforward appearance by showing only two drawers where the joints","og_url":"https:\/\/fuschini.com\/pt\/produto\/mesa-de-cabeceira-mariana\/","og_site_name":"Fuschini","article_modified_time":"2026-02-07T12:59:22+00:00","og_image":[{"width":914,"height":1300,"url":"https:\/\/fuschini.com\/wp-content\/uploads\/2025\/05\/M013_Mesinha-Mariana_01-scaled.jpg","type":"image\/jpeg"}],"twitter_card":"summary_large_image","twitter_misc":{"Tempo estimado de leitura":"1 minuto"},"schema":{"@context":"https:\/\/schema.org","@graph":[{"@type":"WebPage","@id":"https:\/\/fuschini.com\/product\/mariana-bedside-table\/","url":"https:\/\/fuschini.com\/product\/mariana-bedside-table\/","name":"Mariana Bedside Table | Fuschini","isPartOf":{"@id":"https:\/\/fuschini.com\/#website"},"primaryImageOfPage":{"@id":"https:\/\/fuschini.com\/product\/mariana-bedside-table\/#primaryimage"},"image":{"@id":"https:\/\/fuschini.com\/product\/mariana-bedside-table\/#primaryimage"},"thumbnailUrl":"https:\/\/fuschini.com\/wp-content\/uploads\/2025\/05\/M013_Mesinha-Mariana_01-scaled.jpg","datePublished":"2025-05-22T16:33:52+00:00","dateModified":"2026-02-07T12:59:22+00:00","description":"Linear on the outside, refined on the inside. We stripped down this piece to a straightforward appearance by showing only two drawers where the joints","breadcrumb":{"@id":"https:\/\/fuschini.com\/product\/mariana-bedside-table\/#breadcrumb"},"inLanguage":"pt-PT","potentialAction":[{"@type":"ReadAction","target":["https:\/\/fuschini.com\/product\/mariana-bedside-table\/"]}]},{"@type":"ImageObject","inLanguage":"pt-PT","@id":"https:\/\/fuschini.com\/product\/mariana-bedside-table\/#primaryimage","url":"https:\/\/fuschini.com\/wp-content\/uploads\/2025\/05\/M013_Mesinha-Mariana_01-scaled.jpg","contentUrl":"https:\/\/fuschini.com\/wp-content\/uploads\/2025\/05\/M013_Mesinha-Mariana_01-scaled.jpg","width":914,"height":1300},{"@type":"BreadcrumbList","@id":"https:\/\/fuschini.com\/product\/mariana-bedside-table\/#breadcrumb","itemListElement":[{"@type":"ListItem","position":1,"name":"Home","item":"https:\/\/fuschini.com\/"},{"@type":"ListItem","position":2,"name":"Loja","item":"https:\/\/fuschini.com\/pt\/loja\/"},{"@type":"ListItem","position":3,"name":"Mariana Bedside Table"}]},{"@type":"WebSite","@id":"https:\/\/fuschini.com\/#website","url":"https:\/\/fuschini.com\/","name":"Fuschini","description":"","potentialAction":[{"@type":"SearchAction","target":{"@type":"EntryPoint","urlTemplate":"https:\/\/fuschini.com\/?s={search_term_string}"},"query-input":{"@type":"PropertyValueSpecification","valueRequired":true,"valueName":"search_term_string"}}],"inLanguage":"pt-PT"}]}},"_links":{"self":[{"href":"https:\/\/fuschini.com\/pt\/wp-json\/wp\/v2\/product\/1282","targetHints":{"allow":["GET"]}}],"collection":[{"href":"https:\/\/fuschini.com\/pt\/wp-json\/wp\/v2\/product"}],"about":[{"href":"https:\/\/fuschini.com\/pt\/wp-json\/wp\/v2\/types\/product"}],"wp:featuredmedia":[{"embeddable":true,"href":"https:\/\/fuschini.com\/pt\/wp-json\/wp\/v2\/media\/1285"}],"wp:attachment":[{"href":"https:\/\/fuschini.com\/pt\/wp-json\/wp\/v2\/media?parent=1282"}],"wp:term":[{"taxonomy":"product_brand","embeddable":true,"href":"https:\/\/fuschini.com\/pt\/wp-json\/wp\/v2\/product_brand?post=1282"},{"taxonomy":"product_cat","embeddable":true,"href":"https:\/\/fuschini.com\/pt\/wp-json\/wp\/v2\/product_cat?post=1282"},{"taxonomy":"product_tag","embeddable":true,"href":"https:\/\/fuschini.com\/pt\/wp-json\/wp\/v2\/product_tag?post=1282"},{"taxonomy":"designed-by","embeddable":true,"href":"https:\/\/fuschini.com\/pt\/wp-json\/wp\/v2\/designed-by?post=1282"}],"curies":[{"name":"wp","href":"https:\/\/api.w.org\/{rel}","templated":true}]}}