{"id":1276,"date":"2025-05-22T13:29:30","date_gmt":"2025-05-22T16:29:30","guid":{"rendered":"http:\/\/72.62.59.76\/?post_type=product&#038;p=1276"},"modified":"2026-02-07T09:59:29","modified_gmt":"2026-02-07T12:59:29","slug":"mesa-de-cabeceira-helena","status":"publish","type":"product","link":"https:\/\/fuschini.com\/pt\/produto\/mesa-de-cabeceira-helena\/","title":{"rendered":"Mesa de cabeceira Helena"},"content":{"rendered":"<p>Deitar-se na cama e sentir que as coisas necess\u00e1rias est\u00e3o perto de si \u00e9 certamente reconfortante. \u00c9 por isso que a mesa Helena est\u00e1 aqui: para guardar o que \u00e9 seu entre a prateleira e a gaveta de baixo.<\/p>","protected":false},"excerpt":{"rendered":"<p>Deitar-se na cama e sentir que as coisas necess\u00e1rias est\u00e3o perto de si \u00e9 certamente reconfortante. \u00c9 por isso que a mesa Helena est\u00e1 aqui: para guardar o que \u00e9 seu entre a prateleira e a gaveta de baixo.<\/p>","protected":false},"featured_media":1279,"template":"","meta":[],"product_brand":[],"product_cat":[22,32,31],"product_tag":[],"designed-by":[97],"class_list":{"0":"post-1276","1":"product","2":"type-product","3":"status-publish","4":"has-post-thumbnail","6":"product_cat-all","7":"product_cat-coffee-tables","8":"product_cat-sidetables","9":"designed-by-vasco-lima-mayer","11":"first","12":"instock","13":"taxable","14":"shipping-taxable","15":"purchasable","16":"product-type-variable"},"yoast_head":"<!-- This site is optimized with the Yoast SEO plugin v25.3.1 - https:\/\/yoast.com\/wordpress\/plugins\/seo\/ -->\n<title>Helena Bedside Table | Fuschini<\/title>\n<meta name=\"description\" content=\"Laying in bed and feeling the necessary things are close to you, is surely comforting. That\u2019s why Helena&#039;s table is here: to hold your needs between the\" \/>\n<meta name=\"robots\" content=\"index, follow, max-snippet:-1, max-image-preview:large, max-video-preview:-1\" \/>\n<link rel=\"canonical\" href=\"https:\/\/fuschini.com\/pt\/produto\/mesa-de-cabeceira-helena\/\" \/>\n<meta property=\"og:locale\" content=\"pt_PT\" \/>\n<meta property=\"og:type\" content=\"article\" \/>\n<meta property=\"og:title\" content=\"Helena Bedside Table | Fuschini\" \/>\n<meta property=\"og:description\" content=\"Laying in bed and feeling the necessary things are close to you, is surely comforting. That\u2019s why Helena&#039;s table is here: to hold your needs between the\" \/>\n<meta property=\"og:url\" content=\"https:\/\/fuschini.com\/pt\/produto\/mesa-de-cabeceira-helena\/\" \/>\n<meta property=\"og:site_name\" content=\"Fuschini\" \/>\n<meta property=\"article:modified_time\" content=\"2026-02-07T12:59:29+00:00\" \/>\n<meta property=\"og:image\" content=\"https:\/\/fuschini.com\/wp-content\/uploads\/2025\/05\/M012_Mesinha-Helena_01-scaled.jpg\" \/>\n\t<meta property=\"og:image:width\" content=\"914\" \/>\n\t<meta property=\"og:image:height\" content=\"1300\" \/>\n\t<meta property=\"og:image:type\" content=\"image\/jpeg\" \/>\n<meta name=\"twitter:card\" content=\"summary_large_image\" \/>\n<meta name=\"twitter:label1\" content=\"Tempo estimado de leitura\" \/>\n\t<meta name=\"twitter:data1\" content=\"1 minuto\" \/>\n<script type=\"application\/ld+json\" class=\"yoast-schema-graph\">{\"@context\":\"https:\/\/schema.org\",\"@graph\":[{\"@type\":\"WebPage\",\"@id\":\"https:\/\/fuschini.com\/product\/helena-bedside-table\/\",\"url\":\"https:\/\/fuschini.com\/product\/helena-bedside-table\/\",\"name\":\"Helena Bedside Table | Fuschini\",\"isPartOf\":{\"@id\":\"https:\/\/fuschini.com\/#website\"},\"primaryImageOfPage\":{\"@id\":\"https:\/\/fuschini.com\/product\/helena-bedside-table\/#primaryimage\"},\"image\":{\"@id\":\"https:\/\/fuschini.com\/product\/helena-bedside-table\/#primaryimage\"},\"thumbnailUrl\":\"https:\/\/fuschini.com\/wp-content\/uploads\/2025\/05\/M012_Mesinha-Helena_01-scaled.jpg\",\"datePublished\":\"2025-05-22T16:29:30+00:00\",\"dateModified\":\"2026-02-07T12:59:29+00:00\",\"description\":\"Laying in bed and feeling the necessary things are close to you, is surely comforting. That\u2019s why Helena's table is here: to hold your needs between the\",\"breadcrumb\":{\"@id\":\"https:\/\/fuschini.com\/product\/helena-bedside-table\/#breadcrumb\"},\"inLanguage\":\"pt-PT\",\"potentialAction\":[{\"@type\":\"ReadAction\",\"target\":[\"https:\/\/fuschini.com\/product\/helena-bedside-table\/\"]}]},{\"@type\":\"ImageObject\",\"inLanguage\":\"pt-PT\",\"@id\":\"https:\/\/fuschini.com\/product\/helena-bedside-table\/#primaryimage\",\"url\":\"https:\/\/fuschini.com\/wp-content\/uploads\/2025\/05\/M012_Mesinha-Helena_01-scaled.jpg\",\"contentUrl\":\"https:\/\/fuschini.com\/wp-content\/uploads\/2025\/05\/M012_Mesinha-Helena_01-scaled.jpg\",\"width\":914,\"height\":1300},{\"@type\":\"BreadcrumbList\",\"@id\":\"https:\/\/fuschini.com\/product\/helena-bedside-table\/#breadcrumb\",\"itemListElement\":[{\"@type\":\"ListItem\",\"position\":1,\"name\":\"Home\",\"item\":\"https:\/\/fuschini.com\/\"},{\"@type\":\"ListItem\",\"position\":2,\"name\":\"Loja\",\"item\":\"https:\/\/fuschini.com\/pt\/loja\/\"},{\"@type\":\"ListItem\",\"position\":3,\"name\":\"Helena Bedside Table\"}]},{\"@type\":\"WebSite\",\"@id\":\"https:\/\/fuschini.com\/#website\",\"url\":\"https:\/\/fuschini.com\/\",\"name\":\"Fuschini\",\"description\":\"\",\"potentialAction\":[{\"@type\":\"SearchAction\",\"target\":{\"@type\":\"EntryPoint\",\"urlTemplate\":\"https:\/\/fuschini.com\/?s={search_term_string}\"},\"query-input\":{\"@type\":\"PropertyValueSpecification\",\"valueRequired\":true,\"valueName\":\"search_term_string\"}}],\"inLanguage\":\"pt-PT\"}]}<\/script>\n<!-- \/ Yoast SEO plugin. -->","yoast_head_json":{"title":"Helena Bedside Table | Fuschini","description":"Laying in bed and feeling the necessary things are close to you, is surely comforting. That\u2019s why Helena's table is here: to hold your needs between the","robots":{"index":"index","follow":"follow","max-snippet":"max-snippet:-1","max-image-preview":"max-image-preview:large","max-video-preview":"max-video-preview:-1"},"canonical":"https:\/\/fuschini.com\/pt\/produto\/mesa-de-cabeceira-helena\/","og_locale":"pt_PT","og_type":"article","og_title":"Helena Bedside Table | Fuschini","og_description":"Laying in bed and feeling the necessary things are close to you, is surely comforting. That\u2019s why Helena's table is here: to hold your needs between the","og_url":"https:\/\/fuschini.com\/pt\/produto\/mesa-de-cabeceira-helena\/","og_site_name":"Fuschini","article_modified_time":"2026-02-07T12:59:29+00:00","og_image":[{"width":914,"height":1300,"url":"https:\/\/fuschini.com\/wp-content\/uploads\/2025\/05\/M012_Mesinha-Helena_01-scaled.jpg","type":"image\/jpeg"}],"twitter_card":"summary_large_image","twitter_misc":{"Tempo estimado de leitura":"1 minuto"},"schema":{"@context":"https:\/\/schema.org","@graph":[{"@type":"WebPage","@id":"https:\/\/fuschini.com\/product\/helena-bedside-table\/","url":"https:\/\/fuschini.com\/product\/helena-bedside-table\/","name":"Helena Bedside Table | Fuschini","isPartOf":{"@id":"https:\/\/fuschini.com\/#website"},"primaryImageOfPage":{"@id":"https:\/\/fuschini.com\/product\/helena-bedside-table\/#primaryimage"},"image":{"@id":"https:\/\/fuschini.com\/product\/helena-bedside-table\/#primaryimage"},"thumbnailUrl":"https:\/\/fuschini.com\/wp-content\/uploads\/2025\/05\/M012_Mesinha-Helena_01-scaled.jpg","datePublished":"2025-05-22T16:29:30+00:00","dateModified":"2026-02-07T12:59:29+00:00","description":"Laying in bed and feeling the necessary things are close to you, is surely comforting. That\u2019s why Helena's table is here: to hold your needs between the","breadcrumb":{"@id":"https:\/\/fuschini.com\/product\/helena-bedside-table\/#breadcrumb"},"inLanguage":"pt-PT","potentialAction":[{"@type":"ReadAction","target":["https:\/\/fuschini.com\/product\/helena-bedside-table\/"]}]},{"@type":"ImageObject","inLanguage":"pt-PT","@id":"https:\/\/fuschini.com\/product\/helena-bedside-table\/#primaryimage","url":"https:\/\/fuschini.com\/wp-content\/uploads\/2025\/05\/M012_Mesinha-Helena_01-scaled.jpg","contentUrl":"https:\/\/fuschini.com\/wp-content\/uploads\/2025\/05\/M012_Mesinha-Helena_01-scaled.jpg","width":914,"height":1300},{"@type":"BreadcrumbList","@id":"https:\/\/fuschini.com\/product\/helena-bedside-table\/#breadcrumb","itemListElement":[{"@type":"ListItem","position":1,"name":"Home","item":"https:\/\/fuschini.com\/"},{"@type":"ListItem","position":2,"name":"Loja","item":"https:\/\/fuschini.com\/pt\/loja\/"},{"@type":"ListItem","position":3,"name":"Helena Bedside Table"}]},{"@type":"WebSite","@id":"https:\/\/fuschini.com\/#website","url":"https:\/\/fuschini.com\/","name":"Fuschini","description":"","potentialAction":[{"@type":"SearchAction","target":{"@type":"EntryPoint","urlTemplate":"https:\/\/fuschini.com\/?s={search_term_string}"},"query-input":{"@type":"PropertyValueSpecification","valueRequired":true,"valueName":"search_term_string"}}],"inLanguage":"pt-PT"}]}},"_links":{"self":[{"href":"https:\/\/fuschini.com\/pt\/wp-json\/wp\/v2\/product\/1276","targetHints":{"allow":["GET"]}}],"collection":[{"href":"https:\/\/fuschini.com\/pt\/wp-json\/wp\/v2\/product"}],"about":[{"href":"https:\/\/fuschini.com\/pt\/wp-json\/wp\/v2\/types\/product"}],"wp:featuredmedia":[{"embeddable":true,"href":"https:\/\/fuschini.com\/pt\/wp-json\/wp\/v2\/media\/1279"}],"wp:attachment":[{"href":"https:\/\/fuschini.com\/pt\/wp-json\/wp\/v2\/media?parent=1276"}],"wp:term":[{"taxonomy":"product_brand","embeddable":true,"href":"https:\/\/fuschini.com\/pt\/wp-json\/wp\/v2\/product_brand?post=1276"},{"taxonomy":"product_cat","embeddable":true,"href":"https:\/\/fuschini.com\/pt\/wp-json\/wp\/v2\/product_cat?post=1276"},{"taxonomy":"product_tag","embeddable":true,"href":"https:\/\/fuschini.com\/pt\/wp-json\/wp\/v2\/product_tag?post=1276"},{"taxonomy":"designed-by","embeddable":true,"href":"https:\/\/fuschini.com\/pt\/wp-json\/wp\/v2\/designed-by?post=1276"}],"curies":[{"name":"wp","href":"https:\/\/api.w.org\/{rel}","templated":true}]}}