{"id":1211,"date":"2025-05-21T13:02:12","date_gmt":"2025-05-21T16:02:12","guid":{"rendered":"http:\/\/72.62.59.76\/?post_type=product&#038;p=1211"},"modified":"2026-02-07T10:01:11","modified_gmt":"2026-02-07T13:01:11","slug":"mesa-de-cabeceira-leonor","status":"publish","type":"product","link":"https:\/\/fuschini.com\/pt\/produto\/mesa-de-cabeceira-leonor\/","title":{"rendered":"Mesa de cabeceira Leonor"},"content":{"rendered":"<p>\u00c0 vista, ou na gaveta, h\u00e1 certas coisas que s\u00e3o para ter por perto. Com a mesinha Leonor, dorme-se descansado, por saber que os bens mais preciosos (e precisos) passam a noite em boas m\u00e3os.<\/p>","protected":false},"excerpt":{"rendered":"<p>Some things are worth to be seen, while others are meant to be kept to yourself.<br \/>\nNo matter what you bring to the room, with Leonor&#8217;s bedside table you can sleep<br \/>\npeacefully knowing your essentials are safe and sound.<\/p>\n<p>dimensions can be customized<br \/>\n600 x 400 x 500 mm (largura x profundidade x altura)<\/p>","protected":false},"featured_media":1212,"template":"","meta":[],"product_brand":[],"product_cat":[22,31],"product_tag":[],"designed-by":[97],"class_list":{"0":"post-1211","1":"product","2":"type-product","3":"status-publish","4":"has-post-thumbnail","6":"product_cat-all","7":"product_cat-sidetables","8":"designed-by-vasco-lima-mayer","10":"first","11":"instock","12":"taxable","13":"shipping-taxable","14":"purchasable","15":"product-type-variable"},"yoast_head":"<!-- This site is optimized with the Yoast SEO plugin v25.3.1 - https:\/\/yoast.com\/wordpress\/plugins\/seo\/ -->\n<title>Leonor Bedside Table | Fuschini<\/title>\n<meta name=\"description\" content=\"Some things are worth to be seen, while others are meant to be kept to yourself. No matter what you bring to the room, with Leonor&#039;s bedside table you can sleep peacefully knowing your essentials are safe and sound.  dimensions can be customized 600 x 400 x 500mm (width x depth x height)\" \/>\n<meta name=\"robots\" content=\"index, follow, max-snippet:-1, max-image-preview:large, max-video-preview:-1\" \/>\n<link rel=\"canonical\" href=\"https:\/\/fuschini.com\/pt\/produto\/mesa-de-cabeceira-leonor\/\" \/>\n<meta property=\"og:locale\" content=\"pt_PT\" \/>\n<meta property=\"og:type\" content=\"article\" \/>\n<meta property=\"og:title\" content=\"Leonor Bedside Table | Fuschini\" \/>\n<meta property=\"og:description\" content=\"Some things are worth to be seen, while others are meant to be kept to yourself. No matter what you bring to the room, with Leonor&#039;s bedside table you can sleep peacefully knowing your essentials are safe and sound.  dimensions can be customized 600 x 400 x 500mm (width x depth x height)\" \/>\n<meta property=\"og:url\" content=\"https:\/\/fuschini.com\/pt\/produto\/mesa-de-cabeceira-leonor\/\" \/>\n<meta property=\"og:site_name\" content=\"Fuschini\" \/>\n<meta property=\"article:modified_time\" content=\"2026-02-07T13:01:11+00:00\" \/>\n<meta property=\"og:image\" content=\"https:\/\/fuschini.com\/wp-content\/uploads\/2025\/05\/M007_Mesinha-Leonor_01-scaled.jpg\" \/>\n\t<meta property=\"og:image:width\" content=\"914\" \/>\n\t<meta property=\"og:image:height\" content=\"1300\" \/>\n\t<meta property=\"og:image:type\" content=\"image\/jpeg\" \/>\n<meta name=\"twitter:card\" content=\"summary_large_image\" \/>\n<meta name=\"twitter:label1\" content=\"Tempo estimado de leitura\" \/>\n\t<meta name=\"twitter:data1\" content=\"1 minuto\" \/>\n<script type=\"application\/ld+json\" class=\"yoast-schema-graph\">{\"@context\":\"https:\/\/schema.org\",\"@graph\":[{\"@type\":\"WebPage\",\"@id\":\"https:\/\/fuschini.com\/product\/leonor-bedside-table\/\",\"url\":\"https:\/\/fuschini.com\/product\/leonor-bedside-table\/\",\"name\":\"Leonor Bedside Table | Fuschini\",\"isPartOf\":{\"@id\":\"https:\/\/fuschini.com\/#website\"},\"primaryImageOfPage\":{\"@id\":\"https:\/\/fuschini.com\/product\/leonor-bedside-table\/#primaryimage\"},\"image\":{\"@id\":\"https:\/\/fuschini.com\/product\/leonor-bedside-table\/#primaryimage\"},\"thumbnailUrl\":\"https:\/\/fuschini.com\/wp-content\/uploads\/2025\/05\/M007_Mesinha-Leonor_01-scaled.jpg\",\"datePublished\":\"2025-05-21T16:02:12+00:00\",\"dateModified\":\"2026-02-07T13:01:11+00:00\",\"description\":\"Some things are worth to be seen, while others are meant to be kept to yourself. No matter what you bring to the room, with Leonor's bedside table you can sleep peacefully knowing your essentials are safe and sound. dimensions can be customized 600 x 400 x 500mm (width x depth x height)\",\"breadcrumb\":{\"@id\":\"https:\/\/fuschini.com\/product\/leonor-bedside-table\/#breadcrumb\"},\"inLanguage\":\"pt-PT\",\"potentialAction\":[{\"@type\":\"ReadAction\",\"target\":[\"https:\/\/fuschini.com\/product\/leonor-bedside-table\/\"]}]},{\"@type\":\"ImageObject\",\"inLanguage\":\"pt-PT\",\"@id\":\"https:\/\/fuschini.com\/product\/leonor-bedside-table\/#primaryimage\",\"url\":\"https:\/\/fuschini.com\/wp-content\/uploads\/2025\/05\/M007_Mesinha-Leonor_01-scaled.jpg\",\"contentUrl\":\"https:\/\/fuschini.com\/wp-content\/uploads\/2025\/05\/M007_Mesinha-Leonor_01-scaled.jpg\",\"width\":914,\"height\":1300},{\"@type\":\"BreadcrumbList\",\"@id\":\"https:\/\/fuschini.com\/product\/leonor-bedside-table\/#breadcrumb\",\"itemListElement\":[{\"@type\":\"ListItem\",\"position\":1,\"name\":\"Home\",\"item\":\"https:\/\/fuschini.com\/\"},{\"@type\":\"ListItem\",\"position\":2,\"name\":\"Loja\",\"item\":\"https:\/\/fuschini.com\/pt\/loja\/\"},{\"@type\":\"ListItem\",\"position\":3,\"name\":\"Leonor Bedside Table\"}]},{\"@type\":\"WebSite\",\"@id\":\"https:\/\/fuschini.com\/#website\",\"url\":\"https:\/\/fuschini.com\/\",\"name\":\"Fuschini\",\"description\":\"\",\"potentialAction\":[{\"@type\":\"SearchAction\",\"target\":{\"@type\":\"EntryPoint\",\"urlTemplate\":\"https:\/\/fuschini.com\/?s={search_term_string}\"},\"query-input\":{\"@type\":\"PropertyValueSpecification\",\"valueRequired\":true,\"valueName\":\"search_term_string\"}}],\"inLanguage\":\"pt-PT\"}]}<\/script>\n<!-- \/ Yoast SEO plugin. -->","yoast_head_json":{"title":"Leonor Bedside Table | Fuschini","description":"Some things are worth to be seen, while others are meant to be kept to yourself. No matter what you bring to the room, with Leonor's bedside table you can sleep peacefully knowing your essentials are safe and sound.  dimensions can be customized 600 x 400 x 500mm (width x depth x height)","robots":{"index":"index","follow":"follow","max-snippet":"max-snippet:-1","max-image-preview":"max-image-preview:large","max-video-preview":"max-video-preview:-1"},"canonical":"https:\/\/fuschini.com\/pt\/produto\/mesa-de-cabeceira-leonor\/","og_locale":"pt_PT","og_type":"article","og_title":"Leonor Bedside Table | Fuschini","og_description":"Some things are worth to be seen, while others are meant to be kept to yourself. No matter what you bring to the room, with Leonor's bedside table you can sleep peacefully knowing your essentials are safe and sound.  dimensions can be customized 600 x 400 x 500mm (width x depth x height)","og_url":"https:\/\/fuschini.com\/pt\/produto\/mesa-de-cabeceira-leonor\/","og_site_name":"Fuschini","article_modified_time":"2026-02-07T13:01:11+00:00","og_image":[{"width":914,"height":1300,"url":"https:\/\/fuschini.com\/wp-content\/uploads\/2025\/05\/M007_Mesinha-Leonor_01-scaled.jpg","type":"image\/jpeg"}],"twitter_card":"summary_large_image","twitter_misc":{"Tempo estimado de leitura":"1 minuto"},"schema":{"@context":"https:\/\/schema.org","@graph":[{"@type":"WebPage","@id":"https:\/\/fuschini.com\/product\/leonor-bedside-table\/","url":"https:\/\/fuschini.com\/product\/leonor-bedside-table\/","name":"Leonor Bedside Table | Fuschini","isPartOf":{"@id":"https:\/\/fuschini.com\/#website"},"primaryImageOfPage":{"@id":"https:\/\/fuschini.com\/product\/leonor-bedside-table\/#primaryimage"},"image":{"@id":"https:\/\/fuschini.com\/product\/leonor-bedside-table\/#primaryimage"},"thumbnailUrl":"https:\/\/fuschini.com\/wp-content\/uploads\/2025\/05\/M007_Mesinha-Leonor_01-scaled.jpg","datePublished":"2025-05-21T16:02:12+00:00","dateModified":"2026-02-07T13:01:11+00:00","description":"Some things are worth to be seen, while others are meant to be kept to yourself. No matter what you bring to the room, with Leonor's bedside table you can sleep peacefully knowing your essentials are safe and sound. dimensions can be customized 600 x 400 x 500mm (width x depth x height)","breadcrumb":{"@id":"https:\/\/fuschini.com\/product\/leonor-bedside-table\/#breadcrumb"},"inLanguage":"pt-PT","potentialAction":[{"@type":"ReadAction","target":["https:\/\/fuschini.com\/product\/leonor-bedside-table\/"]}]},{"@type":"ImageObject","inLanguage":"pt-PT","@id":"https:\/\/fuschini.com\/product\/leonor-bedside-table\/#primaryimage","url":"https:\/\/fuschini.com\/wp-content\/uploads\/2025\/05\/M007_Mesinha-Leonor_01-scaled.jpg","contentUrl":"https:\/\/fuschini.com\/wp-content\/uploads\/2025\/05\/M007_Mesinha-Leonor_01-scaled.jpg","width":914,"height":1300},{"@type":"BreadcrumbList","@id":"https:\/\/fuschini.com\/product\/leonor-bedside-table\/#breadcrumb","itemListElement":[{"@type":"ListItem","position":1,"name":"Home","item":"https:\/\/fuschini.com\/"},{"@type":"ListItem","position":2,"name":"Loja","item":"https:\/\/fuschini.com\/pt\/loja\/"},{"@type":"ListItem","position":3,"name":"Leonor Bedside Table"}]},{"@type":"WebSite","@id":"https:\/\/fuschini.com\/#website","url":"https:\/\/fuschini.com\/","name":"Fuschini","description":"","potentialAction":[{"@type":"SearchAction","target":{"@type":"EntryPoint","urlTemplate":"https:\/\/fuschini.com\/?s={search_term_string}"},"query-input":{"@type":"PropertyValueSpecification","valueRequired":true,"valueName":"search_term_string"}}],"inLanguage":"pt-PT"}]}},"_links":{"self":[{"href":"https:\/\/fuschini.com\/pt\/wp-json\/wp\/v2\/product\/1211","targetHints":{"allow":["GET"]}}],"collection":[{"href":"https:\/\/fuschini.com\/pt\/wp-json\/wp\/v2\/product"}],"about":[{"href":"https:\/\/fuschini.com\/pt\/wp-json\/wp\/v2\/types\/product"}],"wp:featuredmedia":[{"embeddable":true,"href":"https:\/\/fuschini.com\/pt\/wp-json\/wp\/v2\/media\/1212"}],"wp:attachment":[{"href":"https:\/\/fuschini.com\/pt\/wp-json\/wp\/v2\/media?parent=1211"}],"wp:term":[{"taxonomy":"product_brand","embeddable":true,"href":"https:\/\/fuschini.com\/pt\/wp-json\/wp\/v2\/product_brand?post=1211"},{"taxonomy":"product_cat","embeddable":true,"href":"https:\/\/fuschini.com\/pt\/wp-json\/wp\/v2\/product_cat?post=1211"},{"taxonomy":"product_tag","embeddable":true,"href":"https:\/\/fuschini.com\/pt\/wp-json\/wp\/v2\/product_tag?post=1211"},{"taxonomy":"designed-by","embeddable":true,"href":"https:\/\/fuschini.com\/pt\/wp-json\/wp\/v2\/designed-by?post=1211"}],"curies":[{"name":"wp","href":"https:\/\/api.w.org\/{rel}","templated":true}]}}