{"id":1041,"date":"2025-03-21T12:21:20","date_gmt":"2025-03-21T15:21:20","guid":{"rendered":"http:\/\/72.62.59.76\/?post_type=product&#038;p=1041"},"modified":"2026-02-19T11:21:26","modified_gmt":"2026-02-19T14:21:26","slug":"mesa-de-centro-ana","status":"publish","type":"product","link":"https:\/\/fuschini.com\/pt\/produto\/mesa-de-centro-ana\/","title":{"rendered":"Mesa de centro Ana"},"content":{"rendered":"<p>Para que serve a mesa de centro? Pousar ch\u00e1venas de caf\u00e9, deitar pe\u00e7as de decora\u00e7\u00e3o ou para esticar as pernas? \u00c9 uma discuss\u00e3o justa. Minimalista mas arrojada, esta mesa de centro de dois n\u00edveis arrisca-se a resolver a quest\u00e3o de uma s\u00f3 vez, dividindo as diferentes prioridades em dois n\u00edveis: Uma superf\u00edcie de vidro para manter as necessidades di\u00e1rias ao alcance do bra\u00e7o e um palco de madeira por baixo para exibir objectos queridos com curadoria.<\/p>","protected":false},"excerpt":{"rendered":"<p>What is the center table meant for? Coffee mugs, cocktail snacks, d\u00e9cor pieces, or stretched-out legs? It\u2019s a fair discussion. Minimalist yet bold, this two-tier center table takes the risk of solving the argument all at once, splitting different priorities into two levels: One glass surface to hold the daily needs at arm&#8217;s reach and [&hellip;]<\/p>","protected":false},"featured_media":1059,"template":"","meta":[],"product_brand":[],"product_cat":[22,32],"product_tag":[],"designed-by":[97],"class_list":{"0":"post-1041","1":"product","2":"type-product","3":"status-publish","4":"has-post-thumbnail","6":"product_cat-all","7":"product_cat-coffee-tables","8":"designed-by-vasco-lima-mayer","10":"first","11":"instock","12":"taxable","13":"shipping-taxable","14":"purchasable","15":"product-type-variable"},"yoast_head":"<!-- This site is optimized with the Yoast SEO plugin v25.3.1 - https:\/\/yoast.com\/wordpress\/plugins\/seo\/ -->\n<title>Ana Coffee Table | Fuschini<\/title>\n<meta name=\"description\" content=\"What is the center table meant for? Coffee mugs, cocktail snacks, d\u00e9cor pieces, or stretched-out legs? It\u2019s a fair discussion. Minimalist yet bold, this\" \/>\n<meta name=\"robots\" content=\"index, follow, max-snippet:-1, max-image-preview:large, max-video-preview:-1\" \/>\n<link rel=\"canonical\" href=\"https:\/\/fuschini.com\/pt\/produto\/mesa-de-centro-ana\/\" \/>\n<meta property=\"og:locale\" content=\"pt_PT\" \/>\n<meta property=\"og:type\" content=\"article\" \/>\n<meta property=\"og:title\" content=\"Ana Coffee Table | Fuschini\" \/>\n<meta property=\"og:description\" content=\"What is the center table meant for? Coffee mugs, cocktail snacks, d\u00e9cor pieces, or stretched-out legs? It\u2019s a fair discussion. Minimalist yet bold, this\" \/>\n<meta property=\"og:url\" content=\"https:\/\/fuschini.com\/pt\/produto\/mesa-de-centro-ana\/\" \/>\n<meta property=\"og:site_name\" content=\"Fuschini\" \/>\n<meta property=\"article:modified_time\" content=\"2026-02-19T14:21:26+00:00\" \/>\n<meta property=\"og:image\" content=\"https:\/\/fuschini.com\/wp-content\/uploads\/2025\/03\/Low-table-glass-Ana-Table-1-scaled.jpg\" \/>\n\t<meta property=\"og:image:width\" content=\"914\" \/>\n\t<meta property=\"og:image:height\" content=\"1300\" \/>\n\t<meta property=\"og:image:type\" content=\"image\/jpeg\" \/>\n<meta name=\"twitter:card\" content=\"summary_large_image\" \/>\n<meta name=\"twitter:label1\" content=\"Tempo estimado de leitura\" \/>\n\t<meta name=\"twitter:data1\" content=\"1 minuto\" \/>\n<script type=\"application\/ld+json\" class=\"yoast-schema-graph\">{\"@context\":\"https:\/\/schema.org\",\"@graph\":[{\"@type\":\"WebPage\",\"@id\":\"https:\/\/fuschini.com\/product\/ana-coffee-table\/\",\"url\":\"https:\/\/fuschini.com\/product\/ana-coffee-table\/\",\"name\":\"Ana Coffee Table | Fuschini\",\"isPartOf\":{\"@id\":\"https:\/\/fuschini.com\/#website\"},\"primaryImageOfPage\":{\"@id\":\"https:\/\/fuschini.com\/product\/ana-coffee-table\/#primaryimage\"},\"image\":{\"@id\":\"https:\/\/fuschini.com\/product\/ana-coffee-table\/#primaryimage\"},\"thumbnailUrl\":\"https:\/\/fuschini.com\/wp-content\/uploads\/2025\/03\/Low-table-glass-Ana-Table-1-scaled.jpg\",\"datePublished\":\"2025-03-21T15:21:20+00:00\",\"dateModified\":\"2026-02-19T14:21:26+00:00\",\"description\":\"What is the center table meant for? Coffee mugs, cocktail snacks, d\u00e9cor pieces, or stretched-out legs? It\u2019s a fair discussion. Minimalist yet bold, this\",\"breadcrumb\":{\"@id\":\"https:\/\/fuschini.com\/product\/ana-coffee-table\/#breadcrumb\"},\"inLanguage\":\"pt-PT\",\"potentialAction\":[{\"@type\":\"ReadAction\",\"target\":[\"https:\/\/fuschini.com\/product\/ana-coffee-table\/\"]}]},{\"@type\":\"ImageObject\",\"inLanguage\":\"pt-PT\",\"@id\":\"https:\/\/fuschini.com\/product\/ana-coffee-table\/#primaryimage\",\"url\":\"https:\/\/fuschini.com\/wp-content\/uploads\/2025\/03\/Low-table-glass-Ana-Table-1-scaled.jpg\",\"contentUrl\":\"https:\/\/fuschini.com\/wp-content\/uploads\/2025\/03\/Low-table-glass-Ana-Table-1-scaled.jpg\",\"width\":914,\"height\":1300},{\"@type\":\"BreadcrumbList\",\"@id\":\"https:\/\/fuschini.com\/product\/ana-coffee-table\/#breadcrumb\",\"itemListElement\":[{\"@type\":\"ListItem\",\"position\":1,\"name\":\"Home\",\"item\":\"https:\/\/fuschini.com\/\"},{\"@type\":\"ListItem\",\"position\":2,\"name\":\"Loja\",\"item\":\"https:\/\/fuschini.com\/pt\/loja\/\"},{\"@type\":\"ListItem\",\"position\":3,\"name\":\"Ana Coffee Table\"}]},{\"@type\":\"WebSite\",\"@id\":\"https:\/\/fuschini.com\/#website\",\"url\":\"https:\/\/fuschini.com\/\",\"name\":\"Fuschini\",\"description\":\"\",\"potentialAction\":[{\"@type\":\"SearchAction\",\"target\":{\"@type\":\"EntryPoint\",\"urlTemplate\":\"https:\/\/fuschini.com\/?s={search_term_string}\"},\"query-input\":{\"@type\":\"PropertyValueSpecification\",\"valueRequired\":true,\"valueName\":\"search_term_string\"}}],\"inLanguage\":\"pt-PT\"}]}<\/script>\n<!-- \/ Yoast SEO plugin. -->","yoast_head_json":{"title":"Ana Coffee Table | Fuschini","description":"What is the center table meant for? Coffee mugs, cocktail snacks, d\u00e9cor pieces, or stretched-out legs? It\u2019s a fair discussion. Minimalist yet bold, this","robots":{"index":"index","follow":"follow","max-snippet":"max-snippet:-1","max-image-preview":"max-image-preview:large","max-video-preview":"max-video-preview:-1"},"canonical":"https:\/\/fuschini.com\/pt\/produto\/mesa-de-centro-ana\/","og_locale":"pt_PT","og_type":"article","og_title":"Ana Coffee Table | Fuschini","og_description":"What is the center table meant for? Coffee mugs, cocktail snacks, d\u00e9cor pieces, or stretched-out legs? It\u2019s a fair discussion. Minimalist yet bold, this","og_url":"https:\/\/fuschini.com\/pt\/produto\/mesa-de-centro-ana\/","og_site_name":"Fuschini","article_modified_time":"2026-02-19T14:21:26+00:00","og_image":[{"width":914,"height":1300,"url":"https:\/\/fuschini.com\/wp-content\/uploads\/2025\/03\/Low-table-glass-Ana-Table-1-scaled.jpg","type":"image\/jpeg"}],"twitter_card":"summary_large_image","twitter_misc":{"Tempo estimado de leitura":"1 minuto"},"schema":{"@context":"https:\/\/schema.org","@graph":[{"@type":"WebPage","@id":"https:\/\/fuschini.com\/product\/ana-coffee-table\/","url":"https:\/\/fuschini.com\/product\/ana-coffee-table\/","name":"Ana Coffee Table | Fuschini","isPartOf":{"@id":"https:\/\/fuschini.com\/#website"},"primaryImageOfPage":{"@id":"https:\/\/fuschini.com\/product\/ana-coffee-table\/#primaryimage"},"image":{"@id":"https:\/\/fuschini.com\/product\/ana-coffee-table\/#primaryimage"},"thumbnailUrl":"https:\/\/fuschini.com\/wp-content\/uploads\/2025\/03\/Low-table-glass-Ana-Table-1-scaled.jpg","datePublished":"2025-03-21T15:21:20+00:00","dateModified":"2026-02-19T14:21:26+00:00","description":"What is the center table meant for? Coffee mugs, cocktail snacks, d\u00e9cor pieces, or stretched-out legs? It\u2019s a fair discussion. Minimalist yet bold, this","breadcrumb":{"@id":"https:\/\/fuschini.com\/product\/ana-coffee-table\/#breadcrumb"},"inLanguage":"pt-PT","potentialAction":[{"@type":"ReadAction","target":["https:\/\/fuschini.com\/product\/ana-coffee-table\/"]}]},{"@type":"ImageObject","inLanguage":"pt-PT","@id":"https:\/\/fuschini.com\/product\/ana-coffee-table\/#primaryimage","url":"https:\/\/fuschini.com\/wp-content\/uploads\/2025\/03\/Low-table-glass-Ana-Table-1-scaled.jpg","contentUrl":"https:\/\/fuschini.com\/wp-content\/uploads\/2025\/03\/Low-table-glass-Ana-Table-1-scaled.jpg","width":914,"height":1300},{"@type":"BreadcrumbList","@id":"https:\/\/fuschini.com\/product\/ana-coffee-table\/#breadcrumb","itemListElement":[{"@type":"ListItem","position":1,"name":"Home","item":"https:\/\/fuschini.com\/"},{"@type":"ListItem","position":2,"name":"Loja","item":"https:\/\/fuschini.com\/pt\/loja\/"},{"@type":"ListItem","position":3,"name":"Ana Coffee Table"}]},{"@type":"WebSite","@id":"https:\/\/fuschini.com\/#website","url":"https:\/\/fuschini.com\/","name":"Fuschini","description":"","potentialAction":[{"@type":"SearchAction","target":{"@type":"EntryPoint","urlTemplate":"https:\/\/fuschini.com\/?s={search_term_string}"},"query-input":{"@type":"PropertyValueSpecification","valueRequired":true,"valueName":"search_term_string"}}],"inLanguage":"pt-PT"}]}},"_links":{"self":[{"href":"https:\/\/fuschini.com\/pt\/wp-json\/wp\/v2\/product\/1041","targetHints":{"allow":["GET"]}}],"collection":[{"href":"https:\/\/fuschini.com\/pt\/wp-json\/wp\/v2\/product"}],"about":[{"href":"https:\/\/fuschini.com\/pt\/wp-json\/wp\/v2\/types\/product"}],"wp:featuredmedia":[{"embeddable":true,"href":"https:\/\/fuschini.com\/pt\/wp-json\/wp\/v2\/media\/1059"}],"wp:attachment":[{"href":"https:\/\/fuschini.com\/pt\/wp-json\/wp\/v2\/media?parent=1041"}],"wp:term":[{"taxonomy":"product_brand","embeddable":true,"href":"https:\/\/fuschini.com\/pt\/wp-json\/wp\/v2\/product_brand?post=1041"},{"taxonomy":"product_cat","embeddable":true,"href":"https:\/\/fuschini.com\/pt\/wp-json\/wp\/v2\/product_cat?post=1041"},{"taxonomy":"product_tag","embeddable":true,"href":"https:\/\/fuschini.com\/pt\/wp-json\/wp\/v2\/product_tag?post=1041"},{"taxonomy":"designed-by","embeddable":true,"href":"https:\/\/fuschini.com\/pt\/wp-json\/wp\/v2\/designed-by?post=1041"}],"curies":[{"name":"wp","href":"https:\/\/api.w.org\/{rel}","templated":true}]}}