{"id":660,"date":"2025-03-05T14:42:16","date_gmt":"2025-03-05T17:42:16","guid":{"rendered":"http:\/\/72.62.59.76\/?page_id=660"},"modified":"2025-03-20T15:50:43","modified_gmt":"2025-03-20T18:50:43","slug":"viver-com","status":"publish","type":"page","link":"https:\/\/fuschini.com\/pt\/viver-com\/","title":{"rendered":"VIVER COM"},"content":{"rendered":"<div data-elementor-type=\"wp-page\" data-elementor-id=\"660\" class=\"elementor elementor-660\" data-elementor-settings=\"{&quot;ha_cmc_init_switcher&quot;:&quot;no&quot;}\" data-elementor-post-type=\"page\">\n\t\t\t\t<div class=\"elementor-element elementor-element-e3d7ea5 e-flex e-con-boxed e-con e-parent\" data-id=\"e3d7ea5\" data-element_type=\"container\" data-settings=\"{&quot;_ha_eqh_enable&quot;:false}\">\n\t\t\t\t\t<div class=\"e-con-inner\">\n\t\t\t\t<div class=\"elementor-element elementor-element-73e03c5 elementor-widget__width-inherit elementor-widget elementor-widget-text-editor\" data-id=\"73e03c5\" data-element_type=\"widget\" data-widget_type=\"text-editor.default\">\n\t\t\t\t<div class=\"elementor-widget-container\">\n\t\t\t\t\t\t\t\t\t<p>O conforto n\u00e3o \u00e9 apenas algo a ter; \u00e9 um sentimento a abra\u00e7ar. A sua zona de conforto \u00e9 o nosso prazer. Para cada projeto, seguimos uma miss\u00e3o: criar experi\u00eancias aut\u00eanticas e cheias de alma no fluxo da vida quotidiana, seja atrav\u00e9s da crueza das texturas naturais, do calor dos materiais trabalhados ou do equil\u00edbrio de designs sustent\u00e1veis e intemporais. Utilizando as suas necessidades como combust\u00edvel e as suas percep\u00e7\u00f5es como diretrizes, transformamos os espa\u00e7os em obras-primas vivas e respir\u00e1veis.<\/p>\t\t\t\t\t\t\t\t<\/div>\n\t\t\t\t<\/div>\n\t\t\t\t<div class=\"elementor-element elementor-element-884e023 elementor-widget__width-inherit ha-advanced-tooltip-top ha-gb-stripe ha-gb-row ha-gb-right ha-gb-top ha-has-bg-overlay elementor-widget elementor-widget-jet-listing-grid\" data-id=\"884e023\" data-element_type=\"widget\" data-settings=\"{&quot;columns&quot;:&quot;4&quot;,&quot;columns_mobile&quot;:&quot;1&quot;}\" data-widget_type=\"jet-listing-grid.default\">\n\t\t\t\t<div class=\"elementor-widget-container\">\n\t\t\t\t\t<div class=\"jet-listing-grid jet-listing\"><div class=\"jet-listing-not-found jet-listing-grid__items\" data-nav=\"{&quot;enabled&quot;:false,&quot;type&quot;:null,&quot;more_el&quot;:null,&quot;query&quot;:[],&quot;widget_settings&quot;:{&quot;lisitng_id&quot;:697,&quot;posts_num&quot;:6,&quot;columns&quot;:4,&quot;columns_tablet&quot;:4,&quot;columns_mobile&quot;:1,&quot;column_min_width&quot;:240,&quot;column_min_width_tablet&quot;:240,&quot;column_min_width_mobile&quot;:240,&quot;inline_columns_css&quot;:false,&quot;is_archive_template&quot;:&quot;&quot;,&quot;post_status&quot;:[&quot;publish&quot;],&quot;use_random_posts_num&quot;:&quot;&quot;,&quot;max_posts_num&quot;:9,&quot;not_found_message&quot;:&quot;No data was found&quot;,&quot;is_masonry&quot;:false,&quot;equal_columns_height&quot;:&quot;&quot;,&quot;use_load_more&quot;:&quot;&quot;,&quot;load_more_id&quot;:&quot;&quot;,&quot;load_more_type&quot;:&quot;click&quot;,&quot;load_more_offset&quot;:{&quot;unit&quot;:&quot;px&quot;,&quot;size&quot;:0,&quot;sizes&quot;:[]},&quot;use_custom_post_types&quot;:&quot;&quot;,&quot;custom_post_types&quot;:[],&quot;hide_widget_if&quot;:&quot;&quot;,&quot;carousel_enabled&quot;:&quot;&quot;,&quot;slides_to_scroll&quot;:&quot;1&quot;,&quot;arrows&quot;:&quot;true&quot;,&quot;arrow_icon&quot;:&quot;fa fa-angle-left&quot;,&quot;dots&quot;:&quot;&quot;,&quot;autoplay&quot;:&quot;true&quot;,&quot;pause_on_hover&quot;:&quot;true&quot;,&quot;autoplay_speed&quot;:5000,&quot;infinite&quot;:&quot;true&quot;,&quot;center_mode&quot;:&quot;&quot;,&quot;effect&quot;:&quot;slide&quot;,&quot;speed&quot;:500,&quot;inject_alternative_items&quot;:&quot;&quot;,&quot;injection_items&quot;:[],&quot;scroll_slider_enabled&quot;:&quot;&quot;,&quot;scroll_slider_on&quot;:[&quot;desktop&quot;,&quot;tablet&quot;,&quot;mobile&quot;],&quot;custom_query&quot;:false,&quot;custom_query_id&quot;:&quot;&quot;,&quot;_element_id&quot;:&quot;&quot;,&quot;collapse_first_last_gap&quot;:false,&quot;list_tag_selection&quot;:&quot;&quot;,&quot;list_items_wrapper_tag&quot;:&quot;div&quot;,&quot;list_item_tag&quot;:&quot;div&quot;,&quot;empty_items_wrapper_tag&quot;:&quot;div&quot;}}\" data-listing-source=\"posts\" data-listing-id=\"697\" data-query-id=\"\" data-queried-id=\"660|WP_Post\">N\u00e3o foram encontrados dados<\/div><\/div>\t\t\t\t<\/div>\n\t\t\t\t<\/div>\n\t\t\t\t\t<\/div>\n\t\t\t\t<\/div>\n\t\t\t\t<\/div>","protected":false},"excerpt":{"rendered":"<p>Comfort is not just something to have; it\u2019s a feeling to embrace. Your comfort zone is our pleasure. For every project, we follow one mission: to create authentic and soulful experiences in the flow of everyday life, whether through the rawness of natural textures, the warmth of crafted materials, or the balance of timelessly sustainable [&hellip;]<\/p>","protected":false},"author":1,"featured_media":0,"parent":0,"menu_order":0,"comment_status":"closed","ping_status":"closed","template":"elementor_header_footer","meta":{"footnotes":""},"class_list":["post-660","page","type-page","status-publish","hentry"],"yoast_head":"<!-- This site is optimized with the Yoast SEO plugin v25.3.1 - https:\/\/yoast.com\/wordpress\/plugins\/seo\/ -->\n<title>LIVE WITH - Fuschini<\/title>\n<meta name=\"robots\" content=\"index, follow, max-snippet:-1, max-image-preview:large, max-video-preview:-1\" \/>\n<link rel=\"canonical\" href=\"https:\/\/fuschini.com\/pt\/viver-com\/\" \/>\n<meta property=\"og:locale\" content=\"pt_PT\" \/>\n<meta property=\"og:type\" content=\"article\" \/>\n<meta property=\"og:title\" content=\"LIVE WITH - Fuschini\" \/>\n<meta property=\"og:description\" content=\"Comfort is not just something to have; it\u2019s a feeling to embrace. Your comfort zone is our pleasure. For every project, we follow one mission: to create authentic and soulful experiences in the flow of everyday life, whether through the rawness of natural textures, the warmth of crafted materials, or the balance of timelessly sustainable [&hellip;]\" \/>\n<meta property=\"og:url\" content=\"https:\/\/fuschini.com\/pt\/viver-com\/\" \/>\n<meta property=\"og:site_name\" content=\"Fuschini\" \/>\n<meta property=\"article:modified_time\" content=\"2025-03-20T18:50:43+00:00\" \/>\n<meta name=\"twitter:card\" content=\"summary_large_image\" \/>\n<script type=\"application\/ld+json\" class=\"yoast-schema-graph\">{\"@context\":\"https:\/\/schema.org\",\"@graph\":[{\"@type\":\"WebPage\",\"@id\":\"https:\/\/fuschini.com\/live-with\/\",\"url\":\"https:\/\/fuschini.com\/live-with\/\",\"name\":\"LIVE WITH - Fuschini\",\"isPartOf\":{\"@id\":\"https:\/\/fuschini.com\/#website\"},\"datePublished\":\"2025-03-05T17:42:16+00:00\",\"dateModified\":\"2025-03-20T18:50:43+00:00\",\"breadcrumb\":{\"@id\":\"https:\/\/fuschini.com\/live-with\/#breadcrumb\"},\"inLanguage\":\"pt-PT\",\"potentialAction\":[{\"@type\":\"ReadAction\",\"target\":[\"https:\/\/fuschini.com\/live-with\/\"]}]},{\"@type\":\"BreadcrumbList\",\"@id\":\"https:\/\/fuschini.com\/live-with\/#breadcrumb\",\"itemListElement\":[{\"@type\":\"ListItem\",\"position\":1,\"name\":\"Home\",\"item\":\"https:\/\/fuschini.com\/\"},{\"@type\":\"ListItem\",\"position\":2,\"name\":\"LIVE WITH\"}]},{\"@type\":\"WebSite\",\"@id\":\"https:\/\/fuschini.com\/#website\",\"url\":\"https:\/\/fuschini.com\/\",\"name\":\"Fuschini\",\"description\":\"\",\"potentialAction\":[{\"@type\":\"SearchAction\",\"target\":{\"@type\":\"EntryPoint\",\"urlTemplate\":\"https:\/\/fuschini.com\/?s={search_term_string}\"},\"query-input\":{\"@type\":\"PropertyValueSpecification\",\"valueRequired\":true,\"valueName\":\"search_term_string\"}}],\"inLanguage\":\"pt-PT\"}]}<\/script>\n<!-- \/ Yoast SEO plugin. -->","yoast_head_json":{"title":"LIVE WITH - Fuschini","robots":{"index":"index","follow":"follow","max-snippet":"max-snippet:-1","max-image-preview":"max-image-preview:large","max-video-preview":"max-video-preview:-1"},"canonical":"https:\/\/fuschini.com\/pt\/viver-com\/","og_locale":"pt_PT","og_type":"article","og_title":"LIVE WITH - Fuschini","og_description":"Comfort is not just something to have; it\u2019s a feeling to embrace. Your comfort zone is our pleasure. For every project, we follow one mission: to create authentic and soulful experiences in the flow of everyday life, whether through the rawness of natural textures, the warmth of crafted materials, or the balance of timelessly sustainable [&hellip;]","og_url":"https:\/\/fuschini.com\/pt\/viver-com\/","og_site_name":"Fuschini","article_modified_time":"2025-03-20T18:50:43+00:00","twitter_card":"summary_large_image","schema":{"@context":"https:\/\/schema.org","@graph":[{"@type":"WebPage","@id":"https:\/\/fuschini.com\/live-with\/","url":"https:\/\/fuschini.com\/live-with\/","name":"LIVE WITH - Fuschini","isPartOf":{"@id":"https:\/\/fuschini.com\/#website"},"datePublished":"2025-03-05T17:42:16+00:00","dateModified":"2025-03-20T18:50:43+00:00","breadcrumb":{"@id":"https:\/\/fuschini.com\/live-with\/#breadcrumb"},"inLanguage":"pt-PT","potentialAction":[{"@type":"ReadAction","target":["https:\/\/fuschini.com\/live-with\/"]}]},{"@type":"BreadcrumbList","@id":"https:\/\/fuschini.com\/live-with\/#breadcrumb","itemListElement":[{"@type":"ListItem","position":1,"name":"Home","item":"https:\/\/fuschini.com\/"},{"@type":"ListItem","position":2,"name":"LIVE WITH"}]},{"@type":"WebSite","@id":"https:\/\/fuschini.com\/#website","url":"https:\/\/fuschini.com\/","name":"Fuschini","description":"","potentialAction":[{"@type":"SearchAction","target":{"@type":"EntryPoint","urlTemplate":"https:\/\/fuschini.com\/?s={search_term_string}"},"query-input":{"@type":"PropertyValueSpecification","valueRequired":true,"valueName":"search_term_string"}}],"inLanguage":"pt-PT"}]}},"_links":{"self":[{"href":"https:\/\/fuschini.com\/pt\/wp-json\/wp\/v2\/pages\/660","targetHints":{"allow":["GET"]}}],"collection":[{"href":"https:\/\/fuschini.com\/pt\/wp-json\/wp\/v2\/pages"}],"about":[{"href":"https:\/\/fuschini.com\/pt\/wp-json\/wp\/v2\/types\/page"}],"author":[{"embeddable":true,"href":"https:\/\/fuschini.com\/pt\/wp-json\/wp\/v2\/users\/1"}],"replies":[{"embeddable":true,"href":"https:\/\/fuschini.com\/pt\/wp-json\/wp\/v2\/comments?post=660"}],"version-history":[{"count":28,"href":"https:\/\/fuschini.com\/pt\/wp-json\/wp\/v2\/pages\/660\/revisions"}],"predecessor-version":[{"id":1029,"href":"https:\/\/fuschini.com\/pt\/wp-json\/wp\/v2\/pages\/660\/revisions\/1029"}],"wp:attachment":[{"href":"https:\/\/fuschini.com\/pt\/wp-json\/wp\/v2\/media?parent=660"}],"curies":[{"name":"wp","href":"https:\/\/api.w.org\/{rel}","templated":true}]}}