{"id":404,"date":"2025-02-26T14:50:05","date_gmt":"2025-02-26T17:50:05","guid":{"rendered":"http:\/\/72.62.59.76\/?page_id=404"},"modified":"2026-03-24T19:17:33","modified_gmt":"2026-03-24T22:17:33","slug":"venha-sentar-se-connosco","status":"publish","type":"page","link":"https:\/\/fuschini.com\/pt\/venha-sentar-se-connosco\/","title":{"rendered":"VENHA SENTAR-SE CONNOSCO"},"content":{"rendered":"<div data-elementor-type=\"wp-page\" data-elementor-id=\"404\" class=\"elementor elementor-404\" data-elementor-settings=\"{&quot;ha_cmc_init_switcher&quot;:&quot;no&quot;}\" data-elementor-post-type=\"page\">\n\t\t\t\t<div class=\"elementor-element elementor-element-39d5382 e-con-full e-flex e-con e-parent\" data-id=\"39d5382\" data-element_type=\"container\" data-settings=\"{&quot;background_background&quot;:&quot;classic&quot;,&quot;_ha_eqh_enable&quot;:false}\">\n\t\t<div class=\"elementor-element elementor-element-85750c0 e-con-full e-flex e-con e-child\" data-id=\"85750c0\" data-element_type=\"container\" data-settings=\"{&quot;background_background&quot;:&quot;classic&quot;,&quot;_ha_eqh_enable&quot;:false}\">\n\t\t<div class=\"elementor-element elementor-element-ddf14c5 e-con-full e-flex e-con e-child\" data-id=\"ddf14c5\" data-element_type=\"container\" data-settings=\"{&quot;_ha_eqh_enable&quot;:false}\">\n\t\t\t\t<div class=\"elementor-element elementor-element-71dadb4 elementor-widget elementor-widget-text-editor\" data-id=\"71dadb4\" data-element_type=\"widget\" data-widget_type=\"text-editor.default\">\n\t\t\t\t<div class=\"elementor-widget-container\">\n\t\t\t\t\t\t\t\t\t<p>Sinta-se em casa:<br \/><span style=\"font-weight: 400;\">Podem aparecer e sentar-se. <br \/>Na Fuschini, h\u00e1 muito espa\u00e7o para as suas ideias, basta diz\u00ea-lo e n\u00f3s fazemo-lo. <br \/>Mas primeiro, vamos conversar.<\/span><\/p>\t\t\t\t\t\t\t\t<\/div>\n\t\t\t\t<\/div>\n\t\t\t\t<div class=\"elementor-element elementor-element-78bc7ba elementor-widget elementor-widget-text-editor\" data-id=\"78bc7ba\" data-element_type=\"widget\" data-widget_type=\"text-editor.default\">\n\t\t\t\t<div class=\"elementor-widget-container\">\n\t\t\t\t\t\t\t\t\t<p>Escreva-nos | <a style=\"color: #282828;\" href=\"mailto:info@fuschini.com\"><u>info@fuschini.com<\/u><\/a><br>Venha sentar-se connosco | Rua Dr. Augusto Lamas, 2a<br>2760-152 Caxias<\/p>\t\t\t\t\t\t\t\t<\/div>\n\t\t\t\t<\/div>\n\t\t\t\t<div class=\"elementor-element elementor-element-4f03fee elementor-widget elementor-widget-text-editor\" data-id=\"4f03fee\" data-element_type=\"widget\" data-widget_type=\"text-editor.default\">\n\t\t\t\t<div class=\"elementor-widget-container\">\n\t\t\t\t\t\t\t\t\t(marca\u00e7\u00e3o obrigat\u00f3ria)\t\t\t\t\t\t\t\t<\/div>\n\t\t\t\t<\/div>\n\t\t<div class=\"elementor-element elementor-element-05efedb e-con-full e-flex e-con e-child\" data-id=\"05efedb\" data-element_type=\"container\" data-settings=\"{&quot;_ha_eqh_enable&quot;:false}\">\n\t\t\t\t<div class=\"elementor-element elementor-element-c4bdb6f elementor-widget elementor-widget-text-editor\" data-id=\"c4bdb6f\" data-element_type=\"widget\" data-widget_type=\"text-editor.default\">\n\t\t\t\t<div class=\"elementor-widget-container\">\n\t\t\t\t\t\t\t\t\t<p>Para conversas reconfortantes:<\/p>\t\t\t\t\t\t\t\t<\/div>\n\t\t\t\t<\/div>\n\t\t\t\t<div class=\"elementor-element elementor-element-c844d7e elementor-button-align-start elementor-widget elementor-widget-form\" data-id=\"c844d7e\" data-element_type=\"widget\" data-settings=\"{&quot;step_next_label&quot;:&quot;Next&quot;,&quot;step_previous_label&quot;:&quot;Previous&quot;,&quot;button_width&quot;:&quot;100&quot;,&quot;step_type&quot;:&quot;number_text&quot;,&quot;step_icon_shape&quot;:&quot;circle&quot;}\" data-widget_type=\"form.default\">\n\t\t\t\t<div class=\"elementor-widget-container\">\n\t\t\t\t\t\t\t<form class=\"elementor-form\" method=\"post\" name=\"New Form\" action=\"\">\n\t\t\t<input type=\"hidden\" name=\"post_id\" value=\"404\"\/>\n\t\t\t<input type=\"hidden\" name=\"form_id\" value=\"c844d7e\"\/>\n\t\t\t<input type=\"hidden\" name=\"referer_title\" value=\"Fuschini\" \/>\n\n\t\t\t\n\t\t\t<div class=\"elementor-form-fields-wrapper elementor-labels-\">\n\t\t\t\t\t\t\t\t<div class=\"elementor-field-type-text elementor-field-group elementor-column elementor-field-group-field_4b8adb6 elementor-col-100 elementor-field-required\">\n\t\t\t\t\t\t\t\t\t\t\t\t\t<input size=\"1\" type=\"text\" name=\"form_fields[field_4b8adb6]\" id=\"form-field-field_4b8adb6\" class=\"elementor-field elementor-size-sm  elementor-field-textual\" placeholder=\"Nome\" required=\"required\">\n\t\t\t\t\t\t\t\t\t\t\t<\/div>\n\t\t\t\t\t\t\t\t<div class=\"elementor-field-type-tel elementor-field-group elementor-column elementor-field-group-field_4e8243c elementor-col-100 elementor-field-required\">\n\t\t\t\t\t\t\t<input size=\"1\" type=\"tel\" name=\"form_fields[field_4e8243c]\" id=\"form-field-field_4e8243c\" class=\"elementor-field elementor-size-sm  elementor-field-textual\" placeholder=\"N\u00famero de telefone\" required=\"required\" pattern=\"[0-9()#&amp;+*-=.]+\" title=\"S\u00f3 s\u00e3o aceites n\u00fameros e caracteres de telefone (#, -, *, etc.).\">\n\n\t\t\t\t\t\t<\/div>\n\t\t\t\t\t\t\t\t<div class=\"elementor-field-type-email elementor-field-group elementor-column elementor-field-group-field_63b6dbc elementor-col-100 elementor-field-required\">\n\t\t\t\t\t\t\t\t\t\t\t\t\t<input size=\"1\" type=\"email\" name=\"form_fields[field_63b6dbc]\" id=\"form-field-field_63b6dbc\" class=\"elementor-field elementor-size-sm  elementor-field-textual\" placeholder=\"Correio eletr\u00f3nico\" required=\"required\">\n\t\t\t\t\t\t\t\t\t\t\t<\/div>\n\t\t\t\t\t\t\t\t<div class=\"elementor-field-type-textarea elementor-field-group elementor-column elementor-field-group-field_cbb7e8c elementor-col-100 elementor-field-required\">\n\t\t\t\t\t<textarea class=\"elementor-field-textual elementor-field  elementor-size-sm\" name=\"form_fields[field_cbb7e8c]\" id=\"form-field-field_cbb7e8c\" rows=\"4\" placeholder=\"Conte\u00fado\" required=\"required\"><\/textarea>\t\t\t\t<\/div>\n\t\t\t\t\t\t\t\t<div class=\"elementor-field-type-acceptance elementor-field-group elementor-column elementor-field-group-field_c578673 elementor-col-100 elementor-field-required\">\n\t\t\t\t\t\t\t<div class=\"elementor-field-subgroup\">\n\t\t\t<span class=\"elementor-field-option\">\n\t\t\t\t<input type=\"checkbox\" name=\"form_fields[field_c578673]\" id=\"form-field-field_c578673\" class=\"elementor-field elementor-size-sm  elementor-acceptance-field\" required=\"required\">\n\t\t\t\t<label for=\"form-field-field_c578673\">Aceito que a FUSCHINI utilize todas as informa\u00e7\u00f5es para armazenar e processar\nos seus dados. Para mais informa\u00e7\u00f5es, visite a nossa <a href=\"http:\/\/fuschini.com\/pt\/termos-de-privacidade\/\"> Pol\u00edtica de privacidade <\/a>.<\/label>\t\t\t<\/span>\n\t\t<\/div>\n\t\t\t\t\t\t<\/div>\n\t\t\t\t\t\t\t\t<div class=\"elementor-field-group elementor-column elementor-field-type-submit elementor-col-100 e-form__buttons\">\n\t\t\t\t\t<button class=\"elementor-button elementor-size-sm\" type=\"submit\">\n\t\t\t\t\t\t<span class=\"elementor-button-content-wrapper\">\n\t\t\t\t\t\t\t\t\t\t\t\t\t\t\t\t\t\t\t\t\t\t<span class=\"elementor-button-text\">  Enviar <i aria-hidden=\"true\" class=\"hm hm-arrow-right\"><\/i><\/span>\n\t\t\t\t\t\t\t\t\t\t\t\t\t<\/span>\n\t\t\t\t\t<\/button>\n\t\t\t\t<\/div>\n\t\t\t<\/div>\n\t\t<input type=\"hidden\" name=\"trp-form-language\" value=\"pt\"\/><\/form>\n\t\t\t\t\t\t<\/div>\n\t\t\t\t<\/div>\n\t\t\t\t<\/div>\n\t\t\t\t<\/div>\n\t\t\t\t<\/div>\n\t\t\t\t<\/div>\n\t\t\t\t<\/div>","protected":false},"excerpt":{"rendered":"<p>Our home is your home.You\u2019re welcome to show up and have a seat. At Fuschini, there\u2019s plenty of space for your ideas.Just say it, and we\u2019ll make it. But first, let\u2019s have a talk. Send us an email | info@fuschini.comCome sit with us | Rua Dr. Augusto Lamas, 2a2760-152 Caxias (appointment required) For comforting conversations:<\/p>","protected":false},"author":1,"featured_media":0,"parent":0,"menu_order":0,"comment_status":"closed","ping_status":"closed","template":"elementor_header_footer","meta":{"footnotes":""},"class_list":["post-404","page","type-page","status-publish","hentry"],"yoast_head":"<!-- This site is optimized with the Yoast SEO plugin v25.3.1 - https:\/\/yoast.com\/wordpress\/plugins\/seo\/ -->\n<title>Come sit with us | Fuschini<\/title>\n<meta name=\"description\" content=\"Come sit with us. Fuschini crafts timeless furniture where comfort meets design. A home for your ideas\u2014made by hand, made to feel.\" \/>\n<meta name=\"robots\" content=\"index, follow, max-snippet:-1, max-image-preview:large, max-video-preview:-1\" \/>\n<link rel=\"canonical\" href=\"https:\/\/fuschini.com\/pt\/venha-sentar-se-connosco\/\" \/>\n<meta property=\"og:locale\" content=\"pt_PT\" \/>\n<meta property=\"og:type\" content=\"article\" \/>\n<meta property=\"og:title\" content=\"Come sit with us | Fuschini\" \/>\n<meta property=\"og:description\" content=\"Come sit with us. Fuschini crafts timeless furniture where comfort meets design. A home for your ideas\u2014made by hand, made to feel.\" \/>\n<meta property=\"og:url\" content=\"https:\/\/fuschini.com\/pt\/venha-sentar-se-connosco\/\" \/>\n<meta property=\"og:site_name\" content=\"Fuschini\" \/>\n<meta property=\"article:modified_time\" content=\"2026-03-24T22:17:33+00:00\" \/>\n<meta name=\"twitter:card\" content=\"summary_large_image\" \/>\n<meta name=\"twitter:label1\" content=\"Tempo estimado de leitura\" \/>\n\t<meta name=\"twitter:data1\" content=\"1 minuto\" \/>\n<script type=\"application\/ld+json\" class=\"yoast-schema-graph\">{\"@context\":\"https:\/\/schema.org\",\"@graph\":[{\"@type\":\"WebPage\",\"@id\":\"https:\/\/fuschini.com\/come-sit-with-us\/\",\"url\":\"https:\/\/fuschini.com\/come-sit-with-us\/\",\"name\":\"Come sit with us | Fuschini\",\"isPartOf\":{\"@id\":\"https:\/\/fuschini.com\/#website\"},\"datePublished\":\"2025-02-26T17:50:05+00:00\",\"dateModified\":\"2026-03-24T22:17:33+00:00\",\"description\":\"Come sit with us. Fuschini crafts timeless furniture where comfort meets design. A home for your ideas\u2014made by hand, made to feel.\",\"breadcrumb\":{\"@id\":\"https:\/\/fuschini.com\/come-sit-with-us\/#breadcrumb\"},\"inLanguage\":\"pt-PT\",\"potentialAction\":[{\"@type\":\"ReadAction\",\"target\":[\"https:\/\/fuschini.com\/come-sit-with-us\/\"]}]},{\"@type\":\"BreadcrumbList\",\"@id\":\"https:\/\/fuschini.com\/come-sit-with-us\/#breadcrumb\",\"itemListElement\":[{\"@type\":\"ListItem\",\"position\":1,\"name\":\"Home\",\"item\":\"https:\/\/fuschini.com\/\"},{\"@type\":\"ListItem\",\"position\":2,\"name\":\"COME SIT WITH US\"}]},{\"@type\":\"WebSite\",\"@id\":\"https:\/\/fuschini.com\/#website\",\"url\":\"https:\/\/fuschini.com\/\",\"name\":\"Fuschini\",\"description\":\"\",\"potentialAction\":[{\"@type\":\"SearchAction\",\"target\":{\"@type\":\"EntryPoint\",\"urlTemplate\":\"https:\/\/fuschini.com\/?s={search_term_string}\"},\"query-input\":{\"@type\":\"PropertyValueSpecification\",\"valueRequired\":true,\"valueName\":\"search_term_string\"}}],\"inLanguage\":\"pt-PT\"}]}<\/script>\n<!-- \/ Yoast SEO plugin. -->","yoast_head_json":{"title":"Come sit with us | Fuschini","description":"Come sit with us. Fuschini crafts timeless furniture where comfort meets design. A home for your ideas\u2014made by hand, made to feel.","robots":{"index":"index","follow":"follow","max-snippet":"max-snippet:-1","max-image-preview":"max-image-preview:large","max-video-preview":"max-video-preview:-1"},"canonical":"https:\/\/fuschini.com\/pt\/venha-sentar-se-connosco\/","og_locale":"pt_PT","og_type":"article","og_title":"Come sit with us | Fuschini","og_description":"Come sit with us. Fuschini crafts timeless furniture where comfort meets design. A home for your ideas\u2014made by hand, made to feel.","og_url":"https:\/\/fuschini.com\/pt\/venha-sentar-se-connosco\/","og_site_name":"Fuschini","article_modified_time":"2026-03-24T22:17:33+00:00","twitter_card":"summary_large_image","twitter_misc":{"Tempo estimado de leitura":"1 minuto"},"schema":{"@context":"https:\/\/schema.org","@graph":[{"@type":"WebPage","@id":"https:\/\/fuschini.com\/come-sit-with-us\/","url":"https:\/\/fuschini.com\/come-sit-with-us\/","name":"Come sit with us | Fuschini","isPartOf":{"@id":"https:\/\/fuschini.com\/#website"},"datePublished":"2025-02-26T17:50:05+00:00","dateModified":"2026-03-24T22:17:33+00:00","description":"Come sit with us. Fuschini crafts timeless furniture where comfort meets design. A home for your ideas\u2014made by hand, made to feel.","breadcrumb":{"@id":"https:\/\/fuschini.com\/come-sit-with-us\/#breadcrumb"},"inLanguage":"pt-PT","potentialAction":[{"@type":"ReadAction","target":["https:\/\/fuschini.com\/come-sit-with-us\/"]}]},{"@type":"BreadcrumbList","@id":"https:\/\/fuschini.com\/come-sit-with-us\/#breadcrumb","itemListElement":[{"@type":"ListItem","position":1,"name":"Home","item":"https:\/\/fuschini.com\/"},{"@type":"ListItem","position":2,"name":"COME SIT WITH US"}]},{"@type":"WebSite","@id":"https:\/\/fuschini.com\/#website","url":"https:\/\/fuschini.com\/","name":"Fuschini","description":"","potentialAction":[{"@type":"SearchAction","target":{"@type":"EntryPoint","urlTemplate":"https:\/\/fuschini.com\/?s={search_term_string}"},"query-input":{"@type":"PropertyValueSpecification","valueRequired":true,"valueName":"search_term_string"}}],"inLanguage":"pt-PT"}]}},"_links":{"self":[{"href":"https:\/\/fuschini.com\/pt\/wp-json\/wp\/v2\/pages\/404","targetHints":{"allow":["GET"]}}],"collection":[{"href":"https:\/\/fuschini.com\/pt\/wp-json\/wp\/v2\/pages"}],"about":[{"href":"https:\/\/fuschini.com\/pt\/wp-json\/wp\/v2\/types\/page"}],"author":[{"embeddable":true,"href":"https:\/\/fuschini.com\/pt\/wp-json\/wp\/v2\/users\/1"}],"replies":[{"embeddable":true,"href":"https:\/\/fuschini.com\/pt\/wp-json\/wp\/v2\/comments?post=404"}],"version-history":[{"count":244,"href":"https:\/\/fuschini.com\/pt\/wp-json\/wp\/v2\/pages\/404\/revisions"}],"predecessor-version":[{"id":4204,"href":"https:\/\/fuschini.com\/pt\/wp-json\/wp\/v2\/pages\/404\/revisions\/4204"}],"wp:attachment":[{"href":"https:\/\/fuschini.com\/pt\/wp-json\/wp\/v2\/media?parent=404"}],"curies":[{"name":"wp","href":"https:\/\/api.w.org\/{rel}","templated":true}]}}