{"id":359,"date":"2025-02-26T14:08:13","date_gmt":"2025-02-26T17:08:13","guid":{"rendered":"http:\/\/72.62.59.76\/?page_id=359"},"modified":"2025-11-10T07:33:35","modified_gmt":"2025-11-10T10:33:35","slug":"fuschini","status":"publish","type":"page","link":"https:\/\/fuschini.com\/pt\/fuschini\/","title":{"rendered":"FUSCHINI"},"content":{"rendered":"<div data-elementor-type=\"wp-page\" data-elementor-id=\"359\" class=\"elementor elementor-359\" data-elementor-settings=\"{&quot;ha_cmc_init_switcher&quot;:&quot;no&quot;}\" data-elementor-post-type=\"page\">\n\t\t\t\t<div class=\"elementor-element elementor-element-a52f436 e-con-full e-flex e-con e-parent\" data-id=\"a52f436\" data-element_type=\"container\" data-settings=\"{&quot;_ha_eqh_enable&quot;:false}\">\n\t\t\t\t<div class=\"elementor-element elementor-element-46f90cf elementor-widget__width-auto elementor-widget elementor-widget-heading\" data-id=\"46f90cf\" data-element_type=\"widget\" data-widget_type=\"heading.default\">\n\t\t\t\t<div class=\"elementor-widget-container\">\n\t\t\t\t\t<h1 class=\"elementor-heading-title elementor-size-default\">FUSCHINI - A MARCA<\/h1>\t\t\t\t<\/div>\n\t\t\t\t<\/div>\n\t\t\t\t<div class=\"elementor-element elementor-element-e239a82 elementor-widget elementor-widget-text-editor\" data-id=\"e239a82\" data-element_type=\"widget\" data-widget_type=\"text-editor.default\">\n\t\t\t\t<div class=\"elementor-widget-container\">\n\t\t\t\t\t\t\t\t\t<p>A na\u00e7\u00e3o onde nascemos, onde criamos e onde crescemos para o mundo.<br data-start=\"203\" data-end=\"206\" \/>Portugal est\u00e1 nas nossas origens, na forma como vemos, vivemos e fazemos.<br data-start=\"269\" data-end=\"272\" \/>Vive na paci\u00eancia dos nossos artes\u00e3os, na honestidade das nossas mat\u00e9rias-primas, na beleza da simplicidade que nos esfor\u00e7amos por criar.<br data-start=\"403\" data-end=\"406\" \/>Cada pe\u00e7a \u00e9 feita aqui, moldada pelo ADN das nossas m\u00e3os e pelo orgulho que carregamos no nosso selo.<\/p>\t\t\t\t\t\t\t\t<\/div>\n\t\t\t\t<\/div>\n\t\t<div class=\"elementor-element elementor-element-895a5e3 e-con-full e-flex e-con e-child\" data-id=\"895a5e3\" data-element_type=\"container\" data-settings=\"{&quot;_ha_eqh_enable&quot;:false}\">\n\t\t<div class=\"elementor-element elementor-element-4b03493 e-con-full e-flex e-con e-child\" data-id=\"4b03493\" data-element_type=\"container\" data-settings=\"{&quot;_ha_eqh_enable&quot;:false}\">\n\t\t\t\t<div class=\"elementor-element elementor-element-3cc89ff elementor-widget elementor-widget-image\" data-id=\"3cc89ff\" data-element_type=\"widget\" data-widget_type=\"image.default\">\n\t\t\t\t<div class=\"elementor-widget-container\">\n\t\t\t\t\t\t\t\t\t\t\t\t\t\t\t<img fetchpriority=\"high\" decoding=\"async\" width=\"975\" height=\"1300\" src=\"https:\/\/fuschini.com\/wp-content\/uploads\/2025\/06\/4C7A8932.jpg\" class=\"attachment-full size-full wp-image-2375\" alt=\"\" srcset=\"https:\/\/fuschini.com\/wp-content\/uploads\/2025\/06\/4C7A8932.jpg 975w, https:\/\/fuschini.com\/wp-content\/uploads\/2025\/06\/4C7A8932-225x300.jpg 225w, https:\/\/fuschini.com\/wp-content\/uploads\/2025\/06\/4C7A8932-768x1024.jpg 768w, https:\/\/fuschini.com\/wp-content\/uploads\/2025\/06\/4C7A8932-1152x1536.jpg 1152w, https:\/\/fuschini.com\/wp-content\/uploads\/2025\/06\/4C7A8932-9x12.jpg 9w, https:\/\/fuschini.com\/wp-content\/uploads\/2025\/06\/4C7A8932-600x800.jpg 600w\" sizes=\"(max-width: 975px) 100vw, 975px\" \/>\t\t\t\t\t\t\t\t\t\t\t\t\t\t\t<\/div>\n\t\t\t\t<\/div>\n\t\t\t\t<\/div>\n\t\t<div class=\"elementor-element elementor-element-881495f e-con-full e-flex e-con e-child\" data-id=\"881495f\" data-element_type=\"container\" data-settings=\"{&quot;_ha_eqh_enable&quot;:false}\">\n\t\t\t\t<div class=\"elementor-element elementor-element-936e404 elementor-widget elementor-widget-image\" data-id=\"936e404\" data-element_type=\"widget\" data-widget_type=\"image.default\">\n\t\t\t\t<div class=\"elementor-widget-container\">\n\t\t\t\t\t\t\t\t\t\t\t\t\t\t\t<img decoding=\"async\" width=\"975\" height=\"1300\" src=\"https:\/\/fuschini.com\/wp-content\/uploads\/2025\/06\/4C7A9179.jpg\" class=\"attachment-full size-full wp-image-2376\" alt=\"\" srcset=\"https:\/\/fuschini.com\/wp-content\/uploads\/2025\/06\/4C7A9179.jpg 975w, https:\/\/fuschini.com\/wp-content\/uploads\/2025\/06\/4C7A9179-225x300.jpg 225w, https:\/\/fuschini.com\/wp-content\/uploads\/2025\/06\/4C7A9179-768x1024.jpg 768w, https:\/\/fuschini.com\/wp-content\/uploads\/2025\/06\/4C7A9179-1152x1536.jpg 1152w, https:\/\/fuschini.com\/wp-content\/uploads\/2025\/06\/4C7A9179-9x12.jpg 9w, https:\/\/fuschini.com\/wp-content\/uploads\/2025\/06\/4C7A9179-600x800.jpg 600w\" sizes=\"(max-width: 975px) 100vw, 975px\" \/>\t\t\t\t\t\t\t\t\t\t\t\t\t\t\t<\/div>\n\t\t\t\t<\/div>\n\t\t\t\t<\/div>\n\t\t<div class=\"elementor-element elementor-element-4b9df2a e-con-full e-flex e-con e-child\" data-id=\"4b9df2a\" data-element_type=\"container\" data-settings=\"{&quot;_ha_eqh_enable&quot;:false}\">\n\t\t\t\t<div class=\"elementor-element elementor-element-40ccfb3 elementor-widget elementor-widget-image\" data-id=\"40ccfb3\" data-element_type=\"widget\" data-widget_type=\"image.default\">\n\t\t\t\t<div class=\"elementor-widget-container\">\n\t\t\t\t\t\t\t\t\t\t\t\t\t\t\t<img decoding=\"async\" width=\"975\" height=\"1300\" src=\"https:\/\/fuschini.com\/wp-content\/uploads\/2025\/06\/IMG_20210716_162500-01.jpg\" class=\"attachment-full size-full wp-image-2378\" alt=\"\" srcset=\"https:\/\/fuschini.com\/wp-content\/uploads\/2025\/06\/IMG_20210716_162500-01.jpg 975w, https:\/\/fuschini.com\/wp-content\/uploads\/2025\/06\/IMG_20210716_162500-01-225x300.jpg 225w, https:\/\/fuschini.com\/wp-content\/uploads\/2025\/06\/IMG_20210716_162500-01-768x1024.jpg 768w, https:\/\/fuschini.com\/wp-content\/uploads\/2025\/06\/IMG_20210716_162500-01-1152x1536.jpg 1152w, https:\/\/fuschini.com\/wp-content\/uploads\/2025\/06\/IMG_20210716_162500-01-9x12.jpg 9w, https:\/\/fuschini.com\/wp-content\/uploads\/2025\/06\/IMG_20210716_162500-01-600x800.jpg 600w\" sizes=\"(max-width: 975px) 100vw, 975px\" \/>\t\t\t\t\t\t\t\t\t\t\t\t\t\t\t<\/div>\n\t\t\t\t<\/div>\n\t\t\t\t<\/div>\n\t\t\t\t<\/div>\n\t\t\t\t<div class=\"elementor-element elementor-element-a852e11 elementor-widget__width-auto elementor-widget-mobile__width-inherit elementor-widget elementor-widget-heading\" data-id=\"a852e11\" data-element_type=\"widget\" data-widget_type=\"heading.default\">\n\t\t\t\t<div class=\"elementor-widget-container\">\n\t\t\t\t\t<p class=\"elementor-heading-title elementor-size-default\">Porqu\u00ea Fuschini?<\/p>\t\t\t\t<\/div>\n\t\t\t\t<\/div>\n\t\t\t\t<div class=\"elementor-element elementor-element-9c53817 elementor-widget elementor-widget-text-editor\" data-id=\"9c53817\" data-element_type=\"widget\" data-widget_type=\"text-editor.default\">\n\t\t\t\t<div class=\"elementor-widget-container\">\n\t\t\t\t\t\t\t\t\t<p>Com uma vis\u00e3o autoral e um forte compromisso com a qualidade, a Fuschini cria pe\u00e7as intemporais que ligam pessoas e espa\u00e7os - misturando beleza, conforto e simplicidade com 100% artesanato local.<br \/>Inspirada por um legado familiar de artistas e artes\u00e3os, a marca est\u00e1 enraizada na tradi\u00e7\u00e3o com um objetivo claro: fazer do design uma arte de viver.<\/p>\t\t\t\t\t\t\t\t<\/div>\n\t\t\t\t<\/div>\n\t\t<div class=\"elementor-element elementor-element-8034d1e e-flex e-con-boxed e-con e-child\" data-id=\"8034d1e\" data-element_type=\"container\" data-settings=\"{&quot;_ha_eqh_enable&quot;:false}\">\n\t\t\t\t\t<div class=\"e-con-inner\">\n\t\t<div class=\"elementor-element elementor-element-b96dcb9 e-con-full e-flex e-con e-child\" data-id=\"b96dcb9\" data-element_type=\"container\" data-settings=\"{&quot;_ha_eqh_enable&quot;:false}\">\n\t\t\t\t<div class=\"elementor-element elementor-element-f214e39 elementor-widget elementor-widget-image\" data-id=\"f214e39\" data-element_type=\"widget\" data-widget_type=\"image.default\">\n\t\t\t\t<div class=\"elementor-widget-container\">\n\t\t\t\t\t\t\t\t\t\t\t\t\t\t\t<img loading=\"lazy\" decoding=\"async\" width=\"2146\" height=\"1433\" src=\"https:\/\/fuschini.com\/wp-content\/uploads\/2025\/05\/imagem_2025-05-27_101440346.png\" class=\"attachment-full size-full wp-image-1528\" alt=\"\" srcset=\"https:\/\/fuschini.com\/wp-content\/uploads\/2025\/05\/imagem_2025-05-27_101440346.png 2146w, https:\/\/fuschini.com\/wp-content\/uploads\/2025\/05\/imagem_2025-05-27_101440346-300x200.png 300w, https:\/\/fuschini.com\/wp-content\/uploads\/2025\/05\/imagem_2025-05-27_101440346-1024x684.png 1024w, https:\/\/fuschini.com\/wp-content\/uploads\/2025\/05\/imagem_2025-05-27_101440346-768x513.png 768w, https:\/\/fuschini.com\/wp-content\/uploads\/2025\/05\/imagem_2025-05-27_101440346-1536x1026.png 1536w, https:\/\/fuschini.com\/wp-content\/uploads\/2025\/05\/imagem_2025-05-27_101440346-2048x1368.png 2048w, https:\/\/fuschini.com\/wp-content\/uploads\/2025\/05\/imagem_2025-05-27_101440346-18x12.png 18w, https:\/\/fuschini.com\/wp-content\/uploads\/2025\/05\/imagem_2025-05-27_101440346-600x401.png 600w\" sizes=\"(max-width: 2146px) 100vw, 2146px\" \/>\t\t\t\t\t\t\t\t\t\t\t\t\t\t\t<\/div>\n\t\t\t\t<\/div>\n\t\t\t\t<\/div>\n\t\t\t\t\t<\/div>\n\t\t\t\t<\/div>\n\t\t\t\t<\/div>\n\t\t<div class=\"elementor-element elementor-element-0ad739d e-con-full e-flex e-con e-parent\" data-id=\"0ad739d\" data-element_type=\"container\" data-settings=\"{&quot;_ha_eqh_enable&quot;:false}\">\n\t\t\t\t<div class=\"elementor-element elementor-element-10bf383 elementor-widget__width-auto elementor-widget elementor-widget-heading\" data-id=\"10bf383\" data-element_type=\"widget\" data-widget_type=\"heading.default\">\n\t\t\t\t<div class=\"elementor-widget-container\">\n\t\t\t\t\t<h1 class=\"elementor-heading-title elementor-size-default\">A cadeira de madeira mais leve do mundo\n<\/h1>\t\t\t\t<\/div>\n\t\t\t\t<\/div>\n\t\t\t\t<div class=\"elementor-element elementor-element-2104aa7 elementor-widget elementor-widget-text-editor\" data-id=\"2104aa7\" data-element_type=\"widget\" data-widget_type=\"text-editor.default\">\n\t\t\t\t<div class=\"elementor-widget-container\">\n\t\t\t\t\t\t\t\t\t<p>A cadeira Manuel nasceu de um desafio lan\u00e7ado pela nossa f\u00e1brica: criar uma pe\u00e7a em Kiri japon\u00eas \u2014 uma madeira extraordinariamente leve, fina e resistente.<\/p>\n<p>Conhecido como a \u201c\u00e1rvore do futuro\u201d, o Kiri japon\u00eas destaca-se n\u00e3o s\u00f3 pelas suas qualidades t\u00e9cnicas, mas tamb\u00e9m pelo seu reduzido impacto ambiental.\nBranca e com veio bem definido, esta madeira n\u00e3o empena, n\u00e3o racha e revela uma durabilidade excecional.<\/p>\n<p>Inspirados por esta mat\u00e9ria-prima e com a ambi\u00e7\u00e3o de ultrapassar a lend\u00e1ria Superleggera de Gio Ponti \u2014 que pesa apenas 1,7 kg \u2014 propusemo-nos criar a cadeira de madeira mais leve do mundo.\nO nosso prop\u00f3sito foi eliminar tudo o que fosse sup\u00e9rfluo, preservando apenas a sua estrutura essencial.<\/p>\n<p>O resultado \u00e9 a Manuel: uma cadeira com apenas 1,15 kg, que transmite simplicidade, pureza e delicadeza.<br>Mais do que uma pe\u00e7a de mobili\u00e1rio.<br>A cadeira Manuel \u00e9 uma verdadeira obra de arte.<\/p>\t\t\t\t\t\t\t\t<\/div>\n\t\t\t\t<\/div>\n\t\t<div class=\"elementor-element elementor-element-1cdf105 e-con-full e-flex e-con e-child\" data-id=\"1cdf105\" data-element_type=\"container\" data-settings=\"{&quot;_ha_eqh_enable&quot;:false}\">\n\t\t<div class=\"elementor-element elementor-element-b6680b1 e-con-full e-flex e-con e-child\" data-id=\"b6680b1\" data-element_type=\"container\" data-settings=\"{&quot;_ha_eqh_enable&quot;:false}\">\n\t\t\t\t<div class=\"elementor-element elementor-element-ff0e74a elementor-widget elementor-widget-image\" data-id=\"ff0e74a\" data-element_type=\"widget\" data-widget_type=\"image.default\">\n\t\t\t\t<div class=\"elementor-widget-container\">\n\t\t\t\t\t\t\t\t\t\t\t\t\t\t\t<img loading=\"lazy\" decoding=\"async\" width=\"867\" height=\"1300\" src=\"https:\/\/fuschini.com\/wp-content\/uploads\/2025\/07\/fuschini_post-26.jpg\" class=\"attachment-full size-full wp-image-3457\" alt=\"\" srcset=\"https:\/\/fuschini.com\/wp-content\/uploads\/2025\/07\/fuschini_post-26.jpg 867w, https:\/\/fuschini.com\/wp-content\/uploads\/2025\/07\/fuschini_post-26-200x300.jpg 200w, https:\/\/fuschini.com\/wp-content\/uploads\/2025\/07\/fuschini_post-26-683x1024.jpg 683w, https:\/\/fuschini.com\/wp-content\/uploads\/2025\/07\/fuschini_post-26-768x1151.jpg 768w, https:\/\/fuschini.com\/wp-content\/uploads\/2025\/07\/fuschini_post-26-1025x1536.jpg 1025w, https:\/\/fuschini.com\/wp-content\/uploads\/2025\/07\/fuschini_post-26-1366x2048.jpg 1366w, https:\/\/fuschini.com\/wp-content\/uploads\/2025\/07\/fuschini_post-26-8x12.jpg 8w, https:\/\/fuschini.com\/wp-content\/uploads\/2025\/07\/fuschini_post-26-600x899.jpg 600w\" sizes=\"(max-width: 867px) 100vw, 867px\" \/>\t\t\t\t\t\t\t\t\t\t\t\t\t\t\t<\/div>\n\t\t\t\t<\/div>\n\t\t\t\t<\/div>\n\t\t<div class=\"elementor-element elementor-element-2470ccd e-con-full e-flex e-con e-child\" data-id=\"2470ccd\" data-element_type=\"container\" data-settings=\"{&quot;_ha_eqh_enable&quot;:false}\">\n\t\t\t\t<div class=\"elementor-element elementor-element-ad6210e elementor-widget elementor-widget-image\" data-id=\"ad6210e\" data-element_type=\"widget\" data-widget_type=\"image.default\">\n\t\t\t\t<div class=\"elementor-widget-container\">\n\t\t\t\t\t\t\t\t\t\t\t\t\t\t\t<img loading=\"lazy\" decoding=\"async\" width=\"867\" height=\"1300\" src=\"https:\/\/fuschini.com\/wp-content\/uploads\/2025\/07\/fuschini_post-22.jpg\" class=\"attachment-full size-full wp-image-3458\" alt=\"\" srcset=\"https:\/\/fuschini.com\/wp-content\/uploads\/2025\/07\/fuschini_post-22.jpg 867w, https:\/\/fuschini.com\/wp-content\/uploads\/2025\/07\/fuschini_post-22-200x300.jpg 200w, https:\/\/fuschini.com\/wp-content\/uploads\/2025\/07\/fuschini_post-22-683x1024.jpg 683w, https:\/\/fuschini.com\/wp-content\/uploads\/2025\/07\/fuschini_post-22-768x1151.jpg 768w, https:\/\/fuschini.com\/wp-content\/uploads\/2025\/07\/fuschini_post-22-1025x1536.jpg 1025w, https:\/\/fuschini.com\/wp-content\/uploads\/2025\/07\/fuschini_post-22-1366x2048.jpg 1366w, https:\/\/fuschini.com\/wp-content\/uploads\/2025\/07\/fuschini_post-22-8x12.jpg 8w, https:\/\/fuschini.com\/wp-content\/uploads\/2025\/07\/fuschini_post-22-600x899.jpg 600w\" sizes=\"(max-width: 867px) 100vw, 867px\" \/>\t\t\t\t\t\t\t\t\t\t\t\t\t\t\t<\/div>\n\t\t\t\t<\/div>\n\t\t\t\t<\/div>\n\t\t<div class=\"elementor-element elementor-element-2d3f6d4 e-con-full e-flex e-con e-child\" data-id=\"2d3f6d4\" data-element_type=\"container\" data-settings=\"{&quot;_ha_eqh_enable&quot;:false}\">\n\t\t\t\t<div class=\"elementor-element elementor-element-d9cb80b elementor-widget elementor-widget-image\" data-id=\"d9cb80b\" data-element_type=\"widget\" data-widget_type=\"image.default\">\n\t\t\t\t<div class=\"elementor-widget-container\">\n\t\t\t\t\t\t\t\t\t\t\t\t\t\t\t<img loading=\"lazy\" decoding=\"async\" width=\"867\" height=\"1300\" src=\"https:\/\/fuschini.com\/wp-content\/uploads\/2025\/07\/fuschini_post-20.jpg\" class=\"attachment-full size-full wp-image-3459\" alt=\"\" srcset=\"https:\/\/fuschini.com\/wp-content\/uploads\/2025\/07\/fuschini_post-20.jpg 867w, https:\/\/fuschini.com\/wp-content\/uploads\/2025\/07\/fuschini_post-20-200x300.jpg 200w, https:\/\/fuschini.com\/wp-content\/uploads\/2025\/07\/fuschini_post-20-683x1024.jpg 683w, https:\/\/fuschini.com\/wp-content\/uploads\/2025\/07\/fuschini_post-20-768x1151.jpg 768w, https:\/\/fuschini.com\/wp-content\/uploads\/2025\/07\/fuschini_post-20-1025x1536.jpg 1025w, https:\/\/fuschini.com\/wp-content\/uploads\/2025\/07\/fuschini_post-20-1366x2048.jpg 1366w, https:\/\/fuschini.com\/wp-content\/uploads\/2025\/07\/fuschini_post-20-8x12.jpg 8w, https:\/\/fuschini.com\/wp-content\/uploads\/2025\/07\/fuschini_post-20-600x899.jpg 600w\" sizes=\"(max-width: 867px) 100vw, 867px\" \/>\t\t\t\t\t\t\t\t\t\t\t\t\t\t\t<\/div>\n\t\t\t\t<\/div>\n\t\t\t\t<\/div>\n\t\t\t\t<\/div>\n\t\t<div class=\"elementor-element elementor-element-b05dfed e-flex e-con-boxed e-con e-child\" data-id=\"b05dfed\" data-element_type=\"container\" data-settings=\"{&quot;_ha_eqh_enable&quot;:false}\">\n\t\t\t\t\t<div class=\"e-con-inner\">\n\t\t\t\t\t<\/div>\n\t\t\t\t<\/div>\n\t\t\t\t<\/div>\n\t\t\t\t<\/div>","protected":false},"excerpt":{"rendered":"<p>FUSCHINI \u2014 THE BRAND The nation where we were born, where we create, and where we grow for the world.Portugal is in our origins, in the way we see, live, and make.It lives in the patience of our artisans, in the honesty of our raw materials, in the beauty of the simplicity we strive to [&hellip;]<\/p>","protected":false},"author":1,"featured_media":0,"parent":0,"menu_order":0,"comment_status":"closed","ping_status":"closed","template":"elementor_header_footer","meta":{"footnotes":""},"class_list":["post-359","page","type-page","status-publish","hentry"],"yoast_head":"<!-- This site is optimized with the Yoast SEO plugin v25.3.1 - https:\/\/yoast.com\/wordpress\/plugins\/seo\/ -->\n<title>FUSCHINI - Fuschini<\/title>\n<meta name=\"robots\" content=\"index, follow, max-snippet:-1, max-image-preview:large, max-video-preview:-1\" \/>\n<link rel=\"canonical\" href=\"https:\/\/fuschini.com\/pt\/fuschini\/\" \/>\n<meta property=\"og:locale\" content=\"pt_PT\" \/>\n<meta property=\"og:type\" content=\"article\" \/>\n<meta property=\"og:title\" content=\"FUSCHINI - Fuschini\" \/>\n<meta property=\"og:description\" content=\"FUSCHINI \u2014 THE BRAND The nation where we were born, where we create, and where we grow for the world.Portugal is in our origins, in the way we see, live, and make.It lives in the patience of our artisans, in the honesty of our raw materials, in the beauty of the simplicity we strive to [&hellip;]\" \/>\n<meta property=\"og:url\" content=\"https:\/\/fuschini.com\/pt\/fuschini\/\" \/>\n<meta property=\"og:site_name\" content=\"Fuschini\" \/>\n<meta property=\"article:modified_time\" content=\"2025-11-10T10:33:35+00:00\" \/>\n<meta property=\"og:image\" content=\"https:\/\/fuschini.com\/wp-content\/uploads\/2025\/06\/4C7A8932.jpg\" \/>\n\t<meta property=\"og:image:width\" content=\"975\" \/>\n\t<meta property=\"og:image:height\" content=\"1300\" \/>\n\t<meta property=\"og:image:type\" content=\"image\/jpeg\" \/>\n<meta name=\"twitter:card\" content=\"summary_large_image\" \/>\n<meta name=\"twitter:label1\" content=\"Tempo estimado de leitura\" \/>\n\t<meta name=\"twitter:data1\" content=\"3 minutos\" \/>\n<script type=\"application\/ld+json\" class=\"yoast-schema-graph\">{\"@context\":\"https:\/\/schema.org\",\"@graph\":[{\"@type\":\"WebPage\",\"@id\":\"https:\/\/fuschini.com\/fuschini\/\",\"url\":\"https:\/\/fuschini.com\/fuschini\/\",\"name\":\"FUSCHINI - Fuschini\",\"isPartOf\":{\"@id\":\"https:\/\/fuschini.com\/#website\"},\"primaryImageOfPage\":{\"@id\":\"https:\/\/fuschini.com\/fuschini\/#primaryimage\"},\"image\":{\"@id\":\"https:\/\/fuschini.com\/fuschini\/#primaryimage\"},\"thumbnailUrl\":\"https:\/\/fuschini.com\/wp-content\/uploads\/2025\/06\/4C7A8932.jpg\",\"datePublished\":\"2025-02-26T17:08:13+00:00\",\"dateModified\":\"2025-11-10T10:33:35+00:00\",\"breadcrumb\":{\"@id\":\"https:\/\/fuschini.com\/fuschini\/#breadcrumb\"},\"inLanguage\":\"pt-PT\",\"potentialAction\":[{\"@type\":\"ReadAction\",\"target\":[\"https:\/\/fuschini.com\/fuschini\/\"]}]},{\"@type\":\"ImageObject\",\"inLanguage\":\"pt-PT\",\"@id\":\"https:\/\/fuschini.com\/fuschini\/#primaryimage\",\"url\":\"https:\/\/fuschini.com\/wp-content\/uploads\/2025\/06\/4C7A8932.jpg\",\"contentUrl\":\"https:\/\/fuschini.com\/wp-content\/uploads\/2025\/06\/4C7A8932.jpg\"},{\"@type\":\"BreadcrumbList\",\"@id\":\"https:\/\/fuschini.com\/fuschini\/#breadcrumb\",\"itemListElement\":[{\"@type\":\"ListItem\",\"position\":1,\"name\":\"Home\",\"item\":\"https:\/\/fuschini.com\/\"},{\"@type\":\"ListItem\",\"position\":2,\"name\":\"FUSCHINI\"}]},{\"@type\":\"WebSite\",\"@id\":\"https:\/\/fuschini.com\/#website\",\"url\":\"https:\/\/fuschini.com\/\",\"name\":\"Fuschini\",\"description\":\"\",\"potentialAction\":[{\"@type\":\"SearchAction\",\"target\":{\"@type\":\"EntryPoint\",\"urlTemplate\":\"https:\/\/fuschini.com\/?s={search_term_string}\"},\"query-input\":{\"@type\":\"PropertyValueSpecification\",\"valueRequired\":true,\"valueName\":\"search_term_string\"}}],\"inLanguage\":\"pt-PT\"}]}<\/script>\n<!-- \/ Yoast SEO plugin. -->","yoast_head_json":{"title":"FUSCHINI - Fuschini","robots":{"index":"index","follow":"follow","max-snippet":"max-snippet:-1","max-image-preview":"max-image-preview:large","max-video-preview":"max-video-preview:-1"},"canonical":"https:\/\/fuschini.com\/pt\/fuschini\/","og_locale":"pt_PT","og_type":"article","og_title":"FUSCHINI - Fuschini","og_description":"FUSCHINI \u2014 THE BRAND The nation where we were born, where we create, and where we grow for the world.Portugal is in our origins, in the way we see, live, and make.It lives in the patience of our artisans, in the honesty of our raw materials, in the beauty of the simplicity we strive to [&hellip;]","og_url":"https:\/\/fuschini.com\/pt\/fuschini\/","og_site_name":"Fuschini","article_modified_time":"2025-11-10T10:33:35+00:00","og_image":[{"width":975,"height":1300,"url":"https:\/\/fuschini.com\/wp-content\/uploads\/2025\/06\/4C7A8932.jpg","type":"image\/jpeg"}],"twitter_card":"summary_large_image","twitter_misc":{"Tempo estimado de leitura":"3 minutos"},"schema":{"@context":"https:\/\/schema.org","@graph":[{"@type":"WebPage","@id":"https:\/\/fuschini.com\/fuschini\/","url":"https:\/\/fuschini.com\/fuschini\/","name":"FUSCHINI - Fuschini","isPartOf":{"@id":"https:\/\/fuschini.com\/#website"},"primaryImageOfPage":{"@id":"https:\/\/fuschini.com\/fuschini\/#primaryimage"},"image":{"@id":"https:\/\/fuschini.com\/fuschini\/#primaryimage"},"thumbnailUrl":"https:\/\/fuschini.com\/wp-content\/uploads\/2025\/06\/4C7A8932.jpg","datePublished":"2025-02-26T17:08:13+00:00","dateModified":"2025-11-10T10:33:35+00:00","breadcrumb":{"@id":"https:\/\/fuschini.com\/fuschini\/#breadcrumb"},"inLanguage":"pt-PT","potentialAction":[{"@type":"ReadAction","target":["https:\/\/fuschini.com\/fuschini\/"]}]},{"@type":"ImageObject","inLanguage":"pt-PT","@id":"https:\/\/fuschini.com\/fuschini\/#primaryimage","url":"https:\/\/fuschini.com\/wp-content\/uploads\/2025\/06\/4C7A8932.jpg","contentUrl":"https:\/\/fuschini.com\/wp-content\/uploads\/2025\/06\/4C7A8932.jpg"},{"@type":"BreadcrumbList","@id":"https:\/\/fuschini.com\/fuschini\/#breadcrumb","itemListElement":[{"@type":"ListItem","position":1,"name":"Home","item":"https:\/\/fuschini.com\/"},{"@type":"ListItem","position":2,"name":"FUSCHINI"}]},{"@type":"WebSite","@id":"https:\/\/fuschini.com\/#website","url":"https:\/\/fuschini.com\/","name":"Fuschini","description":"","potentialAction":[{"@type":"SearchAction","target":{"@type":"EntryPoint","urlTemplate":"https:\/\/fuschini.com\/?s={search_term_string}"},"query-input":{"@type":"PropertyValueSpecification","valueRequired":true,"valueName":"search_term_string"}}],"inLanguage":"pt-PT"}]}},"_links":{"self":[{"href":"https:\/\/fuschini.com\/pt\/wp-json\/wp\/v2\/pages\/359","targetHints":{"allow":["GET"]}}],"collection":[{"href":"https:\/\/fuschini.com\/pt\/wp-json\/wp\/v2\/pages"}],"about":[{"href":"https:\/\/fuschini.com\/pt\/wp-json\/wp\/v2\/types\/page"}],"author":[{"embeddable":true,"href":"https:\/\/fuschini.com\/pt\/wp-json\/wp\/v2\/users\/1"}],"replies":[{"embeddable":true,"href":"https:\/\/fuschini.com\/pt\/wp-json\/wp\/v2\/comments?post=359"}],"version-history":[{"count":115,"href":"https:\/\/fuschini.com\/pt\/wp-json\/wp\/v2\/pages\/359\/revisions"}],"predecessor-version":[{"id":3614,"href":"https:\/\/fuschini.com\/pt\/wp-json\/wp\/v2\/pages\/359\/revisions\/3614"}],"wp:attachment":[{"href":"https:\/\/fuschini.com\/pt\/wp-json\/wp\/v2\/media?parent=359"}],"curies":[{"name":"wp","href":"https:\/\/api.w.org\/{rel}","templated":true}]}}