{"id":1646,"date":"2025-05-27T12:42:34","date_gmt":"2025-05-27T15:42:34","guid":{"rendered":"http:\/\/72.62.59.76\/?page_id=1646"},"modified":"2026-03-27T09:46:41","modified_gmt":"2026-03-27T12:46:41","slug":"encomenda-de-transporte","status":"publish","type":"page","link":"https:\/\/fuschini.com\/pt\/encomenda-de-transporte\/","title":{"rendered":"Encomenda e envio"},"content":{"rendered":"<div data-elementor-type=\"wp-page\" data-elementor-id=\"1646\" class=\"elementor elementor-1646\" data-elementor-settings=\"{&quot;ha_cmc_init_switcher&quot;:&quot;no&quot;}\" data-elementor-post-type=\"page\">\n\t\t\t\t<div class=\"elementor-element elementor-element-39d5382 e-con-full e-flex e-con e-parent\" data-id=\"39d5382\" data-element_type=\"container\" data-settings=\"{&quot;background_background&quot;:&quot;classic&quot;,&quot;_ha_eqh_enable&quot;:false}\">\n\t\t<div class=\"elementor-element elementor-element-85750c0 e-con-full e-flex e-con e-child\" data-id=\"85750c0\" data-element_type=\"container\" data-settings=\"{&quot;_ha_eqh_enable&quot;:false}\">\n\t\t<div class=\"elementor-element elementor-element-ddf14c5 e-con-full e-flex e-con e-child\" data-id=\"ddf14c5\" data-element_type=\"container\" data-settings=\"{&quot;_ha_eqh_enable&quot;:false}\">\n\t\t\t\t<div class=\"elementor-element elementor-element-6aaa31d elementor-widget__width-auto elementor-widget elementor-widget-heading\" data-id=\"6aaa31d\" data-element_type=\"widget\" data-widget_type=\"heading.default\">\n\t\t\t\t<div class=\"elementor-widget-container\">\n\t\t\t\t\t<h2 class=\"elementor-heading-title elementor-size-default\">Encomenda e envio<\/h2>\t\t\t\t<\/div>\n\t\t\t\t<\/div>\n\t\t\t\t<div class=\"elementor-element elementor-element-71dadb4 elementor-widget elementor-widget-text-editor\" data-id=\"71dadb4\" data-element_type=\"widget\" data-widget_type=\"text-editor.default\">\n\t\t\t\t<div class=\"elementor-widget-container\">\n\t\t\t\t\t\t\t\t\t<h4>Expedi\u00e7\u00e3o<\/h4><p>Para garantir que os artigos s\u00e3o entregues em perfeitas condi\u00e7\u00f5es, temos o nosso pr\u00f3prio servi\u00e7o de entregas dispon\u00edvel em Lisboa e no Porto. Quando este est\u00e1 dispon\u00edvel, \u00e9 o nosso m\u00e9todo de entrega preferido. Se n\u00e3o estiver dispon\u00edvel ou se optar por tratar do processo de entrega e montagem por si pr\u00f3prio, podemos organizar a expedi\u00e7\u00e3o dos artigos atrav\u00e9s de parceiros de confian\u00e7a:<\/p><h4>Servi\u00e7os de entrega<\/h4><p>Normalmente, ser\u00e1 cobrada uma taxa por cada encomenda. Se nos encomendar mais do que uma vez dentro de um per\u00edodo de tempo limitado, podemos organizar a embalagem e a entrega de todas as encomendas num \u00fanico servi\u00e7o de entrega. Informe-nos disso atrav\u00e9s da nossa p\u00e1gina de contactos ou enviando um e-mail para info@fuschini.com.\u00a0<\/p><p>Lembre-se de verificar se est\u00e3o reunidas todas as condi\u00e7\u00f5es para a entrega, nomeadamente se o acesso necess\u00e1rio \u00e9 feito pela entrada do pr\u00e9dio e por escadas ou se existe elevador, e se a entrada da casa e a divis\u00e3o onde pretende o artigo est\u00e3o desimpedidas e com dimens\u00e3o adequada. S\u00f3 entregamos artigos que necessitem de ser transportados por uma escada at\u00e9 um terceiro andar, e se o seu peso for adequado a esta situa\u00e7\u00e3o (70kg).<\/p><h4>Despacho<\/h4><p>Se a entrega n\u00e3o estiver dispon\u00edvel, indicar-lhe-emos o valor de uma entrega profissional (mas n\u00e3o a montagem) na sua morada. Se a aceitar, este valor ser\u00e1 inclu\u00eddo no pre\u00e7o final da encomenda, que ter\u00e1 de pagar antecipadamente. ter\u00e1 sempre a possibilidade de optar por recolher as pe\u00e7as no nosso armaz\u00e9m atrav\u00e9s de um expedidor que contrate diretamente. Nesse caso, n\u00e3o ser\u00e1 cobrado qualquer custo de entrega. quando a expedi\u00e7\u00e3o \u00e9 o m\u00e9todo de entrega, a nossa responsabilidade pelo manuseamento dos produtos termina no momento em que os entregamos ao transportador. para que qualquer devolu\u00e7\u00e3o ou reclama\u00e7\u00e3o seja aceite por n\u00f3s, ter\u00e1 de escrever na nota de entrega qualquer sinal vis\u00edvel de mau manuseamento ou de danos na embalagem aquando da rece\u00e7\u00e3o dos artigos.<\/p><h4>Devolu\u00e7\u00f5es<\/h4><p>Tentamos fazer tudo o que est\u00e1 ao nosso alcance para que fique realmente feliz por ter um produto fuschini. tomamos todas as medidas para garantir a qualidade e a qualidade artesanal dos nossos produtos. sabe que fabricamos e montamos todos os produtos fuschini na nossa f\u00e1brica em portugal. os artigos que encomendou n\u00e3o est\u00e3o armazenados num dos nossos armaz\u00e9ns \u00e0 espera de serem entregues. Na realidade, eles n\u00e3o existem no momento da encomenda, mas ganham vida com o seu pedido. no entanto, sabemos que, por vezes, ter\u00e1 alguns problemas com os nossos produtos ou que pode mudar de ideias e querer reverter a sua decis\u00e3o de compra. nesses casos, aplicar-se-\u00e3o as seguintes pol\u00edticas:<\/p><h4>Artigos danificados<\/h4><p>inspeccionamos todos os artigos que fabricamos com o m\u00e1ximo cuidado e aten\u00e7\u00e3o. normalmente montamos cada artigo para o testar antes de o embalar e enviar. ap\u00f3s a rece\u00e7\u00e3o, por favor inspeccione a embalagem para verificar se existe alguma marca exterior que possa indicar danos no artigo. se se tratar de uma pe\u00e7a que foi transportada por n\u00f3s, ou por empresa de transporte contratada por n\u00f3s, contacte os nossos servi\u00e7os atrav\u00e9s da nossa p\u00e1gina de contactos ou enviando um email para info@fuschini.com e providenciaremos a sua substitui\u00e7\u00e3o ou corre\u00e7\u00e3o. se se tratar de uma entrega que est\u00e1 a receber por uma transportadora contratada por si, por favor escreva a sua reclama\u00e7\u00e3o ou den\u00fancia na guia de remessa que lhe ser\u00e1 apresentada pela distribuidora, e documente da melhor forma poss\u00edvel os danos que encontrar. podemos ajud\u00e1-lo a obter o seu reembolso ou uma nova pe\u00e7a paga pela transportadora ou seguradora. se n\u00e3o apresentar provas da situa\u00e7\u00e3o da embalagem poderemos n\u00e3o poder assumir a responsabilidade.<\/p><h4>Artigos incompletos ou com defeito<\/h4><p>Por mais que nos esforcemos, em algumas situa\u00e7\u00f5es poder\u00e1 receber um artigo incompleto ou defeituoso. Se tal acontecer, contacte os nossos servi\u00e7os atrav\u00e9s da nossa p\u00e1gina de contactos ou enviando um e-mail para info@fuschini.com, apresente o seu caso e envie qualquer documento que possamos necessitar para verificar e confirmar o defeito ou incompletude e providenciaremos uma substitui\u00e7\u00e3o imediata.<\/p><h4>Devolu\u00e7\u00f5es e reembolsos<\/h4><p>As nossas pol\u00edticas de devolu\u00e7\u00f5es e reembolsos est\u00e3o em conformidade com todos os direitos que lhe assistem, enquanto consumidor que compra bens online, ao abrigo da lei, especificamente os regulamentos de prote\u00e7\u00e3o do consumidor de 2000 - vendas \u00e0 dist\u00e2ncia. Para todos os artigos comprados online (ou na nossa loja), tem o direito de devolver os seus artigos para obter um reembolso do pre\u00e7o de compra e de quaisquer despesas de envio que tenha pago:<\/p><p>1. Se adquiriu um m\u00f3vel ou um acess\u00f3rio escolhido no nosso cat\u00e1logo, basta informar-nos de que pretende devolver o(s) artigo(s) no prazo de 14 dias a contar da data de entrega em sua casa. A devolu\u00e7\u00e3o do artigo \u00e9 da sua responsabilidade e ter\u00e1 de o fazer assim que for razoavelmente poss\u00edvel. se os artigos lhe tiverem sido entregues pelo nosso servi\u00e7o de entregas, podemos providenciar a recolha dos artigos e cobrar-lhe-emos uma taxa pelo servi\u00e7o - os nossos servi\u00e7os far\u00e3o um or\u00e7amento antes de agendar qualquer recolha. tenha em aten\u00e7\u00e3o que ter\u00e1 a obriga\u00e7\u00e3o legal de devolver os artigos em perfeitas condi\u00e7\u00f5es e, sempre que poss\u00edvel, na embalagem original.<\/p><p>2. Aceitamos que a devolu\u00e7\u00e3o seja feita diretamente para o nosso armaz\u00e9m.<\/p><p>3. N\u00e3o podemos garantir o reembolso de m\u00f3veis por medida, tecidos vendidos a metro e pe\u00e7as que n\u00e3o se encontrem em perfeitas condi\u00e7\u00f5es. o seu reembolso ser\u00e1 processado atrav\u00e9s do mesmo m\u00e9todo de pagamento que utilizou para pagar a encomenda original. este reembolso ser\u00e1 efectuado com a maior brevidade poss\u00edvel e tentamos process\u00e1-lo num prazo inferior a 14 dias. em qualquer caso n\u00e3o listado nas situa\u00e7\u00f5es anteriores, por favor contacte os nossos servi\u00e7os. mesmo que n\u00e3o tenha direito legal a um reembolso, queremos que fique satisfeito com qualquer artigo que nos tenha comprado, pelo que avaliaremos qualquer pedido que queira fazer.<\/p>\t\t\t\t\t\t\t\t<\/div>\n\t\t\t\t<\/div>\n\t\t\t\t<\/div>\n\t\t\t\t<\/div>\n\t\t\t\t<\/div>\n\t\t\t\t<\/div>","protected":false},"excerpt":{"rendered":"<p>Shipping In order to guarantee that the items are delivered in perfect conditions we have our own delivery service available in lisbon and porto. when this is available it is our preferred delivery method. if unavailable or if you choose to handle the delivery and assembly process yourself we can arrange for a dispatch of [&hellip;]<\/p>","protected":false},"author":1,"featured_media":0,"parent":0,"menu_order":0,"comment_status":"closed","ping_status":"closed","template":"elementor_header_footer","meta":{"footnotes":""},"class_list":["post-1646","page","type-page","status-publish","hentry"],"yoast_head":"<!-- This site is optimized with the Yoast SEO plugin v25.3.1 - https:\/\/yoast.com\/wordpress\/plugins\/seo\/ -->\n<title>Ordering &amp; Shipping | Fuschini<\/title>\n<meta name=\"description\" content=\"We deliver Fuschini furniture with care in Lisbon, Porto &amp; abroad. Learn about delivery options, dispatch methods, and our return &amp; refund policies.\" \/>\n<meta name=\"robots\" content=\"index, follow, max-snippet:-1, max-image-preview:large, max-video-preview:-1\" \/>\n<link rel=\"canonical\" href=\"https:\/\/fuschini.com\/pt\/encomenda-de-transporte\/\" \/>\n<meta property=\"og:locale\" content=\"pt_PT\" \/>\n<meta property=\"og:type\" content=\"article\" \/>\n<meta property=\"og:title\" content=\"Ordering &amp; Shipping | Fuschini\" \/>\n<meta property=\"og:description\" content=\"We deliver Fuschini furniture with care in Lisbon, Porto &amp; abroad. Learn about delivery options, dispatch methods, and our return &amp; refund policies.\" \/>\n<meta property=\"og:url\" content=\"https:\/\/fuschini.com\/pt\/encomenda-de-transporte\/\" \/>\n<meta property=\"og:site_name\" content=\"Fuschini\" \/>\n<meta property=\"article:modified_time\" content=\"2026-03-27T12:46:41+00:00\" \/>\n<meta name=\"twitter:card\" content=\"summary_large_image\" \/>\n<meta name=\"twitter:label1\" content=\"Tempo estimado de leitura\" \/>\n\t<meta name=\"twitter:data1\" content=\"5 minutos\" \/>\n<script type=\"application\/ld+json\" class=\"yoast-schema-graph\">{\"@context\":\"https:\/\/schema.org\",\"@graph\":[{\"@type\":\"WebPage\",\"@id\":\"https:\/\/fuschini.com\/ordering-shipping\/\",\"url\":\"https:\/\/fuschini.com\/ordering-shipping\/\",\"name\":\"Ordering & Shipping | Fuschini\",\"isPartOf\":{\"@id\":\"https:\/\/fuschini.com\/#website\"},\"datePublished\":\"2025-05-27T15:42:34+00:00\",\"dateModified\":\"2026-03-27T12:46:41+00:00\",\"description\":\"We deliver Fuschini furniture with care in Lisbon, Porto & abroad. Learn about delivery options, dispatch methods, and our return & refund policies.\",\"breadcrumb\":{\"@id\":\"https:\/\/fuschini.com\/ordering-shipping\/#breadcrumb\"},\"inLanguage\":\"pt-PT\",\"potentialAction\":[{\"@type\":\"ReadAction\",\"target\":[\"https:\/\/fuschini.com\/ordering-shipping\/\"]}]},{\"@type\":\"BreadcrumbList\",\"@id\":\"https:\/\/fuschini.com\/ordering-shipping\/#breadcrumb\",\"itemListElement\":[{\"@type\":\"ListItem\",\"position\":1,\"name\":\"Home\",\"item\":\"https:\/\/fuschini.com\/\"},{\"@type\":\"ListItem\",\"position\":2,\"name\":\"Ordering &#038; Shipping\"}]},{\"@type\":\"WebSite\",\"@id\":\"https:\/\/fuschini.com\/#website\",\"url\":\"https:\/\/fuschini.com\/\",\"name\":\"Fuschini\",\"description\":\"\",\"potentialAction\":[{\"@type\":\"SearchAction\",\"target\":{\"@type\":\"EntryPoint\",\"urlTemplate\":\"https:\/\/fuschini.com\/?s={search_term_string}\"},\"query-input\":{\"@type\":\"PropertyValueSpecification\",\"valueRequired\":true,\"valueName\":\"search_term_string\"}}],\"inLanguage\":\"pt-PT\"}]}<\/script>\n<!-- \/ Yoast SEO plugin. -->","yoast_head_json":{"title":"Ordering & Shipping | Fuschini","description":"We deliver Fuschini furniture with care in Lisbon, Porto & abroad. Learn about delivery options, dispatch methods, and our return & refund policies.","robots":{"index":"index","follow":"follow","max-snippet":"max-snippet:-1","max-image-preview":"max-image-preview:large","max-video-preview":"max-video-preview:-1"},"canonical":"https:\/\/fuschini.com\/pt\/encomenda-de-transporte\/","og_locale":"pt_PT","og_type":"article","og_title":"Ordering & Shipping | Fuschini","og_description":"We deliver Fuschini furniture with care in Lisbon, Porto & abroad. Learn about delivery options, dispatch methods, and our return & refund policies.","og_url":"https:\/\/fuschini.com\/pt\/encomenda-de-transporte\/","og_site_name":"Fuschini","article_modified_time":"2026-03-27T12:46:41+00:00","twitter_card":"summary_large_image","twitter_misc":{"Tempo estimado de leitura":"5 minutos"},"schema":{"@context":"https:\/\/schema.org","@graph":[{"@type":"WebPage","@id":"https:\/\/fuschini.com\/ordering-shipping\/","url":"https:\/\/fuschini.com\/ordering-shipping\/","name":"Ordering & Shipping | Fuschini","isPartOf":{"@id":"https:\/\/fuschini.com\/#website"},"datePublished":"2025-05-27T15:42:34+00:00","dateModified":"2026-03-27T12:46:41+00:00","description":"We deliver Fuschini furniture with care in Lisbon, Porto & abroad. Learn about delivery options, dispatch methods, and our return & refund policies.","breadcrumb":{"@id":"https:\/\/fuschini.com\/ordering-shipping\/#breadcrumb"},"inLanguage":"pt-PT","potentialAction":[{"@type":"ReadAction","target":["https:\/\/fuschini.com\/ordering-shipping\/"]}]},{"@type":"BreadcrumbList","@id":"https:\/\/fuschini.com\/ordering-shipping\/#breadcrumb","itemListElement":[{"@type":"ListItem","position":1,"name":"Home","item":"https:\/\/fuschini.com\/"},{"@type":"ListItem","position":2,"name":"Ordering &#038; Shipping"}]},{"@type":"WebSite","@id":"https:\/\/fuschini.com\/#website","url":"https:\/\/fuschini.com\/","name":"Fuschini","description":"","potentialAction":[{"@type":"SearchAction","target":{"@type":"EntryPoint","urlTemplate":"https:\/\/fuschini.com\/?s={search_term_string}"},"query-input":{"@type":"PropertyValueSpecification","valueRequired":true,"valueName":"search_term_string"}}],"inLanguage":"pt-PT"}]}},"_links":{"self":[{"href":"https:\/\/fuschini.com\/pt\/wp-json\/wp\/v2\/pages\/1646","targetHints":{"allow":["GET"]}}],"collection":[{"href":"https:\/\/fuschini.com\/pt\/wp-json\/wp\/v2\/pages"}],"about":[{"href":"https:\/\/fuschini.com\/pt\/wp-json\/wp\/v2\/types\/page"}],"author":[{"embeddable":true,"href":"https:\/\/fuschini.com\/pt\/wp-json\/wp\/v2\/users\/1"}],"replies":[{"embeddable":true,"href":"https:\/\/fuschini.com\/pt\/wp-json\/wp\/v2\/comments?post=1646"}],"version-history":[{"count":37,"href":"https:\/\/fuschini.com\/pt\/wp-json\/wp\/v2\/pages\/1646\/revisions"}],"predecessor-version":[{"id":4255,"href":"https:\/\/fuschini.com\/pt\/wp-json\/wp\/v2\/pages\/1646\/revisions\/4255"}],"wp:attachment":[{"href":"https:\/\/fuschini.com\/pt\/wp-json\/wp\/v2\/media?parent=1646"}],"curies":[{"name":"wp","href":"https:\/\/api.w.org\/{rel}","templated":true}]}}